{"id":1484,"date":"2015-11-27T15:25:36","date_gmt":"2015-11-27T14:25:36","guid":{"rendered":"http:\/\/www.ribaudiere.com\/en\/?page_id=1484"},"modified":"2018-05-13T20:37:09","modified_gmt":"2018-05-13T19:37:09","slug":"racing-circuit-2-2","status":"publish","type":"page","link":"https:\/\/www.ribaudiere.com\/en\/holidays-packages-in-the-poitou-charentes\/racing-circuit-2-2\/","title":{"rendered":"Racing circuit"},"content":{"rendered":"<div class=\"wpb-content-wrapper\"><p>[vc_row el_class=&#8221;fond-gris intro-inner&#8221;][vc_column width=&#8221;1\/6&#8243;][\/vc_column][vc_column width=&#8221;2\/3&#8243;][vc_custom_heading text=&#8221;Racing circuit of Val de Vienne&#8221; font_container=&#8221;tag:h1|text_align:center&#8221; use_theme_fonts=&#8221;yes&#8221;][vc_column_text]<\/p>\n<p style=\"text-align: center;\">Located at 1hour from Ch\u00e2teau du Clos de la Ribaudi\u00e8re and famous to be one of the most technical of France,<br \/>\nthe Val de Vienne racing circuit is a place to be as far as mecanical sport is concerned, but this is also a welcoming and convivial place.<\/p>\n<p>[\/vc_column_text][\/vc_column][vc_column width=&#8221;1\/6&#8243;][\/vc_column][\/vc_row][vc_row el_class=&#8221;border-footer&#8221;][vc_column width=&#8221;1\/6&#8243;][\/vc_column][vc_column width=&#8221;2\/6&#8243;][vc_custom_heading text=&#8221;Racing circuit of Val de Vienne &#8211; Le Vigeant&#8221; use_theme_fonts=&#8221;yes&#8221;][vc_column_text el_class=&#8221;contentmargbottom&#8221;]The Val de Vienne racing circuit is famous for its car and motorbike competitions such as Superbike Championship or French Circuit Cup.<\/p>\n<p>Become a pilote by enjoying different tourism days when circuit is opened to people who like thrills. Driving courses are proposed in order to make your visit unforgettable !<\/p>\n<p>CIRCUIT DU VAL DE VIENNE<br \/>\n86150 Le Vigeant<br \/>\nFrance<\/p>\n<p>T\u00e9l. : +33 (0) 549 917\u00a0917<\/p>\n<p><a href=\"http:\/\/www.circuitvaldevienne.com\/\" target=\"_blank\" rel=\"noopener noreferrer\">Click here to visit their website<\/a>[\/vc_column_text][vc_separator color=&#8221;white&#8221; el_class=&#8221;dividerbottommar&#8221;][\/vc_column][vc_column width=&#8221;2\/6&#8243; el_class=&#8221;gallerydiv&#8221;][vc_column_text]<\/p>\n\n\t\t<style type='text\/css'>\n\t\t\t#gallery-1 {\n\t\t\t\tmargin: auto;\n\t\t\t}\n\t\t\t#gallery-1 .gallery-item {\n\t\t\t\tfloat: left;\n\t\t\t\tmargin-top: 10px;\n\t\t\t\ttext-align: center;\n\t\t\t\twidth: 16%;\n\t\t\t}\n\t\t\t#gallery-1 img {\n\t\t\t\tborder: 2px solid #cfcfcf;\n\t\t\t}\n\t\t\t#gallery-1 .gallery-caption {\n\t\t\t\tmargin-left: 0;\n\t\t\t}\n\t\t\t\/* see gallery_shortcode() in wp-includes\/media.php *\/\n\t\t<\/style>\n\t\t<div id='gallery-1' class='gallery galleryid-1484 gallery-columns-6 gallery-size-large'><div class=\"groupgalery\">\n\t\t\t<div class='gallery-icon landscape' style='background:url(https:\/\/www.ribaudiere.com\/wp-content\/uploads\/2017\/03\/circuit_val_vienne_1.jpg);'>\n\t\t\t\t<img loading=\"lazy\" decoding=\"async\" width=\"640\" height=\"426\" src=\"https:\/\/www.ribaudiere.com\/wp-content\/uploads\/2017\/03\/circuit_val_vienne_1.jpg\" class=\"attachment-large size-large\" alt=\"\" srcset=\"https:\/\/www.ribaudiere.com\/wp-content\/uploads\/2017\/03\/circuit_val_vienne_1.jpg 640w, https:\/\/www.ribaudiere.com\/wp-content\/uploads\/2017\/03\/circuit_val_vienne_1-300x200.jpg 300w, https:\/\/www.ribaudiere.com\/wp-content\/uploads\/2017\/03\/circuit_val_vienne_1-600x399.jpg 600w\" sizes=\"auto, (max-width: 640px) 100vw, 640px\" \/>\n\t\t\t<\/div>\n\t\t\t<br style='clear: both' \/><\/div>\n\t\t<\/div>\n\n<p>[\/vc_column_text][\/vc_column][vc_column width=&#8221;1\/6&#8243;][\/vc_column][\/vc_row]<\/p>\n<\/div>","protected":false},"excerpt":{"rendered":"<p>[vc_row el_class=&#8221;fond-gris intro-inner&#8221;][vc_column width=&#8221;1\/6&#8243;][\/vc_column][vc_column width=&#8221;2\/3&#8243;][vc_custom_heading text=&#8221;Racing circuit of Val de Vienne&#8221; font_container=&#8221;tag:h1|text_align:center&#8221; use_theme_fonts=&#8221;yes&#8221;][vc_column_text] Located at 1hour from Ch\u00e2teau du Clos de la Ribaudi\u00e8re and famous to be one of the most technical of France, the Val de Vienne racing circuit is a place to be as far as mecanical sport is concerned, but this is [&hellip;]<\/p>\n","protected":false},"author":1,"featured_media":0,"parent":1456,"menu_order":0,"comment_status":"closed","ping_status":"closed","template":"template-page-detail.php","meta":{"_acf_changed":false,"footnotes":""},"class_list":["post-1484","page","type-page","status-publish","hentry"],"acf":[],"yoast_head":"<!-- This site is optimized with the Yoast SEO plugin v25.7 - https:\/\/yoast.com\/wordpress\/plugins\/seo\/ -->\n<title>Racing circuit - Le Clos de la Ribaudi\u00e8re<\/title>\n<meta name=\"description\" content=\"D\u00e9couvrez le patrimoine architectural de Poitiers gr\u00e2ce au Clos de la Ribaudi\u00e8re : Notre-Dame-la-Grande, le palais de justice, le baptist\u00e8re Saint-Jean...\" \/>\n<meta name=\"robots\" content=\"index, follow, max-snippet:-1, max-image-preview:large, max-video-preview:-1\" \/>\n<link rel=\"canonical\" href=\"https:\/\/www.ribaudiere.com\/en\/holidays-packages-in-the-poitou-charentes\/racing-circuit-2-2\/\" \/>\n<meta property=\"og:locale\" content=\"en_US\" \/>\n<meta property=\"og:type\" content=\"article\" \/>\n<meta property=\"og:title\" content=\"Racing circuit - Le Clos de la Ribaudi\u00e8re\" \/>\n<meta property=\"og:description\" content=\"D\u00e9couvrez le patrimoine architectural de Poitiers gr\u00e2ce au Clos de la Ribaudi\u00e8re : Notre-Dame-la-Grande, le palais de justice, le baptist\u00e8re Saint-Jean...\" \/>\n<meta property=\"og:url\" content=\"https:\/\/www.ribaudiere.com\/en\/holidays-packages-in-the-poitou-charentes\/racing-circuit-2-2\/\" \/>\n<meta property=\"og:site_name\" content=\"Le Clos de la Ribaudi\u00e8re\" \/>\n<meta property=\"article:modified_time\" content=\"2018-05-13T19:37:09+00:00\" \/>\n<meta property=\"og:image\" content=\"https:\/\/www.ribaudiere.com\/wp-content\/uploads\/2017\/03\/circuit_val_vienne_1.jpg\" \/>\n<meta name=\"twitter:card\" content=\"summary_large_image\" \/>\n<meta name=\"twitter:label1\" content=\"Est. reading time\" \/>\n\t<meta name=\"twitter:data1\" content=\"1 minute\" \/>\n<script type=\"application\/ld+json\" class=\"yoast-schema-graph\">{\"@context\":\"https:\/\/schema.org\",\"@graph\":[{\"@type\":\"WebPage\",\"@id\":\"https:\/\/www.ribaudiere.com\/en\/holidays-packages-in-the-poitou-charentes\/racing-circuit-2-2\/\",\"url\":\"https:\/\/www.ribaudiere.com\/en\/holidays-packages-in-the-poitou-charentes\/racing-circuit-2-2\/\",\"name\":\"Racing circuit - Le Clos de la Ribaudi\u00e8re\",\"isPartOf\":{\"@id\":\"https:\/\/www.ribaudiere.com\/#website\"},\"datePublished\":\"2015-11-27T14:25:36+00:00\",\"dateModified\":\"2018-05-13T19:37:09+00:00\",\"description\":\"D\u00e9couvrez le patrimoine architectural de Poitiers gr\u00e2ce au Clos de la Ribaudi\u00e8re : Notre-Dame-la-Grande, le palais de justice, le baptist\u00e8re Saint-Jean...\",\"breadcrumb\":{\"@id\":\"https:\/\/www.ribaudiere.com\/en\/holidays-packages-in-the-poitou-charentes\/racing-circuit-2-2\/#breadcrumb\"},\"inLanguage\":\"en-US\",\"potentialAction\":[{\"@type\":\"ReadAction\",\"target\":[\"https:\/\/www.ribaudiere.com\/en\/holidays-packages-in-the-poitou-charentes\/racing-circuit-2-2\/\"]}]},{\"@type\":\"BreadcrumbList\",\"@id\":\"https:\/\/www.ribaudiere.com\/en\/holidays-packages-in-the-poitou-charentes\/racing-circuit-2-2\/#breadcrumb\",\"itemListElement\":[{\"@type\":\"ListItem\",\"position\":1,\"name\":\"Accueil\",\"item\":\"https:\/\/www.ribaudiere.com\/en\/\"},{\"@type\":\"ListItem\",\"position\":2,\"name\":\"To Discover\",\"item\":\"https:\/\/www.ribaudiere.com\/en\/holidays-packages-in-the-poitou-charentes\/\"},{\"@type\":\"ListItem\",\"position\":3,\"name\":\"Racing circuit\"}]},{\"@type\":\"WebSite\",\"@id\":\"https:\/\/www.ribaudiere.com\/#website\",\"url\":\"https:\/\/www.ribaudiere.com\/\",\"name\":\"Le Clos de la Ribaudi\u00e8re\",\"description\":\"Un site utilisant WordPress\",\"potentialAction\":[{\"@type\":\"SearchAction\",\"target\":{\"@type\":\"EntryPoint\",\"urlTemplate\":\"https:\/\/www.ribaudiere.com\/?s={search_term_string}\"},\"query-input\":{\"@type\":\"PropertyValueSpecification\",\"valueRequired\":true,\"valueName\":\"search_term_string\"}}],\"inLanguage\":\"en-US\"}]}<\/script>\n<!-- \/ Yoast SEO plugin. -->","yoast_head_json":{"title":"Racing circuit - Le Clos de la Ribaudi\u00e8re","description":"D\u00e9couvrez le patrimoine architectural de Poitiers gr\u00e2ce au Clos de la Ribaudi\u00e8re : Notre-Dame-la-Grande, le palais de justice, le baptist\u00e8re Saint-Jean...","robots":{"index":"index","follow":"follow","max-snippet":"max-snippet:-1","max-image-preview":"max-image-preview:large","max-video-preview":"max-video-preview:-1"},"canonical":"https:\/\/www.ribaudiere.com\/en\/holidays-packages-in-the-poitou-charentes\/racing-circuit-2-2\/","og_locale":"en_US","og_type":"article","og_title":"Racing circuit - Le Clos de la Ribaudi\u00e8re","og_description":"D\u00e9couvrez le patrimoine architectural de Poitiers gr\u00e2ce au Clos de la Ribaudi\u00e8re : Notre-Dame-la-Grande, le palais de justice, le baptist\u00e8re Saint-Jean...","og_url":"https:\/\/www.ribaudiere.com\/en\/holidays-packages-in-the-poitou-charentes\/racing-circuit-2-2\/","og_site_name":"Le Clos de la Ribaudi\u00e8re","article_modified_time":"2018-05-13T19:37:09+00:00","og_image":[{"url":"https:\/\/www.ribaudiere.com\/wp-content\/uploads\/2017\/03\/circuit_val_vienne_1.jpg","type":"","width":"","height":""}],"twitter_card":"summary_large_image","twitter_misc":{"Est. reading time":"1 minute"},"schema":{"@context":"https:\/\/schema.org","@graph":[{"@type":"WebPage","@id":"https:\/\/www.ribaudiere.com\/en\/holidays-packages-in-the-poitou-charentes\/racing-circuit-2-2\/","url":"https:\/\/www.ribaudiere.com\/en\/holidays-packages-in-the-poitou-charentes\/racing-circuit-2-2\/","name":"Racing circuit - Le Clos de la Ribaudi\u00e8re","isPartOf":{"@id":"https:\/\/www.ribaudiere.com\/#website"},"datePublished":"2015-11-27T14:25:36+00:00","dateModified":"2018-05-13T19:37:09+00:00","description":"D\u00e9couvrez le patrimoine architectural de Poitiers gr\u00e2ce au Clos de la Ribaudi\u00e8re : Notre-Dame-la-Grande, le palais de justice, le baptist\u00e8re Saint-Jean...","breadcrumb":{"@id":"https:\/\/www.ribaudiere.com\/en\/holidays-packages-in-the-poitou-charentes\/racing-circuit-2-2\/#breadcrumb"},"inLanguage":"en-US","potentialAction":[{"@type":"ReadAction","target":["https:\/\/www.ribaudiere.com\/en\/holidays-packages-in-the-poitou-charentes\/racing-circuit-2-2\/"]}]},{"@type":"BreadcrumbList","@id":"https:\/\/www.ribaudiere.com\/en\/holidays-packages-in-the-poitou-charentes\/racing-circuit-2-2\/#breadcrumb","itemListElement":[{"@type":"ListItem","position":1,"name":"Accueil","item":"https:\/\/www.ribaudiere.com\/en\/"},{"@type":"ListItem","position":2,"name":"To Discover","item":"https:\/\/www.ribaudiere.com\/en\/holidays-packages-in-the-poitou-charentes\/"},{"@type":"ListItem","position":3,"name":"Racing circuit"}]},{"@type":"WebSite","@id":"https:\/\/www.ribaudiere.com\/#website","url":"https:\/\/www.ribaudiere.com\/","name":"Le Clos de la Ribaudi\u00e8re","description":"Un site utilisant WordPress","potentialAction":[{"@type":"SearchAction","target":{"@type":"EntryPoint","urlTemplate":"https:\/\/www.ribaudiere.com\/?s={search_term_string}"},"query-input":{"@type":"PropertyValueSpecification","valueRequired":true,"valueName":"search_term_string"}}],"inLanguage":"en-US"}]}},"_links":{"self":[{"href":"https:\/\/www.ribaudiere.com\/en\/wp-json\/wp\/v2\/pages\/1484","targetHints":{"allow":["GET"]}}],"collection":[{"href":"https:\/\/www.ribaudiere.com\/en\/wp-json\/wp\/v2\/pages"}],"about":[{"href":"https:\/\/www.ribaudiere.com\/en\/wp-json\/wp\/v2\/types\/page"}],"author":[{"embeddable":true,"href":"https:\/\/www.ribaudiere.com\/en\/wp-json\/wp\/v2\/users\/1"}],"replies":[{"embeddable":true,"href":"https:\/\/www.ribaudiere.com\/en\/wp-json\/wp\/v2\/comments?post=1484"}],"version-history":[{"count":21,"href":"https:\/\/www.ribaudiere.com\/en\/wp-json\/wp\/v2\/pages\/1484\/revisions"}],"predecessor-version":[{"id":8222,"href":"https:\/\/www.ribaudiere.com\/en\/wp-json\/wp\/v2\/pages\/1484\/revisions\/8222"}],"up":[{"embeddable":true,"href":"https:\/\/www.ribaudiere.com\/en\/wp-json\/wp\/v2\/pages\/1456"}],"wp:attachment":[{"href":"https:\/\/www.ribaudiere.com\/en\/wp-json\/wp\/v2\/media?parent=1484"}],"curies":[{"name":"wp","href":"https:\/\/api.w.org\/{rel}","templated":true}]}}