{"id":1816,"date":"2016-01-22T14:21:49","date_gmt":"2016-01-22T13:21:49","guid":{"rendered":"http:\/\/www.ribaudiere.com\/en\/mentions-legales\/"},"modified":"2018-11-22T16:55:45","modified_gmt":"2018-11-22T15:55:45","slug":"legal-notice","status":"publish","type":"page","link":"https:\/\/www.ribaudiere.com\/en\/legal-notice\/","title":{"rendered":"Legal Notice"},"content":{"rendered":"<div class=\"wpb-content-wrapper\"><p>[vc_row el_class=&#8221;fond-gris intro-inner&#8221;][vc_column width=&#8221;1\/6&#8243;][\/vc_column][vc_column width=&#8221;2\/3&#8243;][vc_custom_heading text=&#8221;Legal Notice&#8221; font_container=&#8221;tag:h1|text_align:center&#8221; use_theme_fonts=&#8221;yes&#8221;][\/vc_column][vc_column width=&#8221;1\/6&#8243;][\/vc_column][\/vc_row][vc_row css=&#8221;.vc_custom_1542902141065{padding-top: 30px !important;padding-right: 30px !important;padding-bottom: 30px !important;padding-left: 30px !important;}&#8221; el_class=&#8221;dark-links&#8221;][vc_column width=&#8221;1\/4&#8243;][vc_column_text]<\/p>\n<h3>Publisher<\/h3>\n<p><p><strong>Le Clos de la Ribaudi\u00e8re<\/strong><br \/>\n10 Rue du Champ de Foire<br \/>\n86 360 Chasseneuil du Poitou<\/p>\n<p>T\u00e9l. : 05 49 52 86 66<\/p>\n<p>S.A.S. Au capital de 100 000 \u20ac<br \/>\nN\u00b0 SIRET : 34205747800014<br \/>\nCode APE : 5510Z<br \/>\nTVA intracommunautaire FR 37 342 057 478<\/p>\n<p><a href=\"http:\/\/www.ribaudiere.com\/contact\/\">contact<\/a><\/p>\n[\/vc_column_text][\/vc_column][vc_column width=&#8221;1\/4&#8243;][vc_column_text]<\/p>\n<h3>Realization<\/h3>\n<p><p><strong>Agence SBA<\/strong><br \/>\nT\u00e9l\u00e9port 1 - @robase 1<br \/>\nAvenue du Futuroscope<br \/>\n86360 Chasseneuil-du-Poitou<\/p>\n<p>SAS au capital de 100 000 \u20ac<br \/>\nRCS Poitiers 798 664 967<br \/>\nN\u00b0 SIRET : 798 664 967 00014<br \/>\nTVA intracommunautaire :<br \/>\nFR47 798 664 967<\/p>\n<p>T\u00e9l. : 05 49 49 49 50<br \/>\nFax : 05 49 49 46 48<\/p>\n<p><a title=\"Envoyer un e-mail\" href=\"\/\/www.agence-sba.com\/contactez-nous\" target=\"_blank\" rel=\"noopener\">contact<\/a><br \/>\n<a title=\"Consulter le site Internet\" href=\"\/\/www.agence-sba.com\" target=\"_blank\" rel=\"noopener\">site Internet<\/a><\/p>\n[\/vc_column_text][\/vc_column][vc_column width=&#8221;1\/4&#8243;][vc_column_text]<\/p>\n<h3>Hosting<\/h3>\n<p><p><strong>Datacampus<\/strong><br \/>\n27 avenue rene cassin<br \/>\n86360 Chasseneuil Futuroscope<\/p>\n<p>T\u00e9l. : 05 49 76 79 20<\/p>\n<p><a title=\"Envoyer un e-mail\" href=\"https:\/\/www.datacampus.fr\/contact\" target=\"_blank\" rel=\"noopener\">contact<\/a><\/p>\n[\/vc_column_text][\/vc_column][vc_column width=&#8221;1\/4&#8243;][vc_column_text]<\/p>\n<h3>Publication director<\/h3>\n<p><strong>M. Emmanuel Lortholary<\/strong><\/p>\n<p>Le Clos de la Ribaudi\u00e8re<br \/>\n10 Rue du Champ de Foire<br \/>\n86 360 Chasseneuil du Poitou<\/p>\n<p>T\u00e9l. : 05 49 52 86 66<\/p>\n\n<h3>Data treatment supervisor<\/h3>\n<p><strong>M. Emmanuel Lortholary<\/strong><\/p>\n<p>Le Clos de la Ribaudi\u00e8re<br \/>\n10 Rue du Champ de Foire<br \/>\n86 360 Chasseneuil du Poitou<\/p>\n<p>T\u00e9l. : 05 49 52 86 66<\/p>\n\n<h3>Images\u00a0Copyrights<\/h3>\n<p>www.ribaudiere.com\/en\/[\/vc_column_text][\/vc_column][\/vc_row][vc_row el_class=&#8221;dark-links&#8221;][vc_column][vc_column_text]<\/p>\n<hr \/>\n<p style=\"text-align: center;\">see our <a href=\"http:\/\/www.ribaudiere.com\/en\/privacy-policy\/\">privacy policy<\/a><\/p>\n<p>[\/vc_column_text][vc_empty_space][\/vc_column][\/vc_row]<\/p>\n<\/div>","protected":false},"excerpt":{"rendered":"<p>[vc_row el_class=&#8221;fond-gris intro-inner&#8221;][vc_column width=&#8221;1\/6&#8243;][\/vc_column][vc_column width=&#8221;2\/3&#8243;][vc_custom_heading text=&#8221;Legal Notice&#8221; font_container=&#8221;tag:h1|text_align:center&#8221; use_theme_fonts=&#8221;yes&#8221;][\/vc_column][vc_column width=&#8221;1\/6&#8243;][\/vc_column][\/vc_row][vc_row css=&#8221;.vc_custom_1542902141065{padding-top: 30px !important;padding-right: 30px !important;padding-bottom: 30px !important;padding-left: 30px !important;}&#8221; el_class=&#8221;dark-links&#8221;][vc_column width=&#8221;1\/4&#8243;][vc_column_text] Publisher [\/vc_column_text][\/vc_column][vc_column width=&#8221;1\/4&#8243;][vc_column_text] Realization [\/vc_column_text][\/vc_column][vc_column width=&#8221;1\/4&#8243;][vc_column_text] Hosting [\/vc_column_text][\/vc_column][vc_column width=&#8221;1\/4&#8243;][vc_column_text] Publication director Data treatment supervisor Images\u00a0Copyrights [\/vc_column_text][\/vc_column][\/vc_row][vc_row el_class=&#8221;dark-links&#8221;][vc_column][vc_column_text] see our privacy policy [\/vc_column_text][vc_empty_space][\/vc_column][\/vc_row]<\/p>\n","protected":false},"author":1,"featured_media":0,"parent":0,"menu_order":0,"comment_status":"closed","ping_status":"closed","template":"template-page-detail.php","meta":{"_acf_changed":false,"footnotes":""},"class_list":["post-1816","page","type-page","status-publish","hentry"],"acf":[],"yoast_head":"<!-- This site is optimized with the Yoast SEO plugin v25.7 - https:\/\/yoast.com\/wordpress\/plugins\/seo\/ -->\n<title>Legal Notice - Le Clos de la Ribaudi\u00e8re<\/title>\n<meta name=\"description\" content=\"Le Clos de la Ribaudi\u00e8re vous invite \u00e0 prolonger votre s\u00e9jour : des Ch\u00e2teaux de la Loire \u00e0 La Rochelle, en passant par le Puy du Fou ou le Marais Poitevin.\" \/>\n<meta name=\"robots\" content=\"index, follow, max-snippet:-1, max-image-preview:large, max-video-preview:-1\" \/>\n<link rel=\"canonical\" href=\"https:\/\/www.ribaudiere.com\/en\/legal-notice\/\" \/>\n<meta property=\"og:locale\" content=\"en_US\" \/>\n<meta property=\"og:type\" content=\"article\" \/>\n<meta property=\"og:title\" content=\"Legal Notice - Le Clos de la Ribaudi\u00e8re\" \/>\n<meta property=\"og:description\" content=\"Le Clos de la Ribaudi\u00e8re vous invite \u00e0 prolonger votre s\u00e9jour : des Ch\u00e2teaux de la Loire \u00e0 La Rochelle, en passant par le Puy du Fou ou le Marais Poitevin.\" \/>\n<meta property=\"og:url\" content=\"https:\/\/www.ribaudiere.com\/en\/legal-notice\/\" \/>\n<meta property=\"og:site_name\" content=\"Le Clos de la Ribaudi\u00e8re\" \/>\n<meta property=\"article:modified_time\" content=\"2018-11-22T15:55:45+00:00\" \/>\n<meta name=\"twitter:card\" content=\"summary_large_image\" \/>\n<meta name=\"twitter:label1\" content=\"Est. reading time\" \/>\n\t<meta name=\"twitter:data1\" content=\"1 minute\" \/>\n<script type=\"application\/ld+json\" class=\"yoast-schema-graph\">{\"@context\":\"https:\/\/schema.org\",\"@graph\":[{\"@type\":\"WebPage\",\"@id\":\"https:\/\/www.ribaudiere.com\/en\/legal-notice\/\",\"url\":\"https:\/\/www.ribaudiere.com\/en\/legal-notice\/\",\"name\":\"Legal Notice - Le Clos de la Ribaudi\u00e8re\",\"isPartOf\":{\"@id\":\"https:\/\/www.ribaudiere.com\/#website\"},\"datePublished\":\"2016-01-22T13:21:49+00:00\",\"dateModified\":\"2018-11-22T15:55:45+00:00\",\"description\":\"Le Clos de la Ribaudi\u00e8re vous invite \u00e0 prolonger votre s\u00e9jour : des Ch\u00e2teaux de la Loire \u00e0 La Rochelle, en passant par le Puy du Fou ou le Marais Poitevin.\",\"breadcrumb\":{\"@id\":\"https:\/\/www.ribaudiere.com\/en\/legal-notice\/#breadcrumb\"},\"inLanguage\":\"en-US\",\"potentialAction\":[{\"@type\":\"ReadAction\",\"target\":[\"https:\/\/www.ribaudiere.com\/en\/legal-notice\/\"]}]},{\"@type\":\"BreadcrumbList\",\"@id\":\"https:\/\/www.ribaudiere.com\/en\/legal-notice\/#breadcrumb\",\"itemListElement\":[{\"@type\":\"ListItem\",\"position\":1,\"name\":\"Accueil\",\"item\":\"https:\/\/www.ribaudiere.com\/en\/\"},{\"@type\":\"ListItem\",\"position\":2,\"name\":\"Legal Notice\"}]},{\"@type\":\"WebSite\",\"@id\":\"https:\/\/www.ribaudiere.com\/#website\",\"url\":\"https:\/\/www.ribaudiere.com\/\",\"name\":\"Le Clos de la Ribaudi\u00e8re\",\"description\":\"Un site utilisant WordPress\",\"potentialAction\":[{\"@type\":\"SearchAction\",\"target\":{\"@type\":\"EntryPoint\",\"urlTemplate\":\"https:\/\/www.ribaudiere.com\/?s={search_term_string}\"},\"query-input\":{\"@type\":\"PropertyValueSpecification\",\"valueRequired\":true,\"valueName\":\"search_term_string\"}}],\"inLanguage\":\"en-US\"}]}<\/script>\n<!-- \/ Yoast SEO plugin. -->","yoast_head_json":{"title":"Legal Notice - Le Clos de la Ribaudi\u00e8re","description":"Le Clos de la Ribaudi\u00e8re vous invite \u00e0 prolonger votre s\u00e9jour : des Ch\u00e2teaux de la Loire \u00e0 La Rochelle, en passant par le Puy du Fou ou le Marais Poitevin.","robots":{"index":"index","follow":"follow","max-snippet":"max-snippet:-1","max-image-preview":"max-image-preview:large","max-video-preview":"max-video-preview:-1"},"canonical":"https:\/\/www.ribaudiere.com\/en\/legal-notice\/","og_locale":"en_US","og_type":"article","og_title":"Legal Notice - Le Clos de la Ribaudi\u00e8re","og_description":"Le Clos de la Ribaudi\u00e8re vous invite \u00e0 prolonger votre s\u00e9jour : des Ch\u00e2teaux de la Loire \u00e0 La Rochelle, en passant par le Puy du Fou ou le Marais Poitevin.","og_url":"https:\/\/www.ribaudiere.com\/en\/legal-notice\/","og_site_name":"Le Clos de la Ribaudi\u00e8re","article_modified_time":"2018-11-22T15:55:45+00:00","twitter_card":"summary_large_image","twitter_misc":{"Est. reading time":"1 minute"},"schema":{"@context":"https:\/\/schema.org","@graph":[{"@type":"WebPage","@id":"https:\/\/www.ribaudiere.com\/en\/legal-notice\/","url":"https:\/\/www.ribaudiere.com\/en\/legal-notice\/","name":"Legal Notice - Le Clos de la Ribaudi\u00e8re","isPartOf":{"@id":"https:\/\/www.ribaudiere.com\/#website"},"datePublished":"2016-01-22T13:21:49+00:00","dateModified":"2018-11-22T15:55:45+00:00","description":"Le Clos de la Ribaudi\u00e8re vous invite \u00e0 prolonger votre s\u00e9jour : des Ch\u00e2teaux de la Loire \u00e0 La Rochelle, en passant par le Puy du Fou ou le Marais Poitevin.","breadcrumb":{"@id":"https:\/\/www.ribaudiere.com\/en\/legal-notice\/#breadcrumb"},"inLanguage":"en-US","potentialAction":[{"@type":"ReadAction","target":["https:\/\/www.ribaudiere.com\/en\/legal-notice\/"]}]},{"@type":"BreadcrumbList","@id":"https:\/\/www.ribaudiere.com\/en\/legal-notice\/#breadcrumb","itemListElement":[{"@type":"ListItem","position":1,"name":"Accueil","item":"https:\/\/www.ribaudiere.com\/en\/"},{"@type":"ListItem","position":2,"name":"Legal Notice"}]},{"@type":"WebSite","@id":"https:\/\/www.ribaudiere.com\/#website","url":"https:\/\/www.ribaudiere.com\/","name":"Le Clos de la Ribaudi\u00e8re","description":"Un site utilisant WordPress","potentialAction":[{"@type":"SearchAction","target":{"@type":"EntryPoint","urlTemplate":"https:\/\/www.ribaudiere.com\/?s={search_term_string}"},"query-input":{"@type":"PropertyValueSpecification","valueRequired":true,"valueName":"search_term_string"}}],"inLanguage":"en-US"}]}},"_links":{"self":[{"href":"https:\/\/www.ribaudiere.com\/en\/wp-json\/wp\/v2\/pages\/1816","targetHints":{"allow":["GET"]}}],"collection":[{"href":"https:\/\/www.ribaudiere.com\/en\/wp-json\/wp\/v2\/pages"}],"about":[{"href":"https:\/\/www.ribaudiere.com\/en\/wp-json\/wp\/v2\/types\/page"}],"author":[{"embeddable":true,"href":"https:\/\/www.ribaudiere.com\/en\/wp-json\/wp\/v2\/users\/1"}],"replies":[{"embeddable":true,"href":"https:\/\/www.ribaudiere.com\/en\/wp-json\/wp\/v2\/comments?post=1816"}],"version-history":[{"count":5,"href":"https:\/\/www.ribaudiere.com\/en\/wp-json\/wp\/v2\/pages\/1816\/revisions"}],"predecessor-version":[{"id":10518,"href":"https:\/\/www.ribaudiere.com\/en\/wp-json\/wp\/v2\/pages\/1816\/revisions\/10518"}],"wp:attachment":[{"href":"https:\/\/www.ribaudiere.com\/en\/wp-json\/wp\/v2\/media?parent=1816"}],"curies":[{"name":"wp","href":"https:\/\/api.w.org\/{rel}","templated":true}]}}