{"id":7739,"date":"2018-04-26T19:44:25","date_gmt":"2018-04-26T18:44:25","guid":{"rendered":"http:\/\/www.ribaudiere.com\/?page_id=7739\/"},"modified":"2020-03-01T23:43:44","modified_gmt":"2020-03-01T22:43:44","slug":"extend-your-stay","status":"publish","type":"page","link":"https:\/\/www.ribaudiere.com\/en\/holidays-packages-in-the-poitou-charentes\/extend-your-stay\/","title":{"rendered":"Extend your stay"},"content":{"rendered":"<div class=\"wpb-content-wrapper\"><p>[vc_row el_class=&#8221;fond-gris intro-inner&#8221;][vc_column width=&#8221;1\/6&#8243;][\/vc_column][vc_column width=&#8221;2\/3&#8243;][vc_custom_heading text=&#8221;Extend your stay&#8221; font_container=&#8221;tag:h1|text_align:center&#8221; use_theme_fonts=&#8221;yes&#8221;][vc_column_text]<\/p>\n<p style=\"text-align: center;\">From Castles of the Loire to La Rochelle, via Puy du Fou or the Marais Poitevin, the Clos de la Ribaudi\u00e8re invites you to extend your stay, thanks to its privileged location.<\/p>\n<p>[\/vc_column_text][\/vc_column][vc_column width=&#8221;1\/6&#8243;][\/vc_column][\/vc_row][vc_row el_class=&#8221;border-footer&#8221;][vc_column width=&#8221;1\/6&#8243;][\/vc_column][vc_column width=&#8221;2\/6&#8243;][vc_custom_heading text=&#8221;Center Parcs&#8221; use_theme_fonts=&#8221;yes&#8221;][vc_column_text el_class=&#8221;contentmargbottom&#8221;]Take advantage of the nature and recreational activities offered by the most recent Center Parcs, the Domain of Le Bois aux Daims, near Loudun, only 1 hour from the Clos de la Ribaudi\u00e8re <strong><span id=\"result_box\" class=\"\" lang=\"en\" tabindex=\"-1\"><br \/>\n<\/span><\/strong><span id=\"result_box\" class=\"\" lang=\"en\" tabindex=\"-1\"><\/span><span id=\"result_box\" class=\"\" lang=\"en\" tabindex=\"-1\"><span class=\"\">&#8211; 260 hectares of unspoilt nature where cranes, wild boars, deer and many other animals can be found<\/span><br \/>\n<span class=\"\">&#8211; An unprecedented experience: the Cenote Pool, a pool where you swim while watching fish in the middle of corals<\/span><br \/>\n<span class=\"\">&#8211; The Deep Nature Spa: 1,300m\u00b2 of well-being with Bio Sauna, Laconium, Hammam, Aromatherapy Bath and Sensory Showers<\/span><br \/>\n&#8211; unusual accommodations hanging in the trees<\/span>[\/vc_column_text][vc_separator color=&#8221;white&#8221; el_class=&#8221;dividerbottommar&#8221;][\/vc_column][vc_column width=&#8221;2\/6&#8243; el_class=&#8221;gallerydiv&#8221;][vc_video link=&#8221;https:\/\/youtu.be\/9o3v33ATg60&#8243;][\/vc_column][vc_column width=&#8221;1\/6&#8243;][\/vc_column][\/vc_row][vc_row el_class=&#8221;border-footer&#8221;][vc_column width=&#8221;1\/6&#8243;][\/vc_column][vc_column width=&#8221;2\/6&#8243;][vc_custom_heading text=&#8221;Marais Poitevin&#8221; use_theme_fonts=&#8221;yes&#8221;][vc_column_text el_class=&#8221;contentmargbottom&#8221;]At just more than one hour from the Clos de la Ribaudi\u00e8re, the Marais Poitevin is an ode to silence and nature. <span id=\"result_box\" class=\"\" lang=\"en\"><span class=\"\">This amazing territory for its ecological riches, its fauna, its flora and its cultural heritage and landscape deserves that we take the time to discover it <\/span><\/span>by foot, on a bicycle or by boat.[\/vc_column_text][vc_separator color=&#8221;white&#8221; el_class=&#8221;dividerbottommar&#8221;][\/vc_column][vc_column width=&#8221;2\/6&#8243; el_class=&#8221;gallerydiv&#8221;][vc_column_text]<\/p>\n\n\t\t<style type='text\/css'>\n\t\t\t#gallery-1 {\n\t\t\t\tmargin: auto;\n\t\t\t}\n\t\t\t#gallery-1 .gallery-item {\n\t\t\t\tfloat: left;\n\t\t\t\tmargin-top: 10px;\n\t\t\t\ttext-align: center;\n\t\t\t\twidth: 16%;\n\t\t\t}\n\t\t\t#gallery-1 img {\n\t\t\t\tborder: 2px solid #cfcfcf;\n\t\t\t}\n\t\t\t#gallery-1 .gallery-caption {\n\t\t\t\tmargin-left: 0;\n\t\t\t}\n\t\t\t\/* see gallery_shortcode() in wp-includes\/media.php *\/\n\t\t<\/style>\n\t\t<div id='gallery-1' class='gallery galleryid-7739 gallery-columns-6 gallery-size-large'><div class=\"groupgalery\">\n\t\t\t<div class='gallery-icon landscape' style='background:url(https:\/\/www.ribaudiere.com\/wp-content\/uploads\/2016\/01\/3-MaraisPoitevin-1024x783.jpg);'>\n\t\t\t\t<img loading=\"lazy\" decoding=\"async\" width=\"1024\" height=\"783\" src=\"https:\/\/www.ribaudiere.com\/wp-content\/uploads\/2016\/01\/3-MaraisPoitevin-1024x783.jpg\" class=\"attachment-large size-large\" alt=\"\" srcset=\"https:\/\/www.ribaudiere.com\/wp-content\/uploads\/2016\/01\/3-MaraisPoitevin-1024x783.jpg 1024w, https:\/\/www.ribaudiere.com\/wp-content\/uploads\/2016\/01\/3-MaraisPoitevin-300x229.jpg 300w, https:\/\/www.ribaudiere.com\/wp-content\/uploads\/2016\/01\/3-MaraisPoitevin-600x459.jpg 600w, https:\/\/www.ribaudiere.com\/wp-content\/uploads\/2016\/01\/3-MaraisPoitevin.jpg 1340w\" sizes=\"auto, (max-width: 1024px) 100vw, 1024px\" \/>\n\t\t\t<\/div>\n\t\t\t<br style='clear: both' \/><\/div>\n\t\t<\/div>\n\n<p>[\/vc_column_text][\/vc_column][vc_column width=&#8221;1\/6&#8243;][\/vc_column][\/vc_row][vc_row el_class=&#8221;border-footer&#8221;][vc_column width=&#8221;1\/6&#8243;][\/vc_column][vc_column width=&#8221;2\/6&#8243;][vc_custom_heading text=&#8221;La Rochelle&#8221; use_theme_fonts=&#8221;yes&#8221;][vc_column_text el_class=&#8221;contentmargbottom&#8221;]Visit the famous city of La Rochelle!<\/p>\n<p><span id=\"result_box\" class=\"\" lang=\"en\"><span title=\"Situ\u00e9 \u00e0 1h30 du Clos, la Rochelle, cit\u00e9 mill\u00e9naire r\u00e9solument tourn\u00e9e vers l\u2019avenir, est une ville belle et g\u00e9n\u00e9reuse qui conjugue la pr\u00e9servation d\u2019un patrimoine naturel et architectural exceptionnel. \">Located 1h30 from the Clos, La Rochelle, millennial city resolutely turned towards the future, is a beautiful and generous city that combines the preservation of an exceptional natural and architectural heritage. Heart<\/span><span title=\"Capitale de la Charente-Maritime, elle compte parmi les villes les plus attractives et les plus dynamiques de France. \"> of Charente-Maritime, it is one of the most attractive and dynamic cities in France. <\/span><span title=\"Nich\u00e9e au c\u0153ur de la fa\u00e7ade Atlantique, elle a su faire de son ancrage maritime un formidable atout de d\u00e9veloppement \u00e9conomique, touristique et culturel. \">Nestled in the heart of the Atlantic coast, it has made its maritime anchorage a great asset for economic development, tourism and culture.<\/span><\/span><\/p>\n<p><span title=\"Ville dynamique, accueillante et vivante, La Rochelle saura vous s\u00e9duire, pour quelques heures ou quelques jours, par son caract\u00e8re maritime et patrimonial.\">Dynamic, welcoming and lively city, La Rochelle will seduce you, for a few hours or days, by its maritime and heritage character. <\/span><span title=\"Promenez-vous sur le Vieux Port, admirez les majestueuses tours, gardiennes de la Cit\u00e9, mais \u00e9galement ses \u00e9glises, ses rues secr\u00e8tes bord\u00e9es d'arcades, ses vieilles maisons de bois ou aristocratiques, ses h\u00f4tels particuliers qui vous feront revivre une Histoire passionnante\u2026\">Stroll on the Old Port, admire the majestic towers, guardians of the City, but also its churches, its secret streets lined with arcades, its old wooden or aristocratic houses, its mansions which will make you relive an Exciting History&#8230; <\/span><span title=\"Avant de partir, plongez dans les profondeurs et explorez le monde marin de l'Aquarium de la Rochelle !\">Before leaving, dive into the depths and explore the marine world of La Rochelle Aquarium!<\/span>[\/vc_column_text][vc_separator color=&#8221;white&#8221; el_class=&#8221;dividerbottommar&#8221;][\/vc_column][vc_column width=&#8221;2\/6&#8243; el_class=&#8221;gallerydiv&#8221;][vc_column_text]<\/p>\n\n\t\t<style type='text\/css'>\n\t\t\t#gallery-2 {\n\t\t\t\tmargin: auto;\n\t\t\t}\n\t\t\t#gallery-2 .gallery-item {\n\t\t\t\tfloat: left;\n\t\t\t\tmargin-top: 10px;\n\t\t\t\ttext-align: center;\n\t\t\t\twidth: 16%;\n\t\t\t}\n\t\t\t#gallery-2 img {\n\t\t\t\tborder: 2px solid #cfcfcf;\n\t\t\t}\n\t\t\t#gallery-2 .gallery-caption {\n\t\t\t\tmargin-left: 0;\n\t\t\t}\n\t\t\t\/* see gallery_shortcode() in wp-includes\/media.php *\/\n\t\t<\/style>\n\t\t<div id='gallery-2' class='gallery galleryid-7739 gallery-columns-6 gallery-size-large'><div class=\"groupgalery\">\n\t\t\t<div class='gallery-icon landscape' style='background:url(https:\/\/www.ribaudiere.com\/wp-content\/uploads\/2018\/04\/la-rochelle.jpg);'>\n\t\t\t\t<img loading=\"lazy\" decoding=\"async\" width=\"830\" height=\"554\" src=\"https:\/\/www.ribaudiere.com\/wp-content\/uploads\/2018\/04\/la-rochelle.jpg\" class=\"attachment-large size-large\" alt=\"\" aria-describedby=\"gallery-2-7748\" srcset=\"https:\/\/www.ribaudiere.com\/wp-content\/uploads\/2018\/04\/la-rochelle.jpg 830w, https:\/\/www.ribaudiere.com\/wp-content\/uploads\/2018\/04\/la-rochelle-300x200.jpg 300w, https:\/\/www.ribaudiere.com\/wp-content\/uploads\/2018\/04\/la-rochelle-600x400.jpg 600w\" sizes=\"auto, (max-width: 830px) 100vw, 830px\" \/>\n\t\t\t<\/div>\n\t\t\t<br style='clear: both' \/><\/div>\n\t\t<\/div>\n\n<p>[\/vc_column_text][\/vc_column][vc_column width=&#8221;1\/6&#8243;][\/vc_column][\/vc_row][vc_row el_class=&#8221;border-footer&#8221;][vc_column width=&#8221;1\/6&#8243;][\/vc_column][vc_column width=&#8221;2\/6&#8243;][vc_custom_heading text=&#8221;Puy du Fou&#8221; use_theme_fonts=&#8221;yes&#8221;][vc_column_text el_class=&#8221;contentmargbottom&#8221;]Experience an unforgettable stay at Puy du Fou, elected Best Park of the World in 2012 (Thea Classiq Award) and 2014 (Applause Award) but also the favorite park of the French people for 3 years ( IFOP), at less than 2 hours from the Clos de la Ribaudi\u00e8re.[\/vc_column_text][vc_separator color=&#8221;white&#8221; el_class=&#8221;dividerbottommar&#8221;][\/vc_column][vc_column width=&#8221;2\/6&#8243; el_class=&#8221;gallerydiv&#8221;][vc_video link=&#8221;https:\/\/www.youtube.com\/watch?v=QodnIWQP6-0&#8243;][\/vc_column][vc_column width=&#8221;1\/6&#8243;][\/vc_column][\/vc_row]<\/p>\n<\/div>","protected":false},"excerpt":{"rendered":"<p>[vc_row el_class=&#8221;fond-gris intro-inner&#8221;][vc_column width=&#8221;1\/6&#8243;][\/vc_column][vc_column width=&#8221;2\/3&#8243;][vc_custom_heading text=&#8221;Extend your stay&#8221; font_container=&#8221;tag:h1|text_align:center&#8221; use_theme_fonts=&#8221;yes&#8221;][vc_column_text] From Castles of the Loire to La Rochelle, via Puy du Fou or the Marais Poitevin, the Clos de la Ribaudi\u00e8re invites you to extend your stay, thanks to its privileged location. [\/vc_column_text][\/vc_column][vc_column width=&#8221;1\/6&#8243;][\/vc_column][\/vc_row][vc_row el_class=&#8221;border-footer&#8221;][vc_column width=&#8221;1\/6&#8243;][\/vc_column][vc_column width=&#8221;2\/6&#8243;][vc_custom_heading text=&#8221;Center Parcs&#8221; use_theme_fonts=&#8221;yes&#8221;][vc_column_text el_class=&#8221;contentmargbottom&#8221;]Take advantage of the nature [&hellip;]<\/p>\n","protected":false},"author":3,"featured_media":1067,"parent":1456,"menu_order":0,"comment_status":"closed","ping_status":"closed","template":"template-page-detail.php","meta":{"_acf_changed":false,"footnotes":""},"class_list":["post-7739","page","type-page","status-publish","has-post-thumbnail","hentry"],"acf":[],"yoast_head":"<!-- This site is optimized with the Yoast SEO plugin v25.7 - https:\/\/yoast.com\/wordpress\/plugins\/seo\/ -->\n<title>Extend your stay - Le Clos de la Ribaudi\u00e8re<\/title>\n<meta name=\"description\" content=\"Le Clos de la Ribaudiere invites you to extend your stay: from the Loire Valley to La Rochelle, through the Puy du Fou or the Marais Poitevin.\" \/>\n<meta name=\"robots\" content=\"index, follow, max-snippet:-1, max-image-preview:large, max-video-preview:-1\" \/>\n<link rel=\"canonical\" href=\"https:\/\/www.ribaudiere.com\/en\/holidays-packages-in-the-poitou-charentes\/extend-your-stay\/\" \/>\n<meta property=\"og:locale\" content=\"en_US\" \/>\n<meta property=\"og:type\" content=\"article\" \/>\n<meta property=\"og:title\" content=\"Extend your stay - Le Clos de la Ribaudi\u00e8re\" \/>\n<meta property=\"og:description\" content=\"Le Clos de la Ribaudiere invites you to extend your stay: from the Loire Valley to La Rochelle, through the Puy du Fou or the Marais Poitevin.\" \/>\n<meta property=\"og:url\" content=\"https:\/\/www.ribaudiere.com\/en\/holidays-packages-in-the-poitou-charentes\/extend-your-stay\/\" \/>\n<meta property=\"og:site_name\" content=\"Le Clos de la Ribaudi\u00e8re\" \/>\n<meta property=\"article:modified_time\" content=\"2020-03-01T22:43:44+00:00\" \/>\n<meta property=\"og:image\" content=\"https:\/\/www.ribaudiere.com\/wp-content\/uploads\/2015\/11\/FRD5081.jpg\" \/>\n\t<meta property=\"og:image:width\" content=\"4256\" \/>\n\t<meta property=\"og:image:height\" content=\"2832\" \/>\n\t<meta property=\"og:image:type\" content=\"image\/jpeg\" \/>\n<meta name=\"twitter:card\" content=\"summary_large_image\" \/>\n<meta name=\"twitter:label1\" content=\"Est. reading time\" \/>\n\t<meta name=\"twitter:data1\" content=\"3 minutes\" \/>\n<script type=\"application\/ld+json\" class=\"yoast-schema-graph\">{\"@context\":\"https:\/\/schema.org\",\"@graph\":[{\"@type\":\"WebPage\",\"@id\":\"https:\/\/www.ribaudiere.com\/en\/holidays-packages-in-the-poitou-charentes\/extend-your-stay\/\",\"url\":\"https:\/\/www.ribaudiere.com\/en\/holidays-packages-in-the-poitou-charentes\/extend-your-stay\/\",\"name\":\"Extend your stay - Le Clos de la Ribaudi\u00e8re\",\"isPartOf\":{\"@id\":\"https:\/\/www.ribaudiere.com\/#website\"},\"primaryImageOfPage\":{\"@id\":\"https:\/\/www.ribaudiere.com\/en\/holidays-packages-in-the-poitou-charentes\/extend-your-stay\/#primaryimage\"},\"image\":{\"@id\":\"https:\/\/www.ribaudiere.com\/en\/holidays-packages-in-the-poitou-charentes\/extend-your-stay\/#primaryimage\"},\"thumbnailUrl\":\"https:\/\/www.ribaudiere.com\/wp-content\/uploads\/2015\/11\/FRD5081.jpg\",\"datePublished\":\"2018-04-26T18:44:25+00:00\",\"dateModified\":\"2020-03-01T22:43:44+00:00\",\"description\":\"Le Clos de la Ribaudiere invites you to extend your stay: from the Loire Valley to La Rochelle, through the Puy du Fou or the Marais Poitevin.\",\"breadcrumb\":{\"@id\":\"https:\/\/www.ribaudiere.com\/en\/holidays-packages-in-the-poitou-charentes\/extend-your-stay\/#breadcrumb\"},\"inLanguage\":\"en-US\",\"potentialAction\":[{\"@type\":\"ReadAction\",\"target\":[\"https:\/\/www.ribaudiere.com\/en\/holidays-packages-in-the-poitou-charentes\/extend-your-stay\/\"]}]},{\"@type\":\"ImageObject\",\"inLanguage\":\"en-US\",\"@id\":\"https:\/\/www.ribaudiere.com\/en\/holidays-packages-in-the-poitou-charentes\/extend-your-stay\/#primaryimage\",\"url\":\"https:\/\/www.ribaudiere.com\/wp-content\/uploads\/2015\/11\/FRD5081.jpg\",\"contentUrl\":\"https:\/\/www.ribaudiere.com\/wp-content\/uploads\/2015\/11\/FRD5081.jpg\",\"width\":4256,\"height\":2832},{\"@type\":\"BreadcrumbList\",\"@id\":\"https:\/\/www.ribaudiere.com\/en\/holidays-packages-in-the-poitou-charentes\/extend-your-stay\/#breadcrumb\",\"itemListElement\":[{\"@type\":\"ListItem\",\"position\":1,\"name\":\"Accueil\",\"item\":\"https:\/\/www.ribaudiere.com\/en\/\"},{\"@type\":\"ListItem\",\"position\":2,\"name\":\"To Discover\",\"item\":\"https:\/\/www.ribaudiere.com\/en\/holidays-packages-in-the-poitou-charentes\/\"},{\"@type\":\"ListItem\",\"position\":3,\"name\":\"Extend your stay\"}]},{\"@type\":\"WebSite\",\"@id\":\"https:\/\/www.ribaudiere.com\/#website\",\"url\":\"https:\/\/www.ribaudiere.com\/\",\"name\":\"Le Clos de la Ribaudi\u00e8re\",\"description\":\"Un site utilisant WordPress\",\"potentialAction\":[{\"@type\":\"SearchAction\",\"target\":{\"@type\":\"EntryPoint\",\"urlTemplate\":\"https:\/\/www.ribaudiere.com\/?s={search_term_string}\"},\"query-input\":{\"@type\":\"PropertyValueSpecification\",\"valueRequired\":true,\"valueName\":\"search_term_string\"}}],\"inLanguage\":\"en-US\"}]}<\/script>\n<!-- \/ Yoast SEO plugin. -->","yoast_head_json":{"title":"Extend your stay - Le Clos de la Ribaudi\u00e8re","description":"Le Clos de la Ribaudiere invites you to extend your stay: from the Loire Valley to La Rochelle, through the Puy du Fou or the Marais Poitevin.","robots":{"index":"index","follow":"follow","max-snippet":"max-snippet:-1","max-image-preview":"max-image-preview:large","max-video-preview":"max-video-preview:-1"},"canonical":"https:\/\/www.ribaudiere.com\/en\/holidays-packages-in-the-poitou-charentes\/extend-your-stay\/","og_locale":"en_US","og_type":"article","og_title":"Extend your stay - Le Clos de la Ribaudi\u00e8re","og_description":"Le Clos de la Ribaudiere invites you to extend your stay: from the Loire Valley to La Rochelle, through the Puy du Fou or the Marais Poitevin.","og_url":"https:\/\/www.ribaudiere.com\/en\/holidays-packages-in-the-poitou-charentes\/extend-your-stay\/","og_site_name":"Le Clos de la Ribaudi\u00e8re","article_modified_time":"2020-03-01T22:43:44+00:00","og_image":[{"width":4256,"height":2832,"url":"https:\/\/www.ribaudiere.com\/wp-content\/uploads\/2015\/11\/FRD5081.jpg","type":"image\/jpeg"}],"twitter_card":"summary_large_image","twitter_misc":{"Est. reading time":"3 minutes"},"schema":{"@context":"https:\/\/schema.org","@graph":[{"@type":"WebPage","@id":"https:\/\/www.ribaudiere.com\/en\/holidays-packages-in-the-poitou-charentes\/extend-your-stay\/","url":"https:\/\/www.ribaudiere.com\/en\/holidays-packages-in-the-poitou-charentes\/extend-your-stay\/","name":"Extend your stay - Le Clos de la Ribaudi\u00e8re","isPartOf":{"@id":"https:\/\/www.ribaudiere.com\/#website"},"primaryImageOfPage":{"@id":"https:\/\/www.ribaudiere.com\/en\/holidays-packages-in-the-poitou-charentes\/extend-your-stay\/#primaryimage"},"image":{"@id":"https:\/\/www.ribaudiere.com\/en\/holidays-packages-in-the-poitou-charentes\/extend-your-stay\/#primaryimage"},"thumbnailUrl":"https:\/\/www.ribaudiere.com\/wp-content\/uploads\/2015\/11\/FRD5081.jpg","datePublished":"2018-04-26T18:44:25+00:00","dateModified":"2020-03-01T22:43:44+00:00","description":"Le Clos de la Ribaudiere invites you to extend your stay: from the Loire Valley to La Rochelle, through the Puy du Fou or the Marais Poitevin.","breadcrumb":{"@id":"https:\/\/www.ribaudiere.com\/en\/holidays-packages-in-the-poitou-charentes\/extend-your-stay\/#breadcrumb"},"inLanguage":"en-US","potentialAction":[{"@type":"ReadAction","target":["https:\/\/www.ribaudiere.com\/en\/holidays-packages-in-the-poitou-charentes\/extend-your-stay\/"]}]},{"@type":"ImageObject","inLanguage":"en-US","@id":"https:\/\/www.ribaudiere.com\/en\/holidays-packages-in-the-poitou-charentes\/extend-your-stay\/#primaryimage","url":"https:\/\/www.ribaudiere.com\/wp-content\/uploads\/2015\/11\/FRD5081.jpg","contentUrl":"https:\/\/www.ribaudiere.com\/wp-content\/uploads\/2015\/11\/FRD5081.jpg","width":4256,"height":2832},{"@type":"BreadcrumbList","@id":"https:\/\/www.ribaudiere.com\/en\/holidays-packages-in-the-poitou-charentes\/extend-your-stay\/#breadcrumb","itemListElement":[{"@type":"ListItem","position":1,"name":"Accueil","item":"https:\/\/www.ribaudiere.com\/en\/"},{"@type":"ListItem","position":2,"name":"To Discover","item":"https:\/\/www.ribaudiere.com\/en\/holidays-packages-in-the-poitou-charentes\/"},{"@type":"ListItem","position":3,"name":"Extend your stay"}]},{"@type":"WebSite","@id":"https:\/\/www.ribaudiere.com\/#website","url":"https:\/\/www.ribaudiere.com\/","name":"Le Clos de la Ribaudi\u00e8re","description":"Un site utilisant WordPress","potentialAction":[{"@type":"SearchAction","target":{"@type":"EntryPoint","urlTemplate":"https:\/\/www.ribaudiere.com\/?s={search_term_string}"},"query-input":{"@type":"PropertyValueSpecification","valueRequired":true,"valueName":"search_term_string"}}],"inLanguage":"en-US"}]}},"_links":{"self":[{"href":"https:\/\/www.ribaudiere.com\/en\/wp-json\/wp\/v2\/pages\/7739","targetHints":{"allow":["GET"]}}],"collection":[{"href":"https:\/\/www.ribaudiere.com\/en\/wp-json\/wp\/v2\/pages"}],"about":[{"href":"https:\/\/www.ribaudiere.com\/en\/wp-json\/wp\/v2\/types\/page"}],"author":[{"embeddable":true,"href":"https:\/\/www.ribaudiere.com\/en\/wp-json\/wp\/v2\/users\/3"}],"replies":[{"embeddable":true,"href":"https:\/\/www.ribaudiere.com\/en\/wp-json\/wp\/v2\/comments?post=7739"}],"version-history":[{"count":7,"href":"https:\/\/www.ribaudiere.com\/en\/wp-json\/wp\/v2\/pages\/7739\/revisions"}],"predecessor-version":[{"id":22203,"href":"https:\/\/www.ribaudiere.com\/en\/wp-json\/wp\/v2\/pages\/7739\/revisions\/22203"}],"up":[{"embeddable":true,"href":"https:\/\/www.ribaudiere.com\/en\/wp-json\/wp\/v2\/pages\/1456"}],"wp:featuredmedia":[{"embeddable":true,"href":"https:\/\/www.ribaudiere.com\/en\/wp-json\/wp\/v2\/media\/1067"}],"wp:attachment":[{"href":"https:\/\/www.ribaudiere.com\/en\/wp-json\/wp\/v2\/media?parent=7739"}],"curies":[{"name":"wp","href":"https:\/\/api.w.org\/{rel}","templated":true}]}}