{"id":1473,"date":"2016-01-06T12:03:08","date_gmt":"2016-01-06T11:03:08","guid":{"rendered":"http:\/\/www.ribaudiere.com\/es\/?page_id=1473"},"modified":"2026-01-02T12:50:46","modified_gmt":"2026-01-02T11:50:46","slug":"futuroscope-parque-tematico","status":"publish","type":"page","link":"https:\/\/www.ribaudiere.com\/es\/paquetes-de-vacaciones-en-el-poitou-charentes\/futuroscope-parque-tematico\/","title":{"rendered":"Futuroscope parque tem\u00e1tico &#038; Zero Gravity"},"content":{"rendered":"<div class=\"wpb-content-wrapper\"><p>[vc_row el_class=\u00bbfond-gris intro-inner\u00bb][vc_column width=\u00bb1\/6&#8243;][\/vc_column][vc_column width=\u00bb2\/3&#8243;][vc_custom_heading text=\u00bbFuturoscope parque tem\u00e1tico\u00bb font_container=\u00bbtag:h1|text_align:center\u00bb use_theme_fonts=\u00bbyes\u00bb][vc_custom_heading text=\u00bbDisfrute de una estancia inolvidable en familia o con amigos, descubrir los muchos atractivos y novedades del parque tem\u00e1tico Futuroscope, basado en multimedia, t\u00e9cnicas cinematogr\u00e1ficas y audiovisuales.\u00bb font_container=\u00bbtag:h4|text_align:center\u00bb use_theme_fonts=\u00bbyes\u00bb][vc_column_text]<\/p>\n<p style=\"text-align: center;\">El Castillo del Clos de la Ribaudiere se situa a s\u00f3lo 5 minutos del parque tem\u00e1tico Futuroscope (2,3 km).<\/p>\n<p style=\"text-align: center;\">Sum\u00e9rgete en una diversi\u00f3n y un ambiente fant\u00e1stico, y descubre las atracciones de mezcla enfoques sensoriales y proyecciones de im\u00e1genes, con varios cines 3D y 4D junto con otras atracciones y espect\u00e1culos. M\u00e1s de 25 experiencias originales y delirantes, emocionantes aventuras y sensaciones extremas, espect\u00e1culos en vivo, la magia del espect\u00e1culo nocturno con pirotecnia y efectos acu\u00e1ticos, impresionantes atracciones para todos los gustos y edades.<\/p>\n<p>[\/vc_column_text][\/vc_column][vc_column width=\u00bb1\/6&#8243;][\/vc_column][\/vc_row][vc_row el_class=\u00bbborder-footer\u00bb][vc_column width=\u00bb1\/6&#8243;][\/vc_column][vc_column width=\u00bb2\/6&#8243;][vc_custom_heading text=\u00bb\u00a1Una experiencia de altos vuelos!\u00bb use_theme_fonts=\u00bbyes\u00bb][vc_column_text css=\u00bb\u00bb el_class=\u00bbcontentmargbottom\u00bb]<strong>Experiencia \u00abZero Gravity\u00bb.<\/strong><\/p>\n<p>Experimente la ca\u00edda libre con total seguridad.<\/p>\n<p>La experiencia equivale a dos saltos en avioneta desde una altitud de 4200 m.<\/p>\n<p>Vuelo \u00abAdrenalina\u00bb para adultos: <strong>69\u20ac<\/strong><br \/>\nVuelo para ni\u00f1os: <strong>55\u20ac<\/strong><br \/>\nLos billetes no son cancelables ni reembolsables, pero pueden cambiarse en un plazo de 72 horas.[\/vc_column_text][vc_separator color=\u00bbwhite\u00bb el_class=\u00bbdividerbottommar\u00bb][vc_separator color=\u00bbwhite\u00bb el_class=\u00bbdividerbottommar\u00bb][\/vc_column][vc_column width=\u00bb2\/6&#8243; el_class=\u00bbgallerydiv\u00bb][vc_video link=\u00bbhttps:\/\/youtu.be\/F_mI7nyG1u0&#8243;][\/vc_column][vc_column width=\u00bb1\/6&#8243;][\/vc_column][\/vc_row][vc_row el_class=\u00bbborder-footer\u00bb][vc_column width=\u00bb1\/6&#8243;][\/vc_column][vc_column width=\u00bb2\/6&#8243;][vc_custom_heading text=\u00bbNi te imaginas lo que te espera!\u00bb use_theme_fonts=\u00bbyes\u00bb][vc_column_text css=\u00bb\u00bb el_class=\u00bbcontentmargbottom\u00bb]Reserve nuestros paquetes con entradas incluidas o se decide en el \u00faltimo momento y comprar sus entradas en la recepci\u00f3n del hotel.<\/p>\n<p>Vendemos entradas el mismo precio en Futuroscope (excepto tarifas especiales y promocionales) :<\/p>\n<ul>\n<li>Entrada Adulto 1 d\u00eda: <strong>59<\/strong> \u20ac<\/li>\n<li>Entrada Ni\u00f1o (5-12 a\u00f1os) 1 d\u00eda: <strong>49<\/strong> \u20ac<\/li>\n<li>Entrada Adulto 2 d\u00edas: <strong>102<\/strong> \u20ac<\/li>\n<li>Entradas Ni\u00f1o (5-12 a\u00f1os) 2 d\u00edas: <strong>84<\/strong> \u20ac<\/li>\n<\/ul>\n<p>Tarifa Ni\u00f1o aplicada hasta 12 a\u00f1os y gratuita para los ni\u00f1os menores de 5 a\u00f1os.[\/vc_column_text][vc_separator color=\u00bbwhite\u00bb el_class=\u00bbdividerbottommar\u00bb][vc_raw_html css=\u00bb\u00bb]JTNDZGl2JTIwY2xhc3MlM0QlMjJidXR0b25ob3JhaXJlcyUyMiUzRSUzQ2ElMjBocmVmJTNEJTIyJTIzJTIyJTIwY2xhc3MlM0QlMjJidXR0b25ob3JhaXJlc0ElMjIlM0UlM0NkaXYlMjBjbGFzcyUzRCUyMmhvcmFpcmVzSGlkZSUyMiUyMHN0eWxlJTNEJTIyYmFja2dyb3VuZC1pbWFnZSUzQXVybCUyOCUyNyUyRndwLWNvbnRlbnQlMkZ1cGxvYWRzJTJGMjAyNiUyRjAxJTJGRlVUVVJPU0NPUEUtQ0FMRU5EUklFUi1ET1VWRVJUVVJFLTIwMjYuanBnJTI3JTI5JTIyJTNFJTNDJTJGZGl2JTNFJTNDc3BhbiUyMGNsYXNzJTNEJTIyY2hhbmdlJTIyJTNFSG9yYXJpb3MlMjAlM0NzcGFuJTIwY2xhc3MlM0QlMjJsb3clMjIlM0VkZSUyMEZ1dHVyb3Njb3BlJTNDJTJGc3BhbiUzRSUzQyUyRnNwYW4lM0UlM0MlMkZhJTNFJTNDJTJGZGl2JTNFJTBBJTBB[\/vc_raw_html][vc_separator color=\u00bbwhite\u00bb el_class=\u00bbdividerbottommar\u00bb][\/vc_column][vc_column width=\u00bb2\/6&#8243; el_class=\u00bbgallerydiv\u00bb][vc_video link=\u00bbhttps:\/\/www.youtube.com\/watch?v=lJ6coOOoD3c\u00bb][\/vc_column][vc_column width=\u00bb1\/6&#8243;][\/vc_column][\/vc_row][vc_row el_class=\u00bbborder-footer\u00bb][vc_column width=\u00bb1\/6&#8243;][\/vc_column][vc_column width=\u00bb2\/6&#8243;][vc_custom_heading text=\u00bbPase Premium\u00bb use_theme_fonts=\u00bbyes\u00bb][vc_column_text el_class=\u00bbcontentmargbottom\u00bb]No pierda su tiempo el Pase Premium permite:<\/p>\n<ul>\n<li>acceso prioritario en las cinco atracciones principales: \u00abLa M\u00e1quina del Tiempo\u201d, \u201cDynamic !\u201d, \u201cLa Vienne Din\u00e1mica\u201d, \u201cBaila con los Robots\u201d y \u201cArthur, la Aventura 4D\u201d<\/li>\n<li>acceso a los espect\u00e1culos \u00abiMagic\u00bb y \u00abLos Misterios del Kube\u00bb<\/li>\n<li>espacio VIP junto el lago para asistir al Espect\u00e1culo Nocturno<\/li>\n<li>10% de descuento en las tiendas del parque<\/li>\n<li>1 ficha gratis en la CiberAvenida.<\/li>\n<\/ul>\n<p>Disponible \u00fanicamente en la taquilla Futuroscope como complemento de su entrada, en ciertas fechas y en cantidades limitadas.<br \/>\nDespu\u00e9s de un d\u00eda rico en emociones y sensaciones, disfrute de una cena gastron\u00f3mica en \u201cLa Table du Clos\u201d y complacido con la tranquilidad de las habitaciones entre el r\u00edo y el parque de La Ribaudiere.[\/vc_column_text][vc_separator color=\u00bbwhite\u00bb el_class=\u00bbdividerbottommar\u00bb][vc_raw_html css=\u00bb\u00bb]JTNDZGl2JTIwY2xhc3MlM0QlMjJidXR0b25ob3JhaXJlcyUyMiUzRSUzQ2ElMjBocmVmJTNEJTIyJTIzJTIyJTIwY2xhc3MlM0QlMjJidXR0b25ob3JhaXJlc0ElMjIlM0UlM0NkaXYlMjBjbGFzcyUzRCUyMmhvcmFpcmVzSGlkZSUyMiUyMHN0eWxlJTNEJTIyYmFja2dyb3VuZC1pbWFnZSUzQXVybCUyOCUyNyUyRndwLWNvbnRlbnQlMkZ1cGxvYWRzJTJGMjAyNiUyRjAxJTJGRlVUVVJPU0NPUEUtQ0FMRU5EUklFUi1ET1VWRVJUVVJFLTIwMjYuanBnJTI3JTI5JTIyJTNFJTNDJTJGZGl2JTNFJTNDc3BhbiUyMGNsYXNzJTNEJTIyY2hhbmdlJTIyJTNFSG9yYXJpb3MlMjAlM0NzcGFuJTIwY2xhc3MlM0QlMjJsb3clMjIlM0VkZSUyMEZ1dHVyb3Njb3BlJTNDJTJGc3BhbiUzRSUzQyUyRnNwYW4lM0UlM0MlMkZhJTNFJTNDJTJGZGl2JTNF[\/vc_raw_html][vc_separator color=\u00bbwhite\u00bb el_class=\u00bbdividerbottommar\u00bb][\/vc_column][vc_column width=\u00bb2\/6&#8243; el_class=\u00bbgallerydiv\u00bb][vc_video link=\u00bbhttps:\/\/www.youtube.com\/watch?v=aee103-zYmM\u00bb css=\u00bb\u00bb][\/vc_column][vc_column width=\u00bb1\/6&#8243;][\/vc_column][\/vc_row][vc_row el_class=\u00bbborder-footer\u00bb][vc_column width=\u00bb1\/6&#8243;][\/vc_column][vc_column width=\u00bb2\/6&#8243;][vc_custom_heading text=\u00bbInformaciones pr\u00e1cticas\u00bb use_theme_fonts=\u00bbyes\u00bb][vc_column_text el_class=\u00bbcontentmargbottom\u00bb]Para preparar mejor su estancia en la tierra de Futuroscope, ofrecemos informaci\u00f3n pr\u00e1ctica y \u00fatil. No dude en hacer sus folletos en la recepci\u00f3n del Clos de la Ribaudiere a su llegada. Para obtener m\u00e1s informaci\u00f3n y para descubrir nuestros paquetes:[\/vc_column_text][vc_separator color=\u00bbwhite\u00bb el_class=\u00bbdividerbottommar\u00bb][vc_raw_html]JTNDZGl2JTIwY2xhc3MlM0QlMjJidXR0b25jb250YWN0JTIyJTNFJTNDYSUyMGhyZWYlM0QlMjJ0ZWwlM0ElMkIzMzU0OTUyODY2NiUyMiUzRSUzQ3NwYW4lMjBjbGFzcyUzRCUyMmNoYW5nZSUyMiUzRUNvbnQlQzMlQTFjdGVub3MlM0MlMkZzcGFuJTNFJTNDc3BhbiUyMGNsYXNzJTNEJTIydGVsJTIyJTNFJTJCMzMlMjA1JTIwNDklMjA1MiUyMDg2JTIwNjYlM0MlMkZzcGFuJTNFJTNDJTJGYSUzRSUzQyUyRmRpdiUzRQ==[\/vc_raw_html][vc_separator color=\u00bbwhite\u00bb el_class=\u00bbdividerbottommar\u00bb][\/vc_column][vc_column width=\u00bb2\/6&#8243; el_class=\u00bbgallerydiv\u00bb][vc_column_text]<a href=\"http:\/\/www.ribaudiere.com\/coffrets-cadeaux\/\" target=\"_blank\" rel=\"noopener noreferrer\"><img loading=\"lazy\" decoding=\"async\" class=\"alignnone wp-image-6363 size-full\" src=\"https:\/\/www.ribaudiere.com\/wp-content\/uploads\/2015\/11\/Package-Futuroscope1.png\" alt=\"\" width=\"688\" height=\"500\" srcset=\"https:\/\/www.ribaudiere.com\/wp-content\/uploads\/2015\/11\/Package-Futuroscope1.png 688w, https:\/\/www.ribaudiere.com\/wp-content\/uploads\/2015\/11\/Package-Futuroscope1-300x218.png 300w, https:\/\/www.ribaudiere.com\/wp-content\/uploads\/2015\/11\/Package-Futuroscope1-600x436.png 600w\" sizes=\"auto, (max-width: 688px) 100vw, 688px\" \/><\/a>[\/vc_column_text][\/vc_column][vc_column width=\u00bb1\/6&#8243;][\/vc_column][\/vc_row]<\/p>\n<\/div>","protected":false},"excerpt":{"rendered":"<p>[vc_row el_class=\u00bbfond-gris intro-inner\u00bb][vc_column width=\u00bb1\/6&#8243;][\/vc_column][vc_column width=\u00bb2\/3&#8243;][vc_custom_heading text=\u00bbFuturoscope parque tem\u00e1tico\u00bb font_container=\u00bbtag:h1|text_align:center\u00bb use_theme_fonts=\u00bbyes\u00bb][vc_custom_heading text=\u00bbDisfrute de una estancia inolvidable en familia o con amigos, descubrir los muchos atractivos y novedades del parque tem\u00e1tico Futuroscope, basado en multimedia, t\u00e9cnicas cinematogr\u00e1ficas y audiovisuales.\u00bb font_container=\u00bbtag:h4|text_align:center\u00bb use_theme_fonts=\u00bbyes\u00bb][vc_column_text] El Castillo del Clos de la Ribaudiere se situa a s\u00f3lo 5 minutos del parque tem\u00e1tico [&hellip;]<\/p>\n","protected":false},"author":1,"featured_media":0,"parent":1467,"menu_order":0,"comment_status":"closed","ping_status":"closed","template":"template-page-detail.php","meta":{"_acf_changed":false,"footnotes":""},"class_list":["post-1473","page","type-page","status-publish","hentry"],"acf":[],"yoast_head":"<!-- This site is optimized with the Yoast SEO plugin v25.7 - https:\/\/yoast.com\/wordpress\/plugins\/seo\/ -->\n<title>Descubra Futuroscope con el Clos de la Ribaudi\u00e8re<\/title>\n<meta name=\"description\" content=\"Descubra Futuroscope durante su viaje a Clos de la Ribaudiere, gracias a nuestros paquetes o nuestros Charmes y Escapadas Sensaciones.\" \/>\n<meta name=\"robots\" content=\"index, follow, max-snippet:-1, max-image-preview:large, max-video-preview:-1\" \/>\n<link rel=\"canonical\" href=\"https:\/\/www.ribaudiere.com\/es\/paquetes-de-vacaciones-en-el-poitou-charentes\/futuroscope-parque-tematico\/\" \/>\n<meta property=\"og:locale\" content=\"es_ES\" \/>\n<meta property=\"og:type\" content=\"article\" \/>\n<meta property=\"og:title\" content=\"Descubra Futuroscope con el Clos de la Ribaudi\u00e8re\" \/>\n<meta property=\"og:description\" content=\"Descubra Futuroscope durante su viaje a Clos de la Ribaudiere, gracias a nuestros paquetes o nuestros Charmes y Escapadas Sensaciones.\" \/>\n<meta property=\"og:url\" content=\"https:\/\/www.ribaudiere.com\/es\/paquetes-de-vacaciones-en-el-poitou-charentes\/futuroscope-parque-tematico\/\" \/>\n<meta property=\"og:site_name\" content=\"Le Clos de la Ribaudi\u00e8re\" \/>\n<meta property=\"article:modified_time\" content=\"2026-01-02T11:50:46+00:00\" \/>\n<meta property=\"og:image\" content=\"https:\/\/www.ribaudiere.com\/wp-content\/uploads\/2015\/11\/Package-Futuroscope1.png\" \/>\n\t<meta property=\"og:image:width\" content=\"688\" \/>\n\t<meta property=\"og:image:height\" content=\"500\" \/>\n\t<meta property=\"og:image:type\" content=\"image\/png\" \/>\n<meta name=\"twitter:card\" content=\"summary_large_image\" \/>\n<meta name=\"twitter:label1\" content=\"Tiempo de lectura\" \/>\n\t<meta name=\"twitter:data1\" content=\"3 minutos\" \/>\n<script type=\"application\/ld+json\" class=\"yoast-schema-graph\">{\"@context\":\"https:\/\/schema.org\",\"@graph\":[{\"@type\":\"WebPage\",\"@id\":\"https:\/\/www.ribaudiere.com\/es\/paquetes-de-vacaciones-en-el-poitou-charentes\/futuroscope-parque-tematico\/\",\"url\":\"https:\/\/www.ribaudiere.com\/es\/paquetes-de-vacaciones-en-el-poitou-charentes\/futuroscope-parque-tematico\/\",\"name\":\"Descubra Futuroscope con el Clos de la Ribaudi\u00e8re\",\"isPartOf\":{\"@id\":\"https:\/\/www.ribaudiere.com\/#website\"},\"primaryImageOfPage\":{\"@id\":\"https:\/\/www.ribaudiere.com\/es\/paquetes-de-vacaciones-en-el-poitou-charentes\/futuroscope-parque-tematico\/#primaryimage\"},\"image\":{\"@id\":\"https:\/\/www.ribaudiere.com\/es\/paquetes-de-vacaciones-en-el-poitou-charentes\/futuroscope-parque-tematico\/#primaryimage\"},\"thumbnailUrl\":\"https:\/\/www.ribaudiere.com\/wp-content\/uploads\/2015\/11\/Package-Futuroscope1.png\",\"datePublished\":\"2016-01-06T11:03:08+00:00\",\"dateModified\":\"2026-01-02T11:50:46+00:00\",\"description\":\"Descubra Futuroscope durante su viaje a Clos de la Ribaudiere, gracias a nuestros paquetes o nuestros Charmes y Escapadas Sensaciones.\",\"breadcrumb\":{\"@id\":\"https:\/\/www.ribaudiere.com\/es\/paquetes-de-vacaciones-en-el-poitou-charentes\/futuroscope-parque-tematico\/#breadcrumb\"},\"inLanguage\":\"es\",\"potentialAction\":[{\"@type\":\"ReadAction\",\"target\":[\"https:\/\/www.ribaudiere.com\/es\/paquetes-de-vacaciones-en-el-poitou-charentes\/futuroscope-parque-tematico\/\"]}]},{\"@type\":\"ImageObject\",\"inLanguage\":\"es\",\"@id\":\"https:\/\/www.ribaudiere.com\/es\/paquetes-de-vacaciones-en-el-poitou-charentes\/futuroscope-parque-tematico\/#primaryimage\",\"url\":\"https:\/\/www.ribaudiere.com\/wp-content\/uploads\/2015\/11\/Package-Futuroscope1.png\",\"contentUrl\":\"https:\/\/www.ribaudiere.com\/wp-content\/uploads\/2015\/11\/Package-Futuroscope1.png\"},{\"@type\":\"BreadcrumbList\",\"@id\":\"https:\/\/www.ribaudiere.com\/es\/paquetes-de-vacaciones-en-el-poitou-charentes\/futuroscope-parque-tematico\/#breadcrumb\",\"itemListElement\":[{\"@type\":\"ListItem\",\"position\":1,\"name\":\"Accueil\",\"item\":\"https:\/\/www.ribaudiere.com\/es\/\"},{\"@type\":\"ListItem\",\"position\":2,\"name\":\"Saber m\u00e1s\",\"item\":\"https:\/\/www.ribaudiere.com\/es\/paquetes-de-vacaciones-en-el-poitou-charentes\/\"},{\"@type\":\"ListItem\",\"position\":3,\"name\":\"Futuroscope parque tem\u00e1tico &#038; Zero Gravity\"}]},{\"@type\":\"WebSite\",\"@id\":\"https:\/\/www.ribaudiere.com\/#website\",\"url\":\"https:\/\/www.ribaudiere.com\/\",\"name\":\"Le Clos de la Ribaudi\u00e8re\",\"description\":\"Un site utilisant WordPress\",\"potentialAction\":[{\"@type\":\"SearchAction\",\"target\":{\"@type\":\"EntryPoint\",\"urlTemplate\":\"https:\/\/www.ribaudiere.com\/?s={search_term_string}\"},\"query-input\":{\"@type\":\"PropertyValueSpecification\",\"valueRequired\":true,\"valueName\":\"search_term_string\"}}],\"inLanguage\":\"es\"}]}<\/script>\n<!-- \/ Yoast SEO plugin. -->","yoast_head_json":{"title":"Descubra Futuroscope con el Clos de la Ribaudi\u00e8re","description":"Descubra Futuroscope durante su viaje a Clos de la Ribaudiere, gracias a nuestros paquetes o nuestros Charmes y Escapadas Sensaciones.","robots":{"index":"index","follow":"follow","max-snippet":"max-snippet:-1","max-image-preview":"max-image-preview:large","max-video-preview":"max-video-preview:-1"},"canonical":"https:\/\/www.ribaudiere.com\/es\/paquetes-de-vacaciones-en-el-poitou-charentes\/futuroscope-parque-tematico\/","og_locale":"es_ES","og_type":"article","og_title":"Descubra Futuroscope con el Clos de la Ribaudi\u00e8re","og_description":"Descubra Futuroscope durante su viaje a Clos de la Ribaudiere, gracias a nuestros paquetes o nuestros Charmes y Escapadas Sensaciones.","og_url":"https:\/\/www.ribaudiere.com\/es\/paquetes-de-vacaciones-en-el-poitou-charentes\/futuroscope-parque-tematico\/","og_site_name":"Le Clos de la Ribaudi\u00e8re","article_modified_time":"2026-01-02T11:50:46+00:00","og_image":[{"width":688,"height":500,"url":"https:\/\/www.ribaudiere.com\/wp-content\/uploads\/2015\/11\/Package-Futuroscope1.png","type":"image\/png"}],"twitter_card":"summary_large_image","twitter_misc":{"Tiempo de lectura":"3 minutos"},"schema":{"@context":"https:\/\/schema.org","@graph":[{"@type":"WebPage","@id":"https:\/\/www.ribaudiere.com\/es\/paquetes-de-vacaciones-en-el-poitou-charentes\/futuroscope-parque-tematico\/","url":"https:\/\/www.ribaudiere.com\/es\/paquetes-de-vacaciones-en-el-poitou-charentes\/futuroscope-parque-tematico\/","name":"Descubra Futuroscope con el Clos de la Ribaudi\u00e8re","isPartOf":{"@id":"https:\/\/www.ribaudiere.com\/#website"},"primaryImageOfPage":{"@id":"https:\/\/www.ribaudiere.com\/es\/paquetes-de-vacaciones-en-el-poitou-charentes\/futuroscope-parque-tematico\/#primaryimage"},"image":{"@id":"https:\/\/www.ribaudiere.com\/es\/paquetes-de-vacaciones-en-el-poitou-charentes\/futuroscope-parque-tematico\/#primaryimage"},"thumbnailUrl":"https:\/\/www.ribaudiere.com\/wp-content\/uploads\/2015\/11\/Package-Futuroscope1.png","datePublished":"2016-01-06T11:03:08+00:00","dateModified":"2026-01-02T11:50:46+00:00","description":"Descubra Futuroscope durante su viaje a Clos de la Ribaudiere, gracias a nuestros paquetes o nuestros Charmes y Escapadas Sensaciones.","breadcrumb":{"@id":"https:\/\/www.ribaudiere.com\/es\/paquetes-de-vacaciones-en-el-poitou-charentes\/futuroscope-parque-tematico\/#breadcrumb"},"inLanguage":"es","potentialAction":[{"@type":"ReadAction","target":["https:\/\/www.ribaudiere.com\/es\/paquetes-de-vacaciones-en-el-poitou-charentes\/futuroscope-parque-tematico\/"]}]},{"@type":"ImageObject","inLanguage":"es","@id":"https:\/\/www.ribaudiere.com\/es\/paquetes-de-vacaciones-en-el-poitou-charentes\/futuroscope-parque-tematico\/#primaryimage","url":"https:\/\/www.ribaudiere.com\/wp-content\/uploads\/2015\/11\/Package-Futuroscope1.png","contentUrl":"https:\/\/www.ribaudiere.com\/wp-content\/uploads\/2015\/11\/Package-Futuroscope1.png"},{"@type":"BreadcrumbList","@id":"https:\/\/www.ribaudiere.com\/es\/paquetes-de-vacaciones-en-el-poitou-charentes\/futuroscope-parque-tematico\/#breadcrumb","itemListElement":[{"@type":"ListItem","position":1,"name":"Accueil","item":"https:\/\/www.ribaudiere.com\/es\/"},{"@type":"ListItem","position":2,"name":"Saber m\u00e1s","item":"https:\/\/www.ribaudiere.com\/es\/paquetes-de-vacaciones-en-el-poitou-charentes\/"},{"@type":"ListItem","position":3,"name":"Futuroscope parque tem\u00e1tico &#038; Zero Gravity"}]},{"@type":"WebSite","@id":"https:\/\/www.ribaudiere.com\/#website","url":"https:\/\/www.ribaudiere.com\/","name":"Le Clos de la Ribaudi\u00e8re","description":"Un site utilisant WordPress","potentialAction":[{"@type":"SearchAction","target":{"@type":"EntryPoint","urlTemplate":"https:\/\/www.ribaudiere.com\/?s={search_term_string}"},"query-input":{"@type":"PropertyValueSpecification","valueRequired":true,"valueName":"search_term_string"}}],"inLanguage":"es"}]}},"_links":{"self":[{"href":"https:\/\/www.ribaudiere.com\/es\/wp-json\/wp\/v2\/pages\/1473","targetHints":{"allow":["GET"]}}],"collection":[{"href":"https:\/\/www.ribaudiere.com\/es\/wp-json\/wp\/v2\/pages"}],"about":[{"href":"https:\/\/www.ribaudiere.com\/es\/wp-json\/wp\/v2\/types\/page"}],"author":[{"embeddable":true,"href":"https:\/\/www.ribaudiere.com\/es\/wp-json\/wp\/v2\/users\/1"}],"replies":[{"embeddable":true,"href":"https:\/\/www.ribaudiere.com\/es\/wp-json\/wp\/v2\/comments?post=1473"}],"version-history":[{"count":42,"href":"https:\/\/www.ribaudiere.com\/es\/wp-json\/wp\/v2\/pages\/1473\/revisions"}],"predecessor-version":[{"id":43581,"href":"https:\/\/www.ribaudiere.com\/es\/wp-json\/wp\/v2\/pages\/1473\/revisions\/43581"}],"up":[{"embeddable":true,"href":"https:\/\/www.ribaudiere.com\/es\/wp-json\/wp\/v2\/pages\/1467"}],"wp:attachment":[{"href":"https:\/\/www.ribaudiere.com\/es\/wp-json\/wp\/v2\/media?parent=1473"}],"curies":[{"name":"wp","href":"https:\/\/api.w.org\/{rel}","templated":true}]}}