{"id":1524,"date":"2016-01-06T17:59:21","date_gmt":"2016-01-06T16:59:21","guid":{"rendered":"http:\/\/www.ribaudiere.com\/es\/?page_id=1524"},"modified":"2016-04-13T09:07:15","modified_gmt":"2016-04-13T08:07:15","slug":"nuestras-fortalezas","status":"publish","type":"page","link":"https:\/\/www.ribaudiere.com\/es\/seminarios-y-eventos\/nuestras-fortalezas\/","title":{"rendered":"Nuestras Fuerzas"},"content":{"rendered":"<div class=\"wpb-content-wrapper\"><p>[vc_row el_class=\u00bbfond-gris intro-inner\u00bb][vc_column width=\u00bb1\/6&#8243;][\/vc_column][vc_column width=\u00bb2\/3&#8243;][vc_custom_heading text=\u00bbNuestras Fuerzas\u00bb font_container=\u00bbtag:h1|text_align:center\u00bb use_theme_fonts=\u00bbyes\u00bb][vc_column_text]<\/p>\n<p style=\"text-align: center;\">El castillo del Clos de la Ribaudi\u00e8re re\u00fane las condiciones y el equipamiento necesario para el buen funcionamiento de una reuni\u00f3n de negocios. Para reunirse o fortalecer sus equipos, nuestro Hotel Restaurante ofrece el confort, la comodidad, deliciosos sabores, actividades especiales y espacios de trabajo tranquilo.<\/p>\n<p>[\/vc_column_text][\/vc_column][vc_column width=\u00bb1\/6&#8243;][\/vc_column][\/vc_row][vc_row el_class=\u00bbborder-footer\u00bb][vc_column width=\u00bb1\/6&#8243;][\/vc_column][vc_column width=\u00bb2\/6&#8243;][vc_custom_heading text=\u00bbUbicaci\u00f3n privilegiada\u00bb use_theme_fonts=\u00bbyes\u00bb][vc_column_text el_class=\u00bbcontentmargbottom\u00bb]El Castillo del Clos de la Ribaudiere, construido en el siglo 18 y totalmente renovado, combina la tecnolog\u00eda moderna y elegante decoraci\u00f3n, ofrece servicios personalizados.<\/p>\n<p>De f\u00e1cil acceso, el castillo tiene un lugar ideal para encontrarse con facilidad, y disfrutar de la tranquilidad del lugar a las puertas del parque tematico Futuroscope y la ciudad de Poitiers:<\/p>\n<ul>\n<li>a 5 minutos del estaci\u00f3n de tren TGV Futuroscope,<\/li>\n<li>a 15 minutos del estaci\u00f3n de tren TGV Poitiers, a menos de 1h30 de Par\u00eds en tren TGV,<\/li>\n<li>a 5 minutos del parque tem\u00e1tico Futuroscope, salida n\u00ba28 Autopista A10<\/li>\n<li>a 15 minutos del aeropuerto internacional de Poitiers Biard<\/li>\n<\/ul>\n<p>Aparcamiento privado exterior gratuito (80 lugares)<br \/>\nOficina de Turismo situada a 100 metros del hotel, para aconsejarle sobre las mejores excursiones a los alrededores.<br \/>\nTiendas locales a menos de 200m: supermercado, correos, banco y cajero autom\u00e1tico, tienda de tabaco y quiosco, tienda de regalos.[\/vc_column_text][vc_separator color=\u00bbwhite\u00bb el_class=\u00bbdividerbottommar\u00bb][\/vc_column][vc_column width=\u00bb2\/6&#8243; el_class=\u00bbgallerydiv\u00bb][vc_raw_html]JTNDZGl2JTIwaWQlM0QlMjJtYXAlMjIlM0UlM0MlMkZkaXYlM0UlMDk=[\/vc_raw_html][\/vc_column][vc_column width=\u00bb1\/6&#8243;][\/vc_column][\/vc_row][vc_row el_class=\u00bbborder-footer\u00bb][vc_column width=\u00bb1\/6&#8243;][\/vc_column][vc_column width=\u00bb2\/6&#8243;][vc_custom_heading text=\u00bbComodidad y Habitaciones\u00bb use_theme_fonts=\u00bbyes\u00bb][vc_column_text el_class=\u00bbcontentmargbottom\u00bb]El personal atento y disponible durante su estancia, habitaciones c\u00f3modas y WIFI gratuito contribuir\u00e1n al \u00e9xito de su seminario. 41 habitaciones, 28 Confort y 13 de categor\u00eda superior para sus superar sus dirigentes (Prestige, Junior Suite, Deluxe y Suite Balneoterapia). Hasta 22 habitaciones dobles\/twin con capacidad para 63 personas.[\/vc_column_text][vc_separator color=\u00bbwhite\u00bb el_class=\u00bbdividerbottommar\u00bb][\/vc_column][vc_column width=\u00bb2\/6&#8243; el_class=\u00bbgallerydiv\u00bb][vc_column_text]<\/p>\n\n<p>[\/vc_column_text][\/vc_column][vc_column width=\u00bb1\/6&#8243;][\/vc_column][\/vc_row][vc_row el_class=\u00bbborder-footer\u00bb][vc_column width=\u00bb1\/6&#8243;][\/vc_column][vc_column width=\u00bb2\/6&#8243;][vc_custom_heading text=\u00bbLugar adecuado al trabajo\u00bb use_theme_fonts=\u00bbyes\u00bb][vc_column_text el_class=\u00bbcontentmargbottom\u00bb]Nuestras 6 salas de reuniones con luz natural y capacidad para hasta 150 personas, est\u00e1n equipadas con aire acondicionado, pantalla de proyecci\u00f3n, tableros, acceso WIFI, cuadernos y l\u00e1pices, copas y agua mineral.<\/p>\n<p>4 de las salas de reuniones tienen acceso directo a la terraza, todas tienen vistas al parque, el castillo o a la piscina.<\/p>\n<p>Por alquilar: video proyector 55 \u20ac, sistema de sonido con micr\u00f3fonos inal\u00e1mbricos 55 \u20ac.<\/p>\n<p>En la solicitud (socios especializados) iluminaci\u00f3n, escenario y plataforma, interpretando servicios.[\/vc_column_text][vc_separator color=\u00bbwhite\u00bb el_class=\u00bbdividerbottommar\u00bb][\/vc_column][vc_column width=\u00bb2\/6&#8243; el_class=\u00bbgallerydiv\u00bb][vc_column_text]<\/p>\n\n<p>[\/vc_column_text][\/vc_column][vc_column width=\u00bb1\/6&#8243;][\/vc_column][\/vc_row][vc_row el_class=\u00bbborder-footer\u00bb][vc_column width=\u00bb1\/6&#8243;][\/vc_column][vc_column width=\u00bb2\/6&#8243;][vc_custom_heading text=\u00bbGastronom\u00eda\u00bb use_theme_fonts=\u00bbyes\u00bb][vc_column_text el_class=\u00bbcontentmargbottom\u00bb]Etiqueta \u00abMesa Notable\u00bb del chef Alain Ducasse: ideal para comidas de negocios, galas y c\u00f3cteles.<\/p>\n<p>D\u00e9jate guiar durante todo el evento por las sugerencias de nuestro Chef Cedric Ravaud, de acuerdo con su inspiraci\u00f3n y el mercado: productos de temporada y la frescura son sus consignas.<\/p>\n<p>Para sus seminarios, descubra nuestros men\u00fas que incluye una entrada, plato principal, postre y bebidas que se sirven a voluntad durante las comidas (agua mineral y vinos blanco y tinto, caf\u00e9).<\/p>\n<p>A solicitud, el equipo de cocina se adaptar\u00e1 para satisfacer cualquier dieta especial o alergia.<\/p>\n<p>Para un men\u00fa m\u00e1s elaborado, favorezca un men\u00fa en cinco cursos (peque\u00f1a entrada, entrada, plato principal, queso y postre) que nuestro Chef elaborar\u00e1 de acuerdo a men\u00fa de temporada del restaurante. Men\u00fa de La Broue y men\u00fa de La Motte, se puede acompa\u00f1ar con un paquete bebidas incluidas, los vinos son otorgados a los platos seleccionados.[\/vc_column_text][vc_separator color=\u00bbwhite\u00bb el_class=\u00bbdividerbottommar\u00bb][\/vc_column][vc_column width=\u00bb2\/6&#8243; el_class=\u00bbgallerydiv\u00bb][vc_column_text]<\/p>\n\n<p>[\/vc_column_text][\/vc_column][vc_column width=\u00bb1\/6&#8243;][\/vc_column][\/vc_row][vc_row el_class=\u00bbborder-footer\u00bb][vc_column width=\u00bb1\/6&#8243;][\/vc_column][vc_column width=\u00bb2\/6&#8243;][vc_custom_heading text=\u00bbAnimaci\u00f3n\u00bb use_theme_fonts=\u00bbyes\u00bb][vc_column_text el_class=\u00bbcontentmargbottom\u00bb]De d\u00fao a sexteto (piano, guitarra, bajo, viol\u00edn, acorde\u00f3n, clarinete, arpa, con o sin cantor), nos adaptamos a cualquier solicitud.<\/p>\n<p>Nuestros artistas asociados proponen un clima agradable alrededor de est\u00e1ndares de jazz y canciones francesas en funci\u00f3n de sus gustos musicales y el ambiente que desea crear.<\/p>\n<p>Y para su baile le recomendaremos un DJ, con la iluminaci\u00f3n y el sonido, que animar\u00e1 y alegrar\u00e1 su evento, ofreciendo todos los estilos musicales, de acuerdo a sus gustos.[\/vc_column_text][vc_separator color=\u00bbwhite\u00bb el_class=\u00bbdividerbottommar\u00bb][\/vc_column][vc_column width=\u00bb2\/6&#8243; el_class=\u00bbgallerydiv\u00bb][vc_column_text]<\/p>\n\n<p>[\/vc_column_text][\/vc_column][vc_column width=\u00bb1\/6&#8243;][\/vc_column][\/vc_row]<\/p>\n<\/div>","protected":false},"excerpt":{"rendered":"<p>[vc_row el_class=\u00bbfond-gris intro-inner\u00bb][vc_column width=\u00bb1\/6&#8243;][\/vc_column][vc_column width=\u00bb2\/3&#8243;][vc_custom_heading text=\u00bbNuestras Fuerzas\u00bb font_container=\u00bbtag:h1|text_align:center\u00bb use_theme_fonts=\u00bbyes\u00bb][vc_column_text] El castillo del Clos de la Ribaudi\u00e8re re\u00fane las condiciones y el equipamiento necesario para el buen funcionamiento de una reuni\u00f3n de negocios. Para reunirse o fortalecer sus equipos, nuestro Hotel Restaurante ofrece el confort, la comodidad, deliciosos sabores, actividades especiales y espacios de trabajo tranquilo. [&hellip;]<\/p>\n","protected":false},"author":1,"featured_media":0,"parent":1516,"menu_order":0,"comment_status":"closed","ping_status":"closed","template":"template-page-detail.php","meta":{"_acf_changed":false,"footnotes":""},"class_list":["post-1524","page","type-page","status-publish","hentry"],"acf":[],"yoast_head":"<!-- This site is optimized with the Yoast SEO plugin v25.7 - https:\/\/yoast.com\/wordpress\/plugins\/seo\/ -->\n<title>Nuestras Fuerzas - Le Clos de la Ribaudi\u00e8re<\/title>\n<meta name=\"description\" content=\"**** Hotel Restaurant Le Clos de la Ribaudiere ofrece el m\u00e1ximo confort, la accesibilidad, el sabor, la animaci\u00f3n o estudiar lugar para sus eventos.\" \/>\n<meta name=\"robots\" content=\"index, follow, max-snippet:-1, max-image-preview:large, max-video-preview:-1\" \/>\n<link rel=\"canonical\" href=\"https:\/\/www.ribaudiere.com\/es\/seminarios-y-eventos\/nuestras-fortalezas\/\" \/>\n<meta property=\"og:locale\" content=\"es_ES\" \/>\n<meta property=\"og:type\" content=\"article\" \/>\n<meta property=\"og:title\" content=\"Nuestras Fuerzas - Le Clos de la Ribaudi\u00e8re\" \/>\n<meta property=\"og:description\" content=\"**** Hotel Restaurant Le Clos de la Ribaudiere ofrece el m\u00e1ximo confort, la accesibilidad, el sabor, la animaci\u00f3n o estudiar lugar para sus eventos.\" \/>\n<meta property=\"og:url\" content=\"https:\/\/www.ribaudiere.com\/es\/seminarios-y-eventos\/nuestras-fortalezas\/\" \/>\n<meta property=\"og:site_name\" content=\"Le Clos de la Ribaudi\u00e8re\" \/>\n<meta property=\"article:modified_time\" content=\"2016-04-13T08:07:15+00:00\" \/>\n<meta property=\"og:image\" content=\"https:\/\/www.ribaudiere.com\/wp-content\/uploads\/2015\/11\/Bloc-21-1024x681.jpg\" \/>\n<meta name=\"twitter:card\" content=\"summary_large_image\" \/>\n<meta name=\"twitter:label1\" content=\"Tiempo de lectura\" \/>\n\t<meta name=\"twitter:data1\" content=\"5 minutos\" \/>\n<script type=\"application\/ld+json\" class=\"yoast-schema-graph\">{\"@context\":\"https:\/\/schema.org\",\"@graph\":[{\"@type\":\"WebPage\",\"@id\":\"https:\/\/www.ribaudiere.com\/es\/seminarios-y-eventos\/nuestras-fortalezas\/\",\"url\":\"https:\/\/www.ribaudiere.com\/es\/seminarios-y-eventos\/nuestras-fortalezas\/\",\"name\":\"Nuestras Fuerzas - Le Clos de la Ribaudi\u00e8re\",\"isPartOf\":{\"@id\":\"https:\/\/www.ribaudiere.com\/#website\"},\"datePublished\":\"2016-01-06T16:59:21+00:00\",\"dateModified\":\"2016-04-13T08:07:15+00:00\",\"description\":\"**** Hotel Restaurant Le Clos de la Ribaudiere ofrece el m\u00e1ximo confort, la accesibilidad, el sabor, la animaci\u00f3n o estudiar lugar para sus eventos.\",\"breadcrumb\":{\"@id\":\"https:\/\/www.ribaudiere.com\/es\/seminarios-y-eventos\/nuestras-fortalezas\/#breadcrumb\"},\"inLanguage\":\"es\",\"potentialAction\":[{\"@type\":\"ReadAction\",\"target\":[\"https:\/\/www.ribaudiere.com\/es\/seminarios-y-eventos\/nuestras-fortalezas\/\"]}]},{\"@type\":\"BreadcrumbList\",\"@id\":\"https:\/\/www.ribaudiere.com\/es\/seminarios-y-eventos\/nuestras-fortalezas\/#breadcrumb\",\"itemListElement\":[{\"@type\":\"ListItem\",\"position\":1,\"name\":\"Accueil\",\"item\":\"https:\/\/www.ribaudiere.com\/es\/\"},{\"@type\":\"ListItem\",\"position\":2,\"name\":\"Seminarios y Eventos\",\"item\":\"https:\/\/www.ribaudiere.com\/es\/seminarios-y-eventos\/\"},{\"@type\":\"ListItem\",\"position\":3,\"name\":\"Nuestras Fuerzas\"}]},{\"@type\":\"WebSite\",\"@id\":\"https:\/\/www.ribaudiere.com\/#website\",\"url\":\"https:\/\/www.ribaudiere.com\/\",\"name\":\"Le Clos de la Ribaudi\u00e8re\",\"description\":\"Un site utilisant WordPress\",\"potentialAction\":[{\"@type\":\"SearchAction\",\"target\":{\"@type\":\"EntryPoint\",\"urlTemplate\":\"https:\/\/www.ribaudiere.com\/?s={search_term_string}\"},\"query-input\":{\"@type\":\"PropertyValueSpecification\",\"valueRequired\":true,\"valueName\":\"search_term_string\"}}],\"inLanguage\":\"es\"}]}<\/script>\n<!-- \/ Yoast SEO plugin. -->","yoast_head_json":{"title":"Nuestras Fuerzas - Le Clos de la Ribaudi\u00e8re","description":"**** Hotel Restaurant Le Clos de la Ribaudiere ofrece el m\u00e1ximo confort, la accesibilidad, el sabor, la animaci\u00f3n o estudiar lugar para sus eventos.","robots":{"index":"index","follow":"follow","max-snippet":"max-snippet:-1","max-image-preview":"max-image-preview:large","max-video-preview":"max-video-preview:-1"},"canonical":"https:\/\/www.ribaudiere.com\/es\/seminarios-y-eventos\/nuestras-fortalezas\/","og_locale":"es_ES","og_type":"article","og_title":"Nuestras Fuerzas - Le Clos de la Ribaudi\u00e8re","og_description":"**** Hotel Restaurant Le Clos de la Ribaudiere ofrece el m\u00e1ximo confort, la accesibilidad, el sabor, la animaci\u00f3n o estudiar lugar para sus eventos.","og_url":"https:\/\/www.ribaudiere.com\/es\/seminarios-y-eventos\/nuestras-fortalezas\/","og_site_name":"Le Clos de la Ribaudi\u00e8re","article_modified_time":"2016-04-13T08:07:15+00:00","og_image":[{"url":"https:\/\/www.ribaudiere.com\/wp-content\/uploads\/2015\/11\/Bloc-21-1024x681.jpg","type":"","width":"","height":""}],"twitter_card":"summary_large_image","twitter_misc":{"Tiempo de lectura":"5 minutos"},"schema":{"@context":"https:\/\/schema.org","@graph":[{"@type":"WebPage","@id":"https:\/\/www.ribaudiere.com\/es\/seminarios-y-eventos\/nuestras-fortalezas\/","url":"https:\/\/www.ribaudiere.com\/es\/seminarios-y-eventos\/nuestras-fortalezas\/","name":"Nuestras Fuerzas - Le Clos de la Ribaudi\u00e8re","isPartOf":{"@id":"https:\/\/www.ribaudiere.com\/#website"},"datePublished":"2016-01-06T16:59:21+00:00","dateModified":"2016-04-13T08:07:15+00:00","description":"**** Hotel Restaurant Le Clos de la Ribaudiere ofrece el m\u00e1ximo confort, la accesibilidad, el sabor, la animaci\u00f3n o estudiar lugar para sus eventos.","breadcrumb":{"@id":"https:\/\/www.ribaudiere.com\/es\/seminarios-y-eventos\/nuestras-fortalezas\/#breadcrumb"},"inLanguage":"es","potentialAction":[{"@type":"ReadAction","target":["https:\/\/www.ribaudiere.com\/es\/seminarios-y-eventos\/nuestras-fortalezas\/"]}]},{"@type":"BreadcrumbList","@id":"https:\/\/www.ribaudiere.com\/es\/seminarios-y-eventos\/nuestras-fortalezas\/#breadcrumb","itemListElement":[{"@type":"ListItem","position":1,"name":"Accueil","item":"https:\/\/www.ribaudiere.com\/es\/"},{"@type":"ListItem","position":2,"name":"Seminarios y Eventos","item":"https:\/\/www.ribaudiere.com\/es\/seminarios-y-eventos\/"},{"@type":"ListItem","position":3,"name":"Nuestras Fuerzas"}]},{"@type":"WebSite","@id":"https:\/\/www.ribaudiere.com\/#website","url":"https:\/\/www.ribaudiere.com\/","name":"Le Clos de la Ribaudi\u00e8re","description":"Un site utilisant WordPress","potentialAction":[{"@type":"SearchAction","target":{"@type":"EntryPoint","urlTemplate":"https:\/\/www.ribaudiere.com\/?s={search_term_string}"},"query-input":{"@type":"PropertyValueSpecification","valueRequired":true,"valueName":"search_term_string"}}],"inLanguage":"es"}]}},"_links":{"self":[{"href":"https:\/\/www.ribaudiere.com\/es\/wp-json\/wp\/v2\/pages\/1524","targetHints":{"allow":["GET"]}}],"collection":[{"href":"https:\/\/www.ribaudiere.com\/es\/wp-json\/wp\/v2\/pages"}],"about":[{"href":"https:\/\/www.ribaudiere.com\/es\/wp-json\/wp\/v2\/types\/page"}],"author":[{"embeddable":true,"href":"https:\/\/www.ribaudiere.com\/es\/wp-json\/wp\/v2\/users\/1"}],"replies":[{"embeddable":true,"href":"https:\/\/www.ribaudiere.com\/es\/wp-json\/wp\/v2\/comments?post=1524"}],"version-history":[{"count":6,"href":"https:\/\/www.ribaudiere.com\/es\/wp-json\/wp\/v2\/pages\/1524\/revisions"}],"predecessor-version":[{"id":3003,"href":"https:\/\/www.ribaudiere.com\/es\/wp-json\/wp\/v2\/pages\/1524\/revisions\/3003"}],"up":[{"embeddable":true,"href":"https:\/\/www.ribaudiere.com\/es\/wp-json\/wp\/v2\/pages\/1516"}],"wp:attachment":[{"href":"https:\/\/www.ribaudiere.com\/es\/wp-json\/wp\/v2\/media?parent=1524"}],"curies":[{"name":"wp","href":"https:\/\/api.w.org\/{rel}","templated":true}]}}