{"id":1530,"date":"2016-01-07T11:08:36","date_gmt":"2016-01-07T10:08:36","guid":{"rendered":"http:\/\/www.ribaudiere.com\/es\/?page_id=1530"},"modified":"2026-01-03T11:35:06","modified_gmt":"2026-01-03T10:35:06","slug":"seminario","status":"publish","type":"page","link":"https:\/\/www.ribaudiere.com\/es\/seminarios-y-eventos\/seminario\/","title":{"rendered":"Seminarios"},"content":{"rendered":"<div class=\"wpb-content-wrapper\"><p>[vc_row el_class=\u00bbfond-gris intro-inner\u00bb][vc_column width=\u00bb1\/6&#8243;][\/vc_column][vc_column width=\u00bb2\/3&#8243;][vc_custom_heading text=\u00bbSeminarios\u00bb font_container=\u00bbtag:h1|text_align:center\u00bb use_theme_fonts=\u00bbyes\u00bb][vc_column_text]<\/p>\n<p style=\"text-align: center;\">Viva una experiencia positiva, favorezca el lazo con sus colaboradores, el Clos de la Ribaudi\u00e8re es el hu\u00e9sped de numerosas empresas.<br \/>\nPara incentivo o acciones puntuales, <span id=\"result_box\" class=\"\" lang=\"es\"><span class=\"\">la celebraci\u00f3n de eventos<\/span> corporativos, galas y c\u00f3cteles<\/span>, o todav\u00eda alojarse o formarse,<br \/>\nofr\u00e9zcales a sus colaboradores un marco verdoso y propicio al adelantamiento de s\u00ed.<\/p>\n<p>[\/vc_column_text][\/vc_column][vc_column width=\u00bb1\/6&#8243;][\/vc_column][\/vc_row][vc_row el_class=\u00bbborder-footer\u00bb][vc_column width=\u00bb1\/6&#8243;][\/vc_column][vc_column width=\u00bb2\/6&#8243;][vc_custom_heading text=\u00bbJornadas de estudio\u00bb use_theme_fonts=\u00bbyes\u00bb][vc_column_text css=\u00bb\u00bb el_class=\u00bbcontentmargbottom\u00bb]69 \u20ac por persona incluye:<\/p>\n<ul>\n<li>Disposici\u00f3n de una sala de reuni\u00f3n<\/li>\n<li>Caf\u00e9 de bienvenida<br \/>\ncaf\u00e9, t\u00e9, zumos y pasteles<\/li>\n<li>Almuerzo (bebidas incluidas)<br \/>\nentrada &#8211; plato principal \u2013 postre, aguas minerales, vino blanco y tinto, caf\u00e9.<\/li>\n<li>Pausa<br \/>\ncaf\u00e9, t\u00e9, zumos y mini postre<\/li>\n<\/ul>\n<p>[\/vc_column_text][vc_separator color=\u00bbwhite\u00bb el_class=\u00bbdividerbottommar\u00bb][\/vc_column][vc_column width=\u00bb2\/6&#8243; el_class=\u00bbgallerydiv\u00bb][vc_column_text]<\/p>\n\n\t\t<style type='text\/css'>\n\t\t\t#gallery-1 {\n\t\t\t\tmargin: auto;\n\t\t\t}\n\t\t\t#gallery-1 .gallery-item {\n\t\t\t\tfloat: left;\n\t\t\t\tmargin-top: 10px;\n\t\t\t\ttext-align: center;\n\t\t\t\twidth: 16%;\n\t\t\t}\n\t\t\t#gallery-1 img {\n\t\t\t\tborder: 2px solid #cfcfcf;\n\t\t\t}\n\t\t\t#gallery-1 .gallery-caption {\n\t\t\t\tmargin-left: 0;\n\t\t\t}\n\t\t\t\/* see gallery_shortcode() in wp-includes\/media.php *\/\n\t\t<\/style>\n\t\t<div id='gallery-1' class='gallery galleryid-1530 gallery-columns-6 gallery-size-large'><div class=\"groupgalery\">\n\t\t\t<div class='gallery-icon landscape' style='background:url(https:\/\/www.ribaudiere.com\/wp-content\/uploads\/2025\/01\/DSC6559-1024x682.jpg);'>\n\t\t\t\t<img loading=\"lazy\" decoding=\"async\" width=\"1024\" height=\"682\" src=\"https:\/\/www.ribaudiere.com\/wp-content\/uploads\/2025\/01\/DSC6559-1024x682.jpg\" class=\"attachment-large size-large\" alt=\"\" srcset=\"https:\/\/www.ribaudiere.com\/wp-content\/uploads\/2025\/01\/DSC6559-1024x682.jpg 1024w, https:\/\/www.ribaudiere.com\/wp-content\/uploads\/2025\/01\/DSC6559-300x200.jpg 300w, https:\/\/www.ribaudiere.com\/wp-content\/uploads\/2025\/01\/DSC6559-1536x1022.jpg 1536w, https:\/\/www.ribaudiere.com\/wp-content\/uploads\/2025\/01\/DSC6559.jpg 1920w\" sizes=\"auto, (max-width: 1024px) 100vw, 1024px\" \/>\n\t\t\t<\/div>\n\t\t\t<br style='clear: both' \/><\/div>\n\t\t<\/div>\n\n<p>[\/vc_column_text][\/vc_column][vc_column width=\u00bb1\/6&#8243;][\/vc_column][\/vc_row][vc_row el_class=\u00bbborder-footer\u00bb][vc_column width=\u00bb1\/6&#8243;][\/vc_column][vc_column width=\u00bb2\/6&#8243;][vc_custom_heading text=\u00bbSeminario Semi-residencial (Almuerzo o Cena)\u00bb use_theme_fonts=\u00bbyes\u00bb][vc_column_text css=\u00bb\u00bb el_class=\u00bbcontentmargbottom\u00bb]165 \u20ac por persona<br \/>\n127 \u20ac por persona en habitaci\u00f3n doble\/twin incluye:<\/p>\n<ul>\n<li>Disposici\u00f3n de una sala de reuni\u00f3n<\/li>\n<li>Caf\u00e9 de bienvenida<br \/>\ncaf\u00e9, t\u00e9, zumos y pasteles<\/li>\n<li>Almuerzo o Cena (bebidas incluidas)<br \/>\nentrada &#8211; plato principal \u2013 postre, aguas minerales, vino blanco y tinto, caf\u00e9.<\/li>\n<li>Pausa<br \/>\ncaf\u00e9, t\u00e9, zumos y mini postre<\/li>\n<li>Habitaci\u00f3n Confort<\/li>\n<li>Desayuno buffet<\/li>\n<\/ul>\n<p><em>Impuesto Municipal: 2,00 \u20ac por persona y por d\u00eda<\/em>[\/vc_column_text][vc_separator color=\u00bbwhite\u00bb el_class=\u00bbdividerbottommar\u00bb][\/vc_column][vc_column width=\u00bb2\/6&#8243; el_class=\u00bbgallerydiv\u00bb][vc_column_text]<\/p>\n\n\t\t<style type='text\/css'>\n\t\t\t#gallery-2 {\n\t\t\t\tmargin: auto;\n\t\t\t}\n\t\t\t#gallery-2 .gallery-item {\n\t\t\t\tfloat: left;\n\t\t\t\tmargin-top: 10px;\n\t\t\t\ttext-align: center;\n\t\t\t\twidth: 16%;\n\t\t\t}\n\t\t\t#gallery-2 img {\n\t\t\t\tborder: 2px solid #cfcfcf;\n\t\t\t}\n\t\t\t#gallery-2 .gallery-caption {\n\t\t\t\tmargin-left: 0;\n\t\t\t}\n\t\t\t\/* see gallery_shortcode() in wp-includes\/media.php *\/\n\t\t<\/style>\n\t\t<div id='gallery-2' class='gallery galleryid-1530 gallery-columns-6 gallery-size-large'><div class=\"groupgalery\">\n\t\t\t<div class='gallery-icon landscape' style='background:url(https:\/\/www.ribaudiere.com\/wp-content\/uploads\/2025\/01\/Salle-Nourry-1024x682.jpg);'>\n\t\t\t\t<img loading=\"lazy\" decoding=\"async\" width=\"1024\" height=\"682\" src=\"https:\/\/www.ribaudiere.com\/wp-content\/uploads\/2025\/01\/Salle-Nourry-1024x682.jpg\" class=\"attachment-large size-large\" alt=\"\" srcset=\"https:\/\/www.ribaudiere.com\/wp-content\/uploads\/2025\/01\/Salle-Nourry-1024x682.jpg 1024w, https:\/\/www.ribaudiere.com\/wp-content\/uploads\/2025\/01\/Salle-Nourry-300x200.jpg 300w, https:\/\/www.ribaudiere.com\/wp-content\/uploads\/2025\/01\/Salle-Nourry-1536x1022.jpg 1536w, https:\/\/www.ribaudiere.com\/wp-content\/uploads\/2025\/01\/Salle-Nourry.jpg 1920w\" sizes=\"auto, (max-width: 1024px) 100vw, 1024px\" \/>\n\t\t\t<\/div>\n\t\t\t<br style='clear: both' \/><\/div>\n\t\t<\/div>\n\n<p>[\/vc_column_text][\/vc_column][vc_column width=\u00bb1\/6&#8243;][\/vc_column][\/vc_row][vc_row el_class=\u00bbborder-footer\u00bb][vc_column width=\u00bb1\/6&#8243;][\/vc_column][vc_column width=\u00bb2\/6&#8243;][vc_custom_heading text=\u00bbSeminario Residencial (Almuerzo y Cena)\u00bb use_theme_fonts=\u00bbyes\u00bb css=\u00bb\u00bb][vc_column_text css=\u00bb\u00bb el_class=\u00bbcontentmargbottom\u00bb]215 \u20ac por persona<br \/>\n177 \u20ac por persona en habitaci\u00f3n doble\/twin incluye:<\/p>\n<ul>\n<li>Disposici\u00f3n de una sala de reuni\u00f3n<\/li>\n<li>Caf\u00e9 de bienvenida<br \/>\ncaf\u00e9, t\u00e9, zumos y pasteles<\/li>\n<li>Almuerzo y Cena (bebidas incluidas)<br \/>\nentrada &#8211; plato principal \u2013 postre, aguas minerales, vino blanco y tinto, caf\u00e9.<\/li>\n<li>Pausa<br \/>\ncaf\u00e9, t\u00e9, zumos y mini postre<\/li>\n<li>Habitaci\u00f3n Confort<\/li>\n<li>Desayuno buffet<\/li>\n<\/ul>\n<p><em>Impuesto Municipal: 2,00 \u20ac por persona y por d\u00eda<\/em>[\/vc_column_text][vc_separator color=\u00bbwhite\u00bb el_class=\u00bbdividerbottommar\u00bb][\/vc_column][vc_column width=\u00bb2\/6&#8243; el_class=\u00bbgallerydiv\u00bb][vc_column_text]<\/p>\n\n\t\t<style type='text\/css'>\n\t\t\t#gallery-3 {\n\t\t\t\tmargin: auto;\n\t\t\t}\n\t\t\t#gallery-3 .gallery-item {\n\t\t\t\tfloat: left;\n\t\t\t\tmargin-top: 10px;\n\t\t\t\ttext-align: center;\n\t\t\t\twidth: 16%;\n\t\t\t}\n\t\t\t#gallery-3 img {\n\t\t\t\tborder: 2px solid #cfcfcf;\n\t\t\t}\n\t\t\t#gallery-3 .gallery-caption {\n\t\t\t\tmargin-left: 0;\n\t\t\t}\n\t\t\t\/* see gallery_shortcode() in wp-includes\/media.php *\/\n\t\t<\/style>\n\t\t<div id='gallery-3' class='gallery galleryid-1530 gallery-columns-6 gallery-size-large'><div class=\"groupgalery\">\n\t\t\t<div class='gallery-icon landscape' style='background:url(https:\/\/www.ribaudiere.com\/wp-content\/uploads\/2025\/01\/salles-25-1024x682.jpg);'>\n\t\t\t\t<img loading=\"lazy\" decoding=\"async\" width=\"1024\" height=\"682\" src=\"https:\/\/www.ribaudiere.com\/wp-content\/uploads\/2025\/01\/salles-25-1024x682.jpg\" class=\"attachment-large size-large\" alt=\"\" srcset=\"https:\/\/www.ribaudiere.com\/wp-content\/uploads\/2025\/01\/salles-25-1024x682.jpg 1024w, https:\/\/www.ribaudiere.com\/wp-content\/uploads\/2025\/01\/salles-25-300x200.jpg 300w, https:\/\/www.ribaudiere.com\/wp-content\/uploads\/2025\/01\/salles-25.jpg 1400w\" sizes=\"auto, (max-width: 1024px) 100vw, 1024px\" \/>\n\t\t\t<\/div>\n\t\t\t<br style='clear: both' \/><\/div>\n\t\t<\/div>\n\n<p>[\/vc_column_text][\/vc_column][vc_column width=\u00bb1\/6&#8243;][\/vc_column][\/vc_row][vc_row el_class=\u00bbborder-footer\u00bb][vc_column width=\u00bb1\/6&#8243;][\/vc_column][vc_column width=\u00bb2\/6&#8243;][vc_custom_heading text=\u00bbEstancia Viaje de negocios\u00bb use_theme_fonts=\u00bbyes\u00bb][vc_column_text css=\u00bb\u00bb el_class=\u00bbcontentmargbottom\u00bb]V\u00e1lida para una persona, de lunes a jueves, incluye:<\/p>\n<ul>\n<li>Men\u00fa sin bebidas, con entrada, plato principal, queso o postre,<\/li>\n<li>Habitaci\u00f3n individual<\/li>\n<li>Desayuno buffet<\/li>\n<\/ul>\n<p>Habitaci\u00f3n Confort : 128\u20ac<br \/>\nHabitaci\u00f3n Prestige : 143\u20ac<br \/>\nSuite Junior : 153\u20ac<br \/>\nHabitaci\u00f3n Deluxe : 168\u20ac<br \/>\nSuite balneoterapia : 178\u20ac<\/p>\n<p><em>Impuesto Municipal: 2,00 \u20ac por persona y por d\u00eda<br \/>\n<\/em>[\/vc_column_text][vc_separator color=\u00bbwhite\u00bb el_class=\u00bbdividerbottommar\u00bb][\/vc_column][vc_column width=\u00bb2\/6&#8243; el_class=\u00bbgallerydiv\u00bb][vc_column_text]<\/p>\n\n\t\t<style type='text\/css'>\n\t\t\t#gallery-4 {\n\t\t\t\tmargin: auto;\n\t\t\t}\n\t\t\t#gallery-4 .gallery-item {\n\t\t\t\tfloat: left;\n\t\t\t\tmargin-top: 10px;\n\t\t\t\ttext-align: center;\n\t\t\t\twidth: 16%;\n\t\t\t}\n\t\t\t#gallery-4 img {\n\t\t\t\tborder: 2px solid #cfcfcf;\n\t\t\t}\n\t\t\t#gallery-4 .gallery-caption {\n\t\t\t\tmargin-left: 0;\n\t\t\t}\n\t\t\t\/* see gallery_shortcode() in wp-includes\/media.php *\/\n\t\t<\/style>\n\t\t<div id='gallery-4' class='gallery galleryid-1530 gallery-columns-6 gallery-size-large'><div class=\"groupgalery\">\n\t\t\t<div class='gallery-icon landscape' style='background:url(https:\/\/www.ribaudiere.com\/wp-content\/uploads\/2025\/01\/Salle_Mozart_U-1024x680.jpg);'>\n\t\t\t\t<img loading=\"lazy\" decoding=\"async\" width=\"1024\" height=\"680\" src=\"https:\/\/www.ribaudiere.com\/wp-content\/uploads\/2025\/01\/Salle_Mozart_U-1024x680.jpg\" class=\"attachment-large size-large\" alt=\"\" srcset=\"https:\/\/www.ribaudiere.com\/wp-content\/uploads\/2025\/01\/Salle_Mozart_U-1024x680.jpg 1024w, https:\/\/www.ribaudiere.com\/wp-content\/uploads\/2025\/01\/Salle_Mozart_U-300x199.jpg 300w, https:\/\/www.ribaudiere.com\/wp-content\/uploads\/2025\/01\/Salle_Mozart_U-1536x1020.jpg 1536w, https:\/\/www.ribaudiere.com\/wp-content\/uploads\/2025\/01\/Salle_Mozart_U.jpg 1920w\" sizes=\"auto, (max-width: 1024px) 100vw, 1024px\" \/>\n\t\t\t<\/div>\n\t\t\t<br style='clear: both' \/><\/div>\n\t\t<\/div>\n\n<p>[\/vc_column_text][\/vc_column][vc_column width=\u00bb1\/6&#8243;][\/vc_column][\/vc_row]<\/p>\n<\/div>","protected":false},"excerpt":{"rendered":"<p>[vc_row el_class=\u00bbfond-gris intro-inner\u00bb][vc_column width=\u00bb1\/6&#8243;][\/vc_column][vc_column width=\u00bb2\/3&#8243;][vc_custom_heading text=\u00bbSeminarios\u00bb font_container=\u00bbtag:h1|text_align:center\u00bb use_theme_fonts=\u00bbyes\u00bb][vc_column_text] Viva una experiencia positiva, favorezca el lazo con sus colaboradores, el Clos de la Ribaudi\u00e8re es el hu\u00e9sped de numerosas empresas. Para incentivo o acciones puntuales, la celebraci\u00f3n de eventos corporativos, galas y c\u00f3cteles, o todav\u00eda alojarse o formarse, ofr\u00e9zcales a sus colaboradores un marco verdoso y [&hellip;]<\/p>\n","protected":false},"author":1,"featured_media":0,"parent":1516,"menu_order":0,"comment_status":"closed","ping_status":"closed","template":"template-page-detail.php","meta":{"_acf_changed":false,"footnotes":""},"class_list":["post-1530","page","type-page","status-publish","hentry"],"acf":[],"yoast_head":"<!-- This site is optimized with the Yoast SEO plugin v25.7 - https:\/\/yoast.com\/wordpress\/plugins\/seo\/ -->\n<title>Seminarios - Le Clos de la Ribaudi\u00e8re<\/title>\n<meta name=\"robots\" content=\"index, follow, max-snippet:-1, max-image-preview:large, max-video-preview:-1\" \/>\n<link rel=\"canonical\" href=\"https:\/\/www.ribaudiere.com\/es\/seminarios-y-eventos\/seminario\/\" \/>\n<meta property=\"og:locale\" content=\"es_ES\" \/>\n<meta property=\"og:type\" content=\"article\" \/>\n<meta property=\"og:title\" content=\"Seminarios - Le Clos de la Ribaudi\u00e8re\" \/>\n<meta property=\"og:description\" content=\"[vc_row el_class=\u00bbfond-gris intro-inner\u00bb][vc_column width=\u00bb1\/6&#8243;][\/vc_column][vc_column width=\u00bb2\/3&#8243;][vc_custom_heading text=\u00bbSeminarios\u00bb font_container=\u00bbtag:h1|text_align:center\u00bb use_theme_fonts=\u00bbyes\u00bb][vc_column_text] Viva una experiencia positiva, favorezca el lazo con sus colaboradores, el Clos de la Ribaudi\u00e8re es el hu\u00e9sped de numerosas empresas. Para incentivo o acciones puntuales, la celebraci\u00f3n de eventos corporativos, galas y c\u00f3cteles, o todav\u00eda alojarse o formarse, ofr\u00e9zcales a sus colaboradores un marco verdoso y [&hellip;]\" \/>\n<meta property=\"og:url\" content=\"https:\/\/www.ribaudiere.com\/es\/seminarios-y-eventos\/seminario\/\" \/>\n<meta property=\"og:site_name\" content=\"Le Clos de la Ribaudi\u00e8re\" \/>\n<meta property=\"article:modified_time\" content=\"2026-01-03T10:35:06+00:00\" \/>\n<meta name=\"twitter:card\" content=\"summary_large_image\" \/>\n<meta name=\"twitter:label1\" content=\"Tiempo de lectura\" \/>\n\t<meta name=\"twitter:data1\" content=\"2 minutos\" \/>\n<script type=\"application\/ld+json\" class=\"yoast-schema-graph\">{\"@context\":\"https:\/\/schema.org\",\"@graph\":[{\"@type\":\"WebPage\",\"@id\":\"https:\/\/www.ribaudiere.com\/es\/seminarios-y-eventos\/seminario\/\",\"url\":\"https:\/\/www.ribaudiere.com\/es\/seminarios-y-eventos\/seminario\/\",\"name\":\"Seminarios - Le Clos de la Ribaudi\u00e8re\",\"isPartOf\":{\"@id\":\"https:\/\/www.ribaudiere.com\/#website\"},\"datePublished\":\"2016-01-07T10:08:36+00:00\",\"dateModified\":\"2026-01-03T10:35:06+00:00\",\"breadcrumb\":{\"@id\":\"https:\/\/www.ribaudiere.com\/es\/seminarios-y-eventos\/seminario\/#breadcrumb\"},\"inLanguage\":\"es\",\"potentialAction\":[{\"@type\":\"ReadAction\",\"target\":[\"https:\/\/www.ribaudiere.com\/es\/seminarios-y-eventos\/seminario\/\"]}]},{\"@type\":\"BreadcrumbList\",\"@id\":\"https:\/\/www.ribaudiere.com\/es\/seminarios-y-eventos\/seminario\/#breadcrumb\",\"itemListElement\":[{\"@type\":\"ListItem\",\"position\":1,\"name\":\"Accueil\",\"item\":\"https:\/\/www.ribaudiere.com\/es\/\"},{\"@type\":\"ListItem\",\"position\":2,\"name\":\"Seminarios y Eventos\",\"item\":\"https:\/\/www.ribaudiere.com\/es\/seminarios-y-eventos\/\"},{\"@type\":\"ListItem\",\"position\":3,\"name\":\"Seminarios\"}]},{\"@type\":\"WebSite\",\"@id\":\"https:\/\/www.ribaudiere.com\/#website\",\"url\":\"https:\/\/www.ribaudiere.com\/\",\"name\":\"Le Clos de la Ribaudi\u00e8re\",\"description\":\"Un site utilisant WordPress\",\"potentialAction\":[{\"@type\":\"SearchAction\",\"target\":{\"@type\":\"EntryPoint\",\"urlTemplate\":\"https:\/\/www.ribaudiere.com\/?s={search_term_string}\"},\"query-input\":{\"@type\":\"PropertyValueSpecification\",\"valueRequired\":true,\"valueName\":\"search_term_string\"}}],\"inLanguage\":\"es\"}]}<\/script>\n<!-- \/ Yoast SEO plugin. -->","yoast_head_json":{"title":"Seminarios - Le Clos de la Ribaudi\u00e8re","robots":{"index":"index","follow":"follow","max-snippet":"max-snippet:-1","max-image-preview":"max-image-preview:large","max-video-preview":"max-video-preview:-1"},"canonical":"https:\/\/www.ribaudiere.com\/es\/seminarios-y-eventos\/seminario\/","og_locale":"es_ES","og_type":"article","og_title":"Seminarios - Le Clos de la Ribaudi\u00e8re","og_description":"[vc_row el_class=\u00bbfond-gris intro-inner\u00bb][vc_column width=\u00bb1\/6&#8243;][\/vc_column][vc_column width=\u00bb2\/3&#8243;][vc_custom_heading text=\u00bbSeminarios\u00bb font_container=\u00bbtag:h1|text_align:center\u00bb use_theme_fonts=\u00bbyes\u00bb][vc_column_text] Viva una experiencia positiva, favorezca el lazo con sus colaboradores, el Clos de la Ribaudi\u00e8re es el hu\u00e9sped de numerosas empresas. Para incentivo o acciones puntuales, la celebraci\u00f3n de eventos corporativos, galas y c\u00f3cteles, o todav\u00eda alojarse o formarse, ofr\u00e9zcales a sus colaboradores un marco verdoso y [&hellip;]","og_url":"https:\/\/www.ribaudiere.com\/es\/seminarios-y-eventos\/seminario\/","og_site_name":"Le Clos de la Ribaudi\u00e8re","article_modified_time":"2026-01-03T10:35:06+00:00","twitter_card":"summary_large_image","twitter_misc":{"Tiempo de lectura":"2 minutos"},"schema":{"@context":"https:\/\/schema.org","@graph":[{"@type":"WebPage","@id":"https:\/\/www.ribaudiere.com\/es\/seminarios-y-eventos\/seminario\/","url":"https:\/\/www.ribaudiere.com\/es\/seminarios-y-eventos\/seminario\/","name":"Seminarios - Le Clos de la Ribaudi\u00e8re","isPartOf":{"@id":"https:\/\/www.ribaudiere.com\/#website"},"datePublished":"2016-01-07T10:08:36+00:00","dateModified":"2026-01-03T10:35:06+00:00","breadcrumb":{"@id":"https:\/\/www.ribaudiere.com\/es\/seminarios-y-eventos\/seminario\/#breadcrumb"},"inLanguage":"es","potentialAction":[{"@type":"ReadAction","target":["https:\/\/www.ribaudiere.com\/es\/seminarios-y-eventos\/seminario\/"]}]},{"@type":"BreadcrumbList","@id":"https:\/\/www.ribaudiere.com\/es\/seminarios-y-eventos\/seminario\/#breadcrumb","itemListElement":[{"@type":"ListItem","position":1,"name":"Accueil","item":"https:\/\/www.ribaudiere.com\/es\/"},{"@type":"ListItem","position":2,"name":"Seminarios y Eventos","item":"https:\/\/www.ribaudiere.com\/es\/seminarios-y-eventos\/"},{"@type":"ListItem","position":3,"name":"Seminarios"}]},{"@type":"WebSite","@id":"https:\/\/www.ribaudiere.com\/#website","url":"https:\/\/www.ribaudiere.com\/","name":"Le Clos de la Ribaudi\u00e8re","description":"Un site utilisant WordPress","potentialAction":[{"@type":"SearchAction","target":{"@type":"EntryPoint","urlTemplate":"https:\/\/www.ribaudiere.com\/?s={search_term_string}"},"query-input":{"@type":"PropertyValueSpecification","valueRequired":true,"valueName":"search_term_string"}}],"inLanguage":"es"}]}},"_links":{"self":[{"href":"https:\/\/www.ribaudiere.com\/es\/wp-json\/wp\/v2\/pages\/1530","targetHints":{"allow":["GET"]}}],"collection":[{"href":"https:\/\/www.ribaudiere.com\/es\/wp-json\/wp\/v2\/pages"}],"about":[{"href":"https:\/\/www.ribaudiere.com\/es\/wp-json\/wp\/v2\/types\/page"}],"author":[{"embeddable":true,"href":"https:\/\/www.ribaudiere.com\/es\/wp-json\/wp\/v2\/users\/1"}],"replies":[{"embeddable":true,"href":"https:\/\/www.ribaudiere.com\/es\/wp-json\/wp\/v2\/comments?post=1530"}],"version-history":[{"count":27,"href":"https:\/\/www.ribaudiere.com\/es\/wp-json\/wp\/v2\/pages\/1530\/revisions"}],"predecessor-version":[{"id":43637,"href":"https:\/\/www.ribaudiere.com\/es\/wp-json\/wp\/v2\/pages\/1530\/revisions\/43637"}],"up":[{"embeddable":true,"href":"https:\/\/www.ribaudiere.com\/es\/wp-json\/wp\/v2\/pages\/1516"}],"wp:attachment":[{"href":"https:\/\/www.ribaudiere.com\/es\/wp-json\/wp\/v2\/media?parent=1530"}],"curies":[{"name":"wp","href":"https:\/\/api.w.org\/{rel}","templated":true}]}}