{"id":1640,"date":"2016-01-07T17:56:17","date_gmt":"2016-01-07T16:56:17","guid":{"rendered":"http:\/\/www.ribaudiere.com\/es\/?page_id=1640"},"modified":"2023-07-17T20:31:28","modified_gmt":"2023-07-17T19:31:28","slug":"galerie-photos","status":"publish","type":"page","link":"https:\/\/www.ribaudiere.com\/es\/el-restaurante\/galerie-photos\/","title":{"rendered":"Galeria de fotos"},"content":{"rendered":"<div class=\"wpb-content-wrapper\"><p>[vc_row el_class=\u00bbfond-gris intro-inner\u00bb][vc_column width=\u00bb1\/6&#8243;][\/vc_column][vc_column width=\u00bb2\/3&#8243;][vc_custom_heading text=\u00bbGaleria de fotos\u00bb font_container=\u00bbtag:h1|text_align:center\u00bb use_theme_fonts=\u00bbyes\u00bb][\/vc_column][vc_column width=\u00bb1\/6&#8243;][\/vc_column][\/vc_row][vc_row el_id=\u00bbgalerierestaurant\u00bb][vc_column][vc_column_text]<\/p>\n\n\t\t<style type='text\/css'>\n\t\t\t#gallery-1 {\n\t\t\t\tmargin: auto;\n\t\t\t}\n\t\t\t#gallery-1 .gallery-item {\n\t\t\t\tfloat: left;\n\t\t\t\tmargin-top: 10px;\n\t\t\t\ttext-align: center;\n\t\t\t\twidth: 100%;\n\t\t\t}\n\t\t\t#gallery-1 img {\n\t\t\t\tborder: 2px solid #cfcfcf;\n\t\t\t}\n\t\t\t#gallery-1 .gallery-caption {\n\t\t\t\tmargin-left: 0;\n\t\t\t}\n\t\t\t\/* see gallery_shortcode() in wp-includes\/media.php *\/\n\t\t<\/style>\n\t\t<div id='gallery-1' class='gallery galleryid-1640 gallery-columns-1 gallery-size-large'><div class=\"groupgalery\">\n\t\t\t<div class='gallery-icon landscape' style='background:url(https:\/\/www.ribaudiere.com\/wp-content\/uploads\/2015\/11\/chef-1024x682.jpg);'>\n\t\t\t\t<img loading=\"lazy\" decoding=\"async\" width=\"1024\" height=\"682\" src=\"https:\/\/www.ribaudiere.com\/wp-content\/uploads\/2015\/11\/chef-1024x682.jpg\" class=\"attachment-large size-large\" alt=\"\" srcset=\"https:\/\/www.ribaudiere.com\/wp-content\/uploads\/2015\/11\/chef-1024x682.jpg 1024w, https:\/\/www.ribaudiere.com\/wp-content\/uploads\/2015\/11\/chef-300x200.jpg 300w, https:\/\/www.ribaudiere.com\/wp-content\/uploads\/2015\/11\/chef-600x399.jpg 600w\" sizes=\"auto, (max-width: 1024px) 100vw, 1024px\" \/>\n\t\t\t<\/div><br style=\"clear: both\" \/>\n\t\t\t<div class='gallery-icon landscape' style='background:url(https:\/\/www.ribaudiere.com\/wp-content\/uploads\/2015\/11\/clos-HD-104-1024x683.jpg);'>\n\t\t\t\t<img loading=\"lazy\" decoding=\"async\" width=\"1024\" height=\"683\" src=\"https:\/\/www.ribaudiere.com\/wp-content\/uploads\/2015\/11\/clos-HD-104-1024x683.jpg\" class=\"attachment-large size-large\" alt=\"\" srcset=\"https:\/\/www.ribaudiere.com\/wp-content\/uploads\/2015\/11\/clos-HD-104-1024x683.jpg 1024w, https:\/\/www.ribaudiere.com\/wp-content\/uploads\/2015\/11\/clos-HD-104-300x200.jpg 300w, https:\/\/www.ribaudiere.com\/wp-content\/uploads\/2015\/11\/clos-HD-104-600x400.jpg 600w\" sizes=\"auto, (max-width: 1024px) 100vw, 1024px\" \/>\n\t\t\t<\/div><br style=\"clear: both\" \/>\n\t\t\t<div class='gallery-icon landscape' style='background:url(https:\/\/www.ribaudiere.com\/wp-content\/uploads\/2015\/11\/clos-HD-109-1024x683.jpg);'>\n\t\t\t\t<img loading=\"lazy\" decoding=\"async\" width=\"1024\" height=\"683\" src=\"https:\/\/www.ribaudiere.com\/wp-content\/uploads\/2015\/11\/clos-HD-109-1024x683.jpg\" class=\"attachment-large size-large\" alt=\"\" srcset=\"https:\/\/www.ribaudiere.com\/wp-content\/uploads\/2015\/11\/clos-HD-109-1024x683.jpg 1024w, https:\/\/www.ribaudiere.com\/wp-content\/uploads\/2015\/11\/clos-HD-109-300x200.jpg 300w, https:\/\/www.ribaudiere.com\/wp-content\/uploads\/2015\/11\/clos-HD-109-600x400.jpg 600w\" sizes=\"auto, (max-width: 1024px) 100vw, 1024px\" \/>\n\t\t\t<\/div><br style=\"clear: both\" \/>\n\t\t\t<div class='gallery-icon landscape' style='background:url(https:\/\/www.ribaudiere.com\/wp-content\/uploads\/2015\/11\/clos-HD-118-1024x683.jpg);'>\n\t\t\t\t<img loading=\"lazy\" decoding=\"async\" width=\"1024\" height=\"683\" src=\"https:\/\/www.ribaudiere.com\/wp-content\/uploads\/2015\/11\/clos-HD-118-1024x683.jpg\" class=\"attachment-large size-large\" alt=\"\" srcset=\"https:\/\/www.ribaudiere.com\/wp-content\/uploads\/2015\/11\/clos-HD-118-1024x683.jpg 1024w, https:\/\/www.ribaudiere.com\/wp-content\/uploads\/2015\/11\/clos-HD-118-300x200.jpg 300w, https:\/\/www.ribaudiere.com\/wp-content\/uploads\/2015\/11\/clos-HD-118-600x400.jpg 600w\" sizes=\"auto, (max-width: 1024px) 100vw, 1024px\" \/>\n\t\t\t<\/div><br style=\"clear: both\" \/>\n\t\t\t<div class='gallery-icon portrait' style='background:url(https:\/\/www.ribaudiere.com\/wp-content\/uploads\/2022\/04\/1-720x1024.jpg);'>\n\t\t\t\t<img loading=\"lazy\" decoding=\"async\" width=\"720\" height=\"1024\" src=\"https:\/\/www.ribaudiere.com\/wp-content\/uploads\/2022\/04\/1-720x1024.jpg\" class=\"attachment-large size-large\" alt=\"\" srcset=\"https:\/\/www.ribaudiere.com\/wp-content\/uploads\/2022\/04\/1-720x1024.jpg 720w, https:\/\/www.ribaudiere.com\/wp-content\/uploads\/2022\/04\/1-211x300.jpg 211w, https:\/\/www.ribaudiere.com\/wp-content\/uploads\/2022\/04\/1-1080x1536.jpg 1080w, https:\/\/www.ribaudiere.com\/wp-content\/uploads\/2022\/04\/1-1320x1877.jpg 1320w, https:\/\/www.ribaudiere.com\/wp-content\/uploads\/2022\/04\/1.jpg 1350w\" sizes=\"auto, (max-width: 720px) 100vw, 720px\" \/>\n\t\t\t<\/div><br style=\"clear: both\" \/>\n\t\t\t<div class='gallery-icon landscape' style='background:url(https:\/\/www.ribaudiere.com\/wp-content\/uploads\/2022\/04\/50b0c1ea-1727-411b-9f3d-538ba7a46b68-1024x682.jpg);'>\n\t\t\t\t<img loading=\"lazy\" decoding=\"async\" width=\"1024\" height=\"682\" src=\"https:\/\/www.ribaudiere.com\/wp-content\/uploads\/2022\/04\/50b0c1ea-1727-411b-9f3d-538ba7a46b68-1024x682.jpg\" class=\"attachment-large size-large\" alt=\"\" srcset=\"https:\/\/www.ribaudiere.com\/wp-content\/uploads\/2022\/04\/50b0c1ea-1727-411b-9f3d-538ba7a46b68-1024x682.jpg 1024w, https:\/\/www.ribaudiere.com\/wp-content\/uploads\/2022\/04\/50b0c1ea-1727-411b-9f3d-538ba7a46b68-300x200.jpg 300w, https:\/\/www.ribaudiere.com\/wp-content\/uploads\/2022\/04\/50b0c1ea-1727-411b-9f3d-538ba7a46b68-1536x1023.jpg 1536w, https:\/\/www.ribaudiere.com\/wp-content\/uploads\/2022\/04\/50b0c1ea-1727-411b-9f3d-538ba7a46b68-1320x879.jpg 1320w, https:\/\/www.ribaudiere.com\/wp-content\/uploads\/2022\/04\/50b0c1ea-1727-411b-9f3d-538ba7a46b68.jpg 1920w\" sizes=\"auto, (max-width: 1024px) 100vw, 1024px\" \/>\n\t\t\t<\/div><br style=\"clear: both\" \/>\n\t\t\t<div class='gallery-icon landscape' style='background:url(https:\/\/www.ribaudiere.com\/wp-content\/uploads\/2022\/04\/500cce77-9de9-4b3a-8b72-7bd1b2d3fe62-1024x682.jpg);'>\n\t\t\t\t<img loading=\"lazy\" decoding=\"async\" width=\"1024\" height=\"682\" src=\"https:\/\/www.ribaudiere.com\/wp-content\/uploads\/2022\/04\/500cce77-9de9-4b3a-8b72-7bd1b2d3fe62-1024x682.jpg\" class=\"attachment-large size-large\" alt=\"\" srcset=\"https:\/\/www.ribaudiere.com\/wp-content\/uploads\/2022\/04\/500cce77-9de9-4b3a-8b72-7bd1b2d3fe62-1024x682.jpg 1024w, https:\/\/www.ribaudiere.com\/wp-content\/uploads\/2022\/04\/500cce77-9de9-4b3a-8b72-7bd1b2d3fe62-300x200.jpg 300w, https:\/\/www.ribaudiere.com\/wp-content\/uploads\/2022\/04\/500cce77-9de9-4b3a-8b72-7bd1b2d3fe62-1536x1023.jpg 1536w, https:\/\/www.ribaudiere.com\/wp-content\/uploads\/2022\/04\/500cce77-9de9-4b3a-8b72-7bd1b2d3fe62-1320x879.jpg 1320w, https:\/\/www.ribaudiere.com\/wp-content\/uploads\/2022\/04\/500cce77-9de9-4b3a-8b72-7bd1b2d3fe62.jpg 2048w\" sizes=\"auto, (max-width: 1024px) 100vw, 1024px\" \/>\n\t\t\t<\/div><br style=\"clear: both\" \/>\n\t\t\t<div class='gallery-icon landscape' style='background:url(https:\/\/www.ribaudiere.com\/wp-content\/uploads\/2022\/04\/a2ae73d6-6dca-46cb-b4f1-e3a9290521c3-1024x682.jpg);'>\n\t\t\t\t<img loading=\"lazy\" decoding=\"async\" width=\"1024\" height=\"682\" src=\"https:\/\/www.ribaudiere.com\/wp-content\/uploads\/2022\/04\/a2ae73d6-6dca-46cb-b4f1-e3a9290521c3-1024x682.jpg\" class=\"attachment-large size-large\" alt=\"\" srcset=\"https:\/\/www.ribaudiere.com\/wp-content\/uploads\/2022\/04\/a2ae73d6-6dca-46cb-b4f1-e3a9290521c3-1024x682.jpg 1024w, https:\/\/www.ribaudiere.com\/wp-content\/uploads\/2022\/04\/a2ae73d6-6dca-46cb-b4f1-e3a9290521c3-300x200.jpg 300w, https:\/\/www.ribaudiere.com\/wp-content\/uploads\/2022\/04\/a2ae73d6-6dca-46cb-b4f1-e3a9290521c3-1536x1023.jpg 1536w, https:\/\/www.ribaudiere.com\/wp-content\/uploads\/2022\/04\/a2ae73d6-6dca-46cb-b4f1-e3a9290521c3-1320x879.jpg 1320w, https:\/\/www.ribaudiere.com\/wp-content\/uploads\/2022\/04\/a2ae73d6-6dca-46cb-b4f1-e3a9290521c3.jpg 1920w\" sizes=\"auto, (max-width: 1024px) 100vw, 1024px\" \/>\n\t\t\t<\/div><br style=\"clear: both\" \/>\n\t\t\t<div class='gallery-icon portrait' style='background:url(https:\/\/www.ribaudiere.com\/wp-content\/uploads\/2022\/04\/e9492db9-bb58-45c4-9111-4b18174af6bc-682x1024.jpg);'>\n\t\t\t\t<img loading=\"lazy\" decoding=\"async\" width=\"682\" height=\"1024\" src=\"https:\/\/www.ribaudiere.com\/wp-content\/uploads\/2022\/04\/e9492db9-bb58-45c4-9111-4b18174af6bc-682x1024.jpg\" class=\"attachment-large size-large\" alt=\"\" srcset=\"https:\/\/www.ribaudiere.com\/wp-content\/uploads\/2022\/04\/e9492db9-bb58-45c4-9111-4b18174af6bc-682x1024.jpg 682w, https:\/\/www.ribaudiere.com\/wp-content\/uploads\/2022\/04\/e9492db9-bb58-45c4-9111-4b18174af6bc-200x300.jpg 200w, https:\/\/www.ribaudiere.com\/wp-content\/uploads\/2022\/04\/e9492db9-bb58-45c4-9111-4b18174af6bc-1023x1536.jpg 1023w, https:\/\/www.ribaudiere.com\/wp-content\/uploads\/2022\/04\/e9492db9-bb58-45c4-9111-4b18174af6bc.jpg 1279w\" sizes=\"auto, (max-width: 682px) 100vw, 682px\" \/>\n\t\t\t<\/div><br style=\"clear: both\" \/>\n\t\t\t<div class='gallery-icon portrait' style='background:url(https:\/\/www.ribaudiere.com\/wp-content\/uploads\/2023\/07\/photo7-683x1024.jpg);'>\n\t\t\t\t<img loading=\"lazy\" decoding=\"async\" width=\"683\" height=\"1024\" src=\"https:\/\/www.ribaudiere.com\/wp-content\/uploads\/2023\/07\/photo7-683x1024.jpg\" class=\"attachment-large size-large\" alt=\"\" srcset=\"https:\/\/www.ribaudiere.com\/wp-content\/uploads\/2023\/07\/photo7-683x1024.jpg 683w, https:\/\/www.ribaudiere.com\/wp-content\/uploads\/2023\/07\/photo7-200x300.jpg 200w, https:\/\/www.ribaudiere.com\/wp-content\/uploads\/2023\/07\/photo7-1024x1536.jpg 1024w, https:\/\/www.ribaudiere.com\/wp-content\/uploads\/2023\/07\/photo7.jpg 1280w\" sizes=\"auto, (max-width: 683px) 100vw, 683px\" \/>\n\t\t\t<\/div><br style=\"clear: both\" \/>\n\t\t\t<div class='gallery-icon landscape' style='background:url(https:\/\/www.ribaudiere.com\/wp-content\/uploads\/2023\/07\/photo-3-1024x683.jpg);'>\n\t\t\t\t<img loading=\"lazy\" decoding=\"async\" width=\"1024\" height=\"683\" src=\"https:\/\/www.ribaudiere.com\/wp-content\/uploads\/2023\/07\/photo-3-1024x683.jpg\" class=\"attachment-large size-large\" alt=\"\" srcset=\"https:\/\/www.ribaudiere.com\/wp-content\/uploads\/2023\/07\/photo-3-1024x683.jpg 1024w, https:\/\/www.ribaudiere.com\/wp-content\/uploads\/2023\/07\/photo-3-300x200.jpg 300w, https:\/\/www.ribaudiere.com\/wp-content\/uploads\/2023\/07\/photo-3-1536x1024.jpg 1536w, https:\/\/www.ribaudiere.com\/wp-content\/uploads\/2023\/07\/photo-3-1320x880.jpg 1320w, https:\/\/www.ribaudiere.com\/wp-content\/uploads\/2023\/07\/photo-3.jpg 1920w\" sizes=\"auto, (max-width: 1024px) 100vw, 1024px\" \/>\n\t\t\t<\/div><br style=\"clear: both\" \/>\n\t\t\t<div class='gallery-icon portrait' style='background:url(https:\/\/www.ribaudiere.com\/wp-content\/uploads\/2023\/07\/viande-1-683x1024.jpg);'>\n\t\t\t\t<img loading=\"lazy\" decoding=\"async\" width=\"683\" height=\"1024\" src=\"https:\/\/www.ribaudiere.com\/wp-content\/uploads\/2023\/07\/viande-1-683x1024.jpg\" class=\"attachment-large size-large\" alt=\"\" srcset=\"https:\/\/www.ribaudiere.com\/wp-content\/uploads\/2023\/07\/viande-1-683x1024.jpg 683w, https:\/\/www.ribaudiere.com\/wp-content\/uploads\/2023\/07\/viande-1-200x300.jpg 200w, https:\/\/www.ribaudiere.com\/wp-content\/uploads\/2023\/07\/viande-1-1024x1536.jpg 1024w, https:\/\/www.ribaudiere.com\/wp-content\/uploads\/2023\/07\/viande-1.jpg 1280w\" sizes=\"auto, (max-width: 683px) 100vw, 683px\" \/>\n\t\t\t<\/div><br style=\"clear: both\" \/>\n\t\t\t<div class='gallery-icon landscape' style='background:url(https:\/\/www.ribaudiere.com\/wp-content\/uploads\/2023\/07\/photo-1024x683.jpg);'>\n\t\t\t\t<img loading=\"lazy\" decoding=\"async\" width=\"1024\" height=\"683\" src=\"https:\/\/www.ribaudiere.com\/wp-content\/uploads\/2023\/07\/photo-1024x683.jpg\" class=\"attachment-large size-large\" alt=\"\" srcset=\"https:\/\/www.ribaudiere.com\/wp-content\/uploads\/2023\/07\/photo-1024x683.jpg 1024w, https:\/\/www.ribaudiere.com\/wp-content\/uploads\/2023\/07\/photo-300x200.jpg 300w, https:\/\/www.ribaudiere.com\/wp-content\/uploads\/2023\/07\/photo-1536x1024.jpg 1536w, https:\/\/www.ribaudiere.com\/wp-content\/uploads\/2023\/07\/photo-1320x880.jpg 1320w, https:\/\/www.ribaudiere.com\/wp-content\/uploads\/2023\/07\/photo.jpg 1920w\" sizes=\"auto, (max-width: 1024px) 100vw, 1024px\" \/>\n\t\t\t<\/div><br style=\"clear: both\" \/>\n\t\t\t<div class='gallery-icon landscape' style='background:url(https:\/\/www.ribaudiere.com\/wp-content\/uploads\/2023\/07\/Thon-snacke-1-1024x683.jpg);'>\n\t\t\t\t<img loading=\"lazy\" decoding=\"async\" width=\"1024\" height=\"683\" src=\"https:\/\/www.ribaudiere.com\/wp-content\/uploads\/2023\/07\/Thon-snacke-1-1024x683.jpg\" class=\"attachment-large size-large\" alt=\"\" srcset=\"https:\/\/www.ribaudiere.com\/wp-content\/uploads\/2023\/07\/Thon-snacke-1-1024x683.jpg 1024w, https:\/\/www.ribaudiere.com\/wp-content\/uploads\/2023\/07\/Thon-snacke-1-300x200.jpg 300w, https:\/\/www.ribaudiere.com\/wp-content\/uploads\/2023\/07\/Thon-snacke-1-1536x1024.jpg 1536w, https:\/\/www.ribaudiere.com\/wp-content\/uploads\/2023\/07\/Thon-snacke-1-1320x880.jpg 1320w, https:\/\/www.ribaudiere.com\/wp-content\/uploads\/2023\/07\/Thon-snacke-1.jpg 1920w\" sizes=\"auto, (max-width: 1024px) 100vw, 1024px\" \/>\n\t\t\t<\/div><br style=\"clear: both\" \/>\n\t\t\t<div class='gallery-icon landscape' style='background:url(https:\/\/www.ribaudiere.com\/wp-content\/uploads\/2023\/07\/fraise-1-1024x683.jpg);'>\n\t\t\t\t<img loading=\"lazy\" decoding=\"async\" width=\"1024\" height=\"683\" src=\"https:\/\/www.ribaudiere.com\/wp-content\/uploads\/2023\/07\/fraise-1-1024x683.jpg\" class=\"attachment-large size-large\" alt=\"\" srcset=\"https:\/\/www.ribaudiere.com\/wp-content\/uploads\/2023\/07\/fraise-1-1024x683.jpg 1024w, https:\/\/www.ribaudiere.com\/wp-content\/uploads\/2023\/07\/fraise-1-300x200.jpg 300w, https:\/\/www.ribaudiere.com\/wp-content\/uploads\/2023\/07\/fraise-1-1536x1024.jpg 1536w, https:\/\/www.ribaudiere.com\/wp-content\/uploads\/2023\/07\/fraise-1-1320x880.jpg 1320w, https:\/\/www.ribaudiere.com\/wp-content\/uploads\/2023\/07\/fraise-1.jpg 1920w\" sizes=\"auto, (max-width: 1024px) 100vw, 1024px\" \/>\n\t\t\t<\/div><br style=\"clear: both\" \/>\n\t\t\t<div class='gallery-icon landscape' style='background:url(https:\/\/www.ribaudiere.com\/wp-content\/uploads\/2023\/07\/esquimau-1-1024x683.jpg);'>\n\t\t\t\t<img loading=\"lazy\" decoding=\"async\" width=\"1024\" height=\"683\" src=\"https:\/\/www.ribaudiere.com\/wp-content\/uploads\/2023\/07\/esquimau-1-1024x683.jpg\" class=\"attachment-large size-large\" alt=\"\" srcset=\"https:\/\/www.ribaudiere.com\/wp-content\/uploads\/2023\/07\/esquimau-1-1024x683.jpg 1024w, https:\/\/www.ribaudiere.com\/wp-content\/uploads\/2023\/07\/esquimau-1-300x200.jpg 300w, https:\/\/www.ribaudiere.com\/wp-content\/uploads\/2023\/07\/esquimau-1-1536x1024.jpg 1536w, https:\/\/www.ribaudiere.com\/wp-content\/uploads\/2023\/07\/esquimau-1-1320x880.jpg 1320w, https:\/\/www.ribaudiere.com\/wp-content\/uploads\/2023\/07\/esquimau-1.jpg 1920w\" sizes=\"auto, (max-width: 1024px) 100vw, 1024px\" \/>\n\t\t\t<\/div><br style=\"clear: both\" \/><\/div>\n\t\t<\/div>\n\n<p>[\/vc_column_text][\/vc_column][\/vc_row]<\/p>\n<\/div>","protected":false},"excerpt":{"rendered":"<p>[vc_row el_class=\u00bbfond-gris intro-inner\u00bb][vc_column width=\u00bb1\/6&#8243;][\/vc_column][vc_column width=\u00bb2\/3&#8243;][vc_custom_heading text=\u00bbGaleria de fotos\u00bb font_container=\u00bbtag:h1|text_align:center\u00bb use_theme_fonts=\u00bbyes\u00bb][\/vc_column][vc_column width=\u00bb1\/6&#8243;][\/vc_column][\/vc_row][vc_row el_id=\u00bbgalerierestaurant\u00bb][vc_column][vc_column_text] [\/vc_column_text][\/vc_column][\/vc_row]<\/p>\n","protected":false},"author":1,"featured_media":0,"parent":1638,"menu_order":0,"comment_status":"closed","ping_status":"closed","template":"template-page-gallery.php","meta":{"_acf_changed":false,"footnotes":""},"class_list":["post-1640","page","type-page","status-publish","hentry"],"acf":[],"yoast_head":"<!-- This site is optimized with the Yoast SEO plugin v25.7 - https:\/\/yoast.com\/wordpress\/plugins\/seo\/ -->\n<title>Galeria de fotos - Le Clos de la Ribaudi\u00e8re<\/title>\n<meta name=\"description\" content=\"Le Clos de la Ribaudi\u00e8re **** restaurante del hotel, \u00e9galement c&#039;est une exp\u00e9rience. -D\u00e9couvrez la avec notre galerie fotos.\" \/>\n<meta name=\"robots\" content=\"index, follow, max-snippet:-1, max-image-preview:large, max-video-preview:-1\" \/>\n<link rel=\"canonical\" href=\"https:\/\/www.ribaudiere.com\/es\/el-restaurante\/galerie-photos\/\" \/>\n<meta property=\"og:locale\" content=\"es_ES\" \/>\n<meta property=\"og:type\" content=\"article\" \/>\n<meta property=\"og:title\" content=\"Galeria de fotos - Le Clos de la Ribaudi\u00e8re\" \/>\n<meta property=\"og:description\" content=\"Le Clos de la Ribaudi\u00e8re **** restaurante del hotel, \u00e9galement c&#039;est une exp\u00e9rience. -D\u00e9couvrez la avec notre galerie fotos.\" \/>\n<meta property=\"og:url\" content=\"https:\/\/www.ribaudiere.com\/es\/el-restaurante\/galerie-photos\/\" \/>\n<meta property=\"og:site_name\" content=\"Le Clos de la Ribaudi\u00e8re\" \/>\n<meta property=\"article:modified_time\" content=\"2023-07-17T19:31:28+00:00\" \/>\n<meta name=\"twitter:card\" content=\"summary_large_image\" \/>\n<script type=\"application\/ld+json\" class=\"yoast-schema-graph\">{\"@context\":\"https:\/\/schema.org\",\"@graph\":[{\"@type\":\"WebPage\",\"@id\":\"https:\/\/www.ribaudiere.com\/es\/el-restaurante\/galerie-photos\/\",\"url\":\"https:\/\/www.ribaudiere.com\/es\/el-restaurante\/galerie-photos\/\",\"name\":\"Galeria de fotos - Le Clos de la Ribaudi\u00e8re\",\"isPartOf\":{\"@id\":\"https:\/\/www.ribaudiere.com\/#website\"},\"datePublished\":\"2016-01-07T16:56:17+00:00\",\"dateModified\":\"2023-07-17T19:31:28+00:00\",\"description\":\"Le Clos de la Ribaudi\u00e8re **** restaurante del hotel, \u00e9galement c'est une exp\u00e9rience. -D\u00e9couvrez la avec notre galerie fotos.\",\"breadcrumb\":{\"@id\":\"https:\/\/www.ribaudiere.com\/es\/el-restaurante\/galerie-photos\/#breadcrumb\"},\"inLanguage\":\"es\",\"potentialAction\":[{\"@type\":\"ReadAction\",\"target\":[\"https:\/\/www.ribaudiere.com\/es\/el-restaurante\/galerie-photos\/\"]}]},{\"@type\":\"BreadcrumbList\",\"@id\":\"https:\/\/www.ribaudiere.com\/es\/el-restaurante\/galerie-photos\/#breadcrumb\",\"itemListElement\":[{\"@type\":\"ListItem\",\"position\":1,\"name\":\"Accueil\",\"item\":\"https:\/\/www.ribaudiere.com\/es\/\"},{\"@type\":\"ListItem\",\"position\":2,\"name\":\"El Restaurante\",\"item\":\"https:\/\/www.ribaudiere.com\/es\/el-restaurante\/\"},{\"@type\":\"ListItem\",\"position\":3,\"name\":\"Galeria de fotos\"}]},{\"@type\":\"WebSite\",\"@id\":\"https:\/\/www.ribaudiere.com\/#website\",\"url\":\"https:\/\/www.ribaudiere.com\/\",\"name\":\"Le Clos de la Ribaudi\u00e8re\",\"description\":\"Un site utilisant WordPress\",\"potentialAction\":[{\"@type\":\"SearchAction\",\"target\":{\"@type\":\"EntryPoint\",\"urlTemplate\":\"https:\/\/www.ribaudiere.com\/?s={search_term_string}\"},\"query-input\":{\"@type\":\"PropertyValueSpecification\",\"valueRequired\":true,\"valueName\":\"search_term_string\"}}],\"inLanguage\":\"es\"}]}<\/script>\n<!-- \/ Yoast SEO plugin. -->","yoast_head_json":{"title":"Galeria de fotos - Le Clos de la Ribaudi\u00e8re","description":"Le Clos de la Ribaudi\u00e8re **** restaurante del hotel, \u00e9galement c'est une exp\u00e9rience. -D\u00e9couvrez la avec notre galerie fotos.","robots":{"index":"index","follow":"follow","max-snippet":"max-snippet:-1","max-image-preview":"max-image-preview:large","max-video-preview":"max-video-preview:-1"},"canonical":"https:\/\/www.ribaudiere.com\/es\/el-restaurante\/galerie-photos\/","og_locale":"es_ES","og_type":"article","og_title":"Galeria de fotos - Le Clos de la Ribaudi\u00e8re","og_description":"Le Clos de la Ribaudi\u00e8re **** restaurante del hotel, \u00e9galement c'est une exp\u00e9rience. -D\u00e9couvrez la avec notre galerie fotos.","og_url":"https:\/\/www.ribaudiere.com\/es\/el-restaurante\/galerie-photos\/","og_site_name":"Le Clos de la Ribaudi\u00e8re","article_modified_time":"2023-07-17T19:31:28+00:00","twitter_card":"summary_large_image","schema":{"@context":"https:\/\/schema.org","@graph":[{"@type":"WebPage","@id":"https:\/\/www.ribaudiere.com\/es\/el-restaurante\/galerie-photos\/","url":"https:\/\/www.ribaudiere.com\/es\/el-restaurante\/galerie-photos\/","name":"Galeria de fotos - Le Clos de la Ribaudi\u00e8re","isPartOf":{"@id":"https:\/\/www.ribaudiere.com\/#website"},"datePublished":"2016-01-07T16:56:17+00:00","dateModified":"2023-07-17T19:31:28+00:00","description":"Le Clos de la Ribaudi\u00e8re **** restaurante del hotel, \u00e9galement c'est une exp\u00e9rience. -D\u00e9couvrez la avec notre galerie fotos.","breadcrumb":{"@id":"https:\/\/www.ribaudiere.com\/es\/el-restaurante\/galerie-photos\/#breadcrumb"},"inLanguage":"es","potentialAction":[{"@type":"ReadAction","target":["https:\/\/www.ribaudiere.com\/es\/el-restaurante\/galerie-photos\/"]}]},{"@type":"BreadcrumbList","@id":"https:\/\/www.ribaudiere.com\/es\/el-restaurante\/galerie-photos\/#breadcrumb","itemListElement":[{"@type":"ListItem","position":1,"name":"Accueil","item":"https:\/\/www.ribaudiere.com\/es\/"},{"@type":"ListItem","position":2,"name":"El Restaurante","item":"https:\/\/www.ribaudiere.com\/es\/el-restaurante\/"},{"@type":"ListItem","position":3,"name":"Galeria de fotos"}]},{"@type":"WebSite","@id":"https:\/\/www.ribaudiere.com\/#website","url":"https:\/\/www.ribaudiere.com\/","name":"Le Clos de la Ribaudi\u00e8re","description":"Un site utilisant WordPress","potentialAction":[{"@type":"SearchAction","target":{"@type":"EntryPoint","urlTemplate":"https:\/\/www.ribaudiere.com\/?s={search_term_string}"},"query-input":{"@type":"PropertyValueSpecification","valueRequired":true,"valueName":"search_term_string"}}],"inLanguage":"es"}]}},"_links":{"self":[{"href":"https:\/\/www.ribaudiere.com\/es\/wp-json\/wp\/v2\/pages\/1640","targetHints":{"allow":["GET"]}}],"collection":[{"href":"https:\/\/www.ribaudiere.com\/es\/wp-json\/wp\/v2\/pages"}],"about":[{"href":"https:\/\/www.ribaudiere.com\/es\/wp-json\/wp\/v2\/types\/page"}],"author":[{"embeddable":true,"href":"https:\/\/www.ribaudiere.com\/es\/wp-json\/wp\/v2\/users\/1"}],"replies":[{"embeddable":true,"href":"https:\/\/www.ribaudiere.com\/es\/wp-json\/wp\/v2\/comments?post=1640"}],"version-history":[{"count":11,"href":"https:\/\/www.ribaudiere.com\/es\/wp-json\/wp\/v2\/pages\/1640\/revisions"}],"predecessor-version":[{"id":36207,"href":"https:\/\/www.ribaudiere.com\/es\/wp-json\/wp\/v2\/pages\/1640\/revisions\/36207"}],"up":[{"embeddable":true,"href":"https:\/\/www.ribaudiere.com\/es\/wp-json\/wp\/v2\/pages\/1638"}],"wp:attachment":[{"href":"https:\/\/www.ribaudiere.com\/es\/wp-json\/wp\/v2\/media?parent=1640"}],"curies":[{"name":"wp","href":"https:\/\/api.w.org\/{rel}","templated":true}]}}