{"id":7740,"date":"2018-04-09T14:04:44","date_gmt":"2018-04-09T13:04:44","guid":{"rendered":"http:\/\/www.ribaudiere.com\/?page_id=7740\/"},"modified":"2020-03-01T23:42:16","modified_gmt":"2020-03-01T22:42:16","slug":"prolongue-su-estancia","status":"publish","type":"page","link":"https:\/\/www.ribaudiere.com\/es\/paquetes-de-vacaciones-en-el-poitou-charentes\/prolongue-su-estancia\/","title":{"rendered":"Prolongue su estancia"},"content":{"rendered":"<div class=\"wpb-content-wrapper\"><p>[vc_row el_class=\u00bbfond-gris intro-inner\u00bb][vc_column width=\u00bb1\/6&#8243;][\/vc_column][vc_column width=\u00bb2\/3&#8243;][vc_custom_heading text=\u00bbProlongue su estancia\u00bb font_container=\u00bbtag:h1|text_align:center\u00bb use_theme_fonts=\u00bbyes\u00bb][vc_column_text 0=\u00bb\u00bb]<\/p>\n<div class=\"wpb_column vc_column_container vc_col-sm-8\">\n<div class=\"vc_column-inner \">\n<div class=\"wpb_wrapper\">\n<div class=\"wpb_text_column wpb_content_element \">\n<div class=\"wpb_wrapper\">\n<p style=\"text-align: center;\">Castillos del Loira a Rochelle, pasando por el Puy du Fou o el Marais Poitevin, el Clos de la Ribaudi\u00e8re le invita a prolongar su estancia, gracias a su situaci\u00f3n privilegiada.<\/p>\n<\/div>\n<\/div>\n<\/div>\n<\/div>\n<\/div>\n<div class=\"wpb_column vc_column_container vc_col-sm-2\" style=\"text-align: center;\"><\/div>\n<p>[\/vc_column_text][\/vc_column][vc_column width=\u00bb1\/6&#8243;][\/vc_column][\/vc_row][vc_row el_class=\u00bbborder-footer\u00bb][vc_column width=\u00bb1\/6&#8243;][\/vc_column][vc_column width=\u00bb2\/6&#8243;][vc_custom_heading text=\u00bbCenter Parcs\u00bb use_theme_fonts=\u00bbyes\u00bb][vc_column_text el_class=\u00bbcontentmargbottom\u00bb]<\/p>\n<div class=\"wpb_text_column wpb_content_element contentmargbottom\">\n<div class=\"wpb_wrapper\">\n<p>Saque provecho de la naturaleza y las actividades l\u00fadicas del \u00faltimo Center Parcs. A una hora del Clos, el Dominio del Bosque a los Gamos, cerca de Loudun le propone :<span id=\"result_box\" class=\"\" lang=\"es\"><\/span><\/div>\n<\/div>\n<div class=\"text-container\">\n<ul>\n<li><span id=\"result_box\" class=\"\" lang=\"es\"><span class=\"\">260 hect\u00e1reas de naturaleza virgen donde se pueden encontrar grullas, jabal\u00edes, ciervos y muchos otros animales<\/span><\/span><\/li>\n<li><span id=\"result_box\" class=\"\" lang=\"es\"><span class=\"\">Una experiencia sin precedentes: el Cenote Pool, una piscina donde nadas observando peces en el medio de los corales<\/span><\/span><\/li>\n<li><span id=\"result_box\" class=\"\" lang=\"es\"> <span class=\"\">El Deep Nature Spa: 1.300 m\u00b2 de bienestar con Bio Sauna, Laconium, Hammam, ba\u00f1o de aromaterapia y duchas sensoriales<\/span><\/span><\/li>\n<li><span id=\"result_box\" class=\"\" lang=\"es\">Alojamientos inusuales colgando en los \u00e1rboles<\/span><\/li>\n<\/ul>\n<\/div>\n<p>[\/vc_column_text][vc_separator color=\u00bbwhite\u00bb el_class=\u00bbdividerbottommar\u00bb][\/vc_column][vc_column width=\u00bb2\/6&#8243; el_class=\u00bbgallerydiv\u00bb][vc_video link=\u00bbhttps:\/\/youtu.be\/9o3v33ATg60&#8243;][\/vc_column][vc_column width=\u00bb1\/6&#8243;][\/vc_column][\/vc_row][vc_row el_class=\u00bbborder-footer\u00bb][vc_column width=\u00bb1\/6&#8243;][\/vc_column][vc_column width=\u00bb2\/6&#8243;][vc_custom_heading text=\u00bbLe Marais Poitevin\u00bb use_theme_fonts=\u00bbyes\u00bb][vc_column_text el_class=\u00bbcontentmargbottom\u00bb]A un poco m\u00e1s de una hora del Clos de la Ribaudi\u00e8re, a<span id=\"result_box\" class=\"\" lang=\"es\" tabindex=\"-1\"><span class=\"\">vent\u00farase en el Marais Poitevin, <\/span><\/span>oda al silencio y a la naturaleza.<span id=\"result_box\" class=\"\" lang=\"es\" tabindex=\"-1\"> <\/span><\/p>\n<p><span id=\"result_box\" class=\"\" lang=\"es\" tabindex=\"-1\"><span class=\"\">Sitio natural \u00fanico en Europa y el segundo pantano m\u00e1s grande de Francia, el Marais Poitevin representa un tercio de las marismas costeras del Atl\u00e1ntico.<\/span> <span class=\"\">Este territorio excepcional por su riqueza ecol\u00f3gica, su fauna, su flora y su patrimonio cultural y paisaj\u00edstico merece que nos tomemos el tiempo para descubrirlo.<br \/>\n<\/span><\/span><span id=\"result_box\" class=\"\" lang=\"es\" tabindex=\"-1\"><br \/>\nEncuentre muchas actividades para toda la familia: paseos en bote o en canoa, senderismo, ciclismo, pesca, visita a pueblos t\u00edpicos, parques de animales&#8230;<\/span>[\/vc_column_text][vc_separator color=\u00bbwhite\u00bb el_class=\u00bbdividerbottommar\u00bb][\/vc_column][vc_column width=\u00bb2\/6&#8243;][vc_column_text]<\/p>\n\n\t\t<style type='text\/css'>\n\t\t\t#gallery-1 {\n\t\t\t\tmargin: auto;\n\t\t\t}\n\t\t\t#gallery-1 .gallery-item {\n\t\t\t\tfloat: left;\n\t\t\t\tmargin-top: 10px;\n\t\t\t\ttext-align: center;\n\t\t\t\twidth: 16%;\n\t\t\t}\n\t\t\t#gallery-1 img {\n\t\t\t\tborder: 2px solid #cfcfcf;\n\t\t\t}\n\t\t\t#gallery-1 .gallery-caption {\n\t\t\t\tmargin-left: 0;\n\t\t\t}\n\t\t\t\/* see gallery_shortcode() in wp-includes\/media.php *\/\n\t\t<\/style>\n\t\t<div id='gallery-1' class='gallery galleryid-7740 gallery-columns-6 gallery-size-large'><div class=\"groupgalery\">\n\t\t\t<div class='gallery-icon landscape' style='background:url(https:\/\/www.ribaudiere.com\/wp-content\/uploads\/2016\/01\/3-MaraisPoitevin-1024x783.jpg);'>\n\t\t\t\t<img loading=\"lazy\" decoding=\"async\" width=\"1024\" height=\"783\" src=\"https:\/\/www.ribaudiere.com\/wp-content\/uploads\/2016\/01\/3-MaraisPoitevin-1024x783.jpg\" class=\"attachment-large size-large\" alt=\"\" srcset=\"https:\/\/www.ribaudiere.com\/wp-content\/uploads\/2016\/01\/3-MaraisPoitevin-1024x783.jpg 1024w, https:\/\/www.ribaudiere.com\/wp-content\/uploads\/2016\/01\/3-MaraisPoitevin-300x229.jpg 300w, https:\/\/www.ribaudiere.com\/wp-content\/uploads\/2016\/01\/3-MaraisPoitevin-600x459.jpg 600w, https:\/\/www.ribaudiere.com\/wp-content\/uploads\/2016\/01\/3-MaraisPoitevin.jpg 1340w\" sizes=\"auto, (max-width: 1024px) 100vw, 1024px\" \/>\n\t\t\t<\/div>\n\t\t\t<br style='clear: both' \/><\/div>\n\t\t<\/div>\n\n<p>[\/vc_column_text][\/vc_column][vc_column width=\u00bb1\/6&#8243;][\/vc_column][\/vc_row][vc_row el_class=\u00bbborder-footer\u00bb][vc_column width=\u00bb1\/6&#8243;][\/vc_column][vc_column width=\u00bb2\/6&#8243;][vc_custom_heading text=\u00bbLa Rochelle\u00bb use_theme_fonts=\u00bbyes\u00bb][vc_column_text el_class=\u00bbcontentmargbottom\u00bb]<\/p>\n<div class=\"wpb_text_column wpb_content_element contentmargbottom\">\n<div class=\"wpb_wrapper\">\n<p>La Rochelle es una ciudad francesa de 76.848 habitantes; capital del departamento de Charente Mar\u00edtimo. Es un puerto de la fachada atl\u00e1ntica de Francia aproximadamente equidistante de la punta de Breta\u00f1a y del Pa\u00eds Vasco franc\u00e9s. Alberga un aeropuerto compartido con la Isla de R\u00e9. El casco viejo de la ciudad tiene varios edificios del siglo XII. Las torres (de la Cha\u00eene, San Nicol\u00e1s, en el viejo puerto, del Gran Reloj y de la <i>Lanterne<\/i>) datan de los siglo XIV y XV, mientras que el Ayuntamiento es de estilo renacentista. La ciudad alberga tambi\u00e9n muchos museos, entre ellos el museo acu\u00e1tico \u00abL\u2019Aquarium\u00bb (El acuario). El segundo puerto de ocio de Francia, \u201cLes Minimes\u201d, se encuentra al sur de la ciudad.<\/div>\n<\/div>\n<p>[\/vc_column_text][vc_separator color=\u00bbwhite\u00bb el_class=\u00bbdividerbottommar\u00bb][\/vc_column][vc_column width=\u00bb2\/6&#8243;][vc_column_text]<\/p>\n\n\t\t<style type='text\/css'>\n\t\t\t#gallery-2 {\n\t\t\t\tmargin: auto;\n\t\t\t}\n\t\t\t#gallery-2 .gallery-item {\n\t\t\t\tfloat: left;\n\t\t\t\tmargin-top: 10px;\n\t\t\t\ttext-align: center;\n\t\t\t\twidth: 16%;\n\t\t\t}\n\t\t\t#gallery-2 img {\n\t\t\t\tborder: 2px solid #cfcfcf;\n\t\t\t}\n\t\t\t#gallery-2 .gallery-caption {\n\t\t\t\tmargin-left: 0;\n\t\t\t}\n\t\t\t\/* see gallery_shortcode() in wp-includes\/media.php *\/\n\t\t<\/style>\n\t\t<div id='gallery-2' class='gallery galleryid-7740 gallery-columns-6 gallery-size-large'><div class=\"groupgalery\">\n\t\t\t<div class='gallery-icon landscape' style='background:url(https:\/\/www.ribaudiere.com\/wp-content\/uploads\/2018\/04\/la-rochelle.jpg);'>\n\t\t\t\t<img loading=\"lazy\" decoding=\"async\" width=\"830\" height=\"554\" src=\"https:\/\/www.ribaudiere.com\/wp-content\/uploads\/2018\/04\/la-rochelle.jpg\" class=\"attachment-large size-large\" alt=\"\" aria-describedby=\"gallery-2-7749\" srcset=\"https:\/\/www.ribaudiere.com\/wp-content\/uploads\/2018\/04\/la-rochelle.jpg 830w, https:\/\/www.ribaudiere.com\/wp-content\/uploads\/2018\/04\/la-rochelle-300x200.jpg 300w, https:\/\/www.ribaudiere.com\/wp-content\/uploads\/2018\/04\/la-rochelle-600x400.jpg 600w\" sizes=\"auto, (max-width: 830px) 100vw, 830px\" \/>\n\t\t\t<\/div>\n\t\t\t<br style='clear: both' \/><\/div>\n\t\t<\/div>\n\n<p>[\/vc_column_text][\/vc_column][vc_column width=\u00bb1\/6&#8243;][\/vc_column][\/vc_row][vc_row el_class=\u00bbborder-footer\u00bb][vc_column width=\u00bb1\/6&#8243;][\/vc_column][vc_column width=\u00bb2\/6&#8243;][vc_custom_heading text=\u00bbEl parque del Puy du Fou\u00bb use_theme_fonts=\u00bbyes\u00bb][vc_column_text el_class=\u00bbcontentmargbottom\u00bb]<\/p>\n<div class=\"wpb_text_column wpb_content_element contentmargbottom\">\n<div class=\"wpb_wrapper\">\n<p>Viva una estancia inolvidable en el Puy du Fou, elegido mejor Parque del mundo en 2012 (Thea Classiq Award) y 2014 (Applause Award) y parque preferido de los franceses desde hace 3 a\u00f1os (IFOP), por menos de 2 horas del Clos de la Ribaudi\u00e8re.<\/p><\/div>\n<\/div>\n<div class=\"vc_separator wpb_content_element vc_separator_align_center vc_sep_width_100 vc_sep_pos_align_center vc_separator_no_text vc_sep_color_white dividerbottommar\"><\/div>\n<p><span class=\"st\">\u00a0<\/span>[\/vc_column_text][vc_separator color=\u00bbwhite\u00bb el_class=\u00bbdividerbottommar\u00bb][\/vc_column][vc_column width=\u00bb2\/6&#8243; el_class=\u00bbgallerydiv\u00bb][vc_video link=\u00bbhttps:\/\/www.youtube.com\/watch?v=QodnIWQP6-0&#8243;][\/vc_column][\/vc_row]<\/p>\n<\/div>","protected":false},"excerpt":{"rendered":"<p>[vc_row el_class=\u00bbfond-gris intro-inner\u00bb][vc_column width=\u00bb1\/6&#8243;][\/vc_column][vc_column width=\u00bb2\/3&#8243;][vc_custom_heading text=\u00bbProlongue su estancia\u00bb font_container=\u00bbtag:h1|text_align:center\u00bb use_theme_fonts=\u00bbyes\u00bb][vc_column_text 0=\u00bb\u00bb] Castillos del Loira a Rochelle, pasando por el Puy du Fou o el Marais Poitevin, el Clos de la Ribaudi\u00e8re le invita a prolongar su estancia, gracias a su situaci\u00f3n privilegiada. [\/vc_column_text][\/vc_column][vc_column width=\u00bb1\/6&#8243;][\/vc_column][\/vc_row][vc_row el_class=\u00bbborder-footer\u00bb][vc_column width=\u00bb1\/6&#8243;][\/vc_column][vc_column width=\u00bb2\/6&#8243;][vc_custom_heading text=\u00bbCenter Parcs\u00bb use_theme_fonts=\u00bbyes\u00bb][vc_column_text el_class=\u00bbcontentmargbottom\u00bb] Saque provecho de la [&hellip;]<\/p>\n","protected":false},"author":3,"featured_media":1068,"parent":1467,"menu_order":0,"comment_status":"closed","ping_status":"closed","template":"template-page-detail.php","meta":{"_acf_changed":false,"footnotes":""},"class_list":["post-7740","page","type-page","status-publish","has-post-thumbnail","hentry"],"acf":[],"yoast_head":"<!-- This site is optimized with the Yoast SEO plugin v25.7 - https:\/\/yoast.com\/wordpress\/plugins\/seo\/ -->\n<title>Prolongue su estancia - Le Clos de la Ribaudi\u00e8re<\/title>\n<meta name=\"description\" content=\"Le Clos de la Ribaudiere invites you to extend your stay: from the Loire Valley to La Rochelle, through the Puy du Fou or the Marais Poitevin.\" \/>\n<meta name=\"robots\" content=\"index, follow, max-snippet:-1, max-image-preview:large, max-video-preview:-1\" \/>\n<link rel=\"canonical\" href=\"https:\/\/www.ribaudiere.com\/es\/paquetes-de-vacaciones-en-el-poitou-charentes\/prolongue-su-estancia\/\" \/>\n<meta property=\"og:locale\" content=\"es_ES\" \/>\n<meta property=\"og:type\" content=\"article\" \/>\n<meta property=\"og:title\" content=\"Prolongue su estancia - Le Clos de la Ribaudi\u00e8re\" \/>\n<meta property=\"og:description\" content=\"Le Clos de la Ribaudiere invites you to extend your stay: from the Loire Valley to La Rochelle, through the Puy du Fou or the Marais Poitevin.\" \/>\n<meta property=\"og:url\" content=\"https:\/\/www.ribaudiere.com\/es\/paquetes-de-vacaciones-en-el-poitou-charentes\/prolongue-su-estancia\/\" \/>\n<meta property=\"og:site_name\" content=\"Le Clos de la Ribaudi\u00e8re\" \/>\n<meta property=\"article:modified_time\" content=\"2020-03-01T22:42:16+00:00\" \/>\n<meta property=\"og:image\" content=\"https:\/\/www.ribaudiere.com\/wp-content\/uploads\/2015\/11\/FRD5081.jpg\" \/>\n\t<meta property=\"og:image:width\" content=\"4256\" \/>\n\t<meta property=\"og:image:height\" content=\"2832\" \/>\n\t<meta property=\"og:image:type\" content=\"image\/jpeg\" \/>\n<meta name=\"twitter:card\" content=\"summary_large_image\" \/>\n<meta name=\"twitter:label1\" content=\"Tiempo de lectura\" \/>\n\t<meta name=\"twitter:data1\" content=\"4 minutos\" \/>\n<script type=\"application\/ld+json\" class=\"yoast-schema-graph\">{\"@context\":\"https:\/\/schema.org\",\"@graph\":[{\"@type\":\"WebPage\",\"@id\":\"https:\/\/www.ribaudiere.com\/es\/paquetes-de-vacaciones-en-el-poitou-charentes\/prolongue-su-estancia\/\",\"url\":\"https:\/\/www.ribaudiere.com\/es\/paquetes-de-vacaciones-en-el-poitou-charentes\/prolongue-su-estancia\/\",\"name\":\"Prolongue su estancia - Le Clos de la Ribaudi\u00e8re\",\"isPartOf\":{\"@id\":\"https:\/\/www.ribaudiere.com\/#website\"},\"primaryImageOfPage\":{\"@id\":\"https:\/\/www.ribaudiere.com\/es\/paquetes-de-vacaciones-en-el-poitou-charentes\/prolongue-su-estancia\/#primaryimage\"},\"image\":{\"@id\":\"https:\/\/www.ribaudiere.com\/es\/paquetes-de-vacaciones-en-el-poitou-charentes\/prolongue-su-estancia\/#primaryimage\"},\"thumbnailUrl\":\"https:\/\/www.ribaudiere.com\/wp-content\/uploads\/2015\/11\/FRD5081.jpg\",\"datePublished\":\"2018-04-09T13:04:44+00:00\",\"dateModified\":\"2020-03-01T22:42:16+00:00\",\"description\":\"Le Clos de la Ribaudiere invites you to extend your stay: from the Loire Valley to La Rochelle, through the Puy du Fou or the Marais Poitevin.\",\"breadcrumb\":{\"@id\":\"https:\/\/www.ribaudiere.com\/es\/paquetes-de-vacaciones-en-el-poitou-charentes\/prolongue-su-estancia\/#breadcrumb\"},\"inLanguage\":\"es\",\"potentialAction\":[{\"@type\":\"ReadAction\",\"target\":[\"https:\/\/www.ribaudiere.com\/es\/paquetes-de-vacaciones-en-el-poitou-charentes\/prolongue-su-estancia\/\"]}]},{\"@type\":\"ImageObject\",\"inLanguage\":\"es\",\"@id\":\"https:\/\/www.ribaudiere.com\/es\/paquetes-de-vacaciones-en-el-poitou-charentes\/prolongue-su-estancia\/#primaryimage\",\"url\":\"https:\/\/www.ribaudiere.com\/wp-content\/uploads\/2015\/11\/FRD5081.jpg\",\"contentUrl\":\"https:\/\/www.ribaudiere.com\/wp-content\/uploads\/2015\/11\/FRD5081.jpg\",\"width\":4256,\"height\":2832},{\"@type\":\"BreadcrumbList\",\"@id\":\"https:\/\/www.ribaudiere.com\/es\/paquetes-de-vacaciones-en-el-poitou-charentes\/prolongue-su-estancia\/#breadcrumb\",\"itemListElement\":[{\"@type\":\"ListItem\",\"position\":1,\"name\":\"Accueil\",\"item\":\"https:\/\/www.ribaudiere.com\/es\/\"},{\"@type\":\"ListItem\",\"position\":2,\"name\":\"Saber m\u00e1s\",\"item\":\"https:\/\/www.ribaudiere.com\/es\/paquetes-de-vacaciones-en-el-poitou-charentes\/\"},{\"@type\":\"ListItem\",\"position\":3,\"name\":\"Prolongue su estancia\"}]},{\"@type\":\"WebSite\",\"@id\":\"https:\/\/www.ribaudiere.com\/#website\",\"url\":\"https:\/\/www.ribaudiere.com\/\",\"name\":\"Le Clos de la Ribaudi\u00e8re\",\"description\":\"Un site utilisant WordPress\",\"potentialAction\":[{\"@type\":\"SearchAction\",\"target\":{\"@type\":\"EntryPoint\",\"urlTemplate\":\"https:\/\/www.ribaudiere.com\/?s={search_term_string}\"},\"query-input\":{\"@type\":\"PropertyValueSpecification\",\"valueRequired\":true,\"valueName\":\"search_term_string\"}}],\"inLanguage\":\"es\"}]}<\/script>\n<!-- \/ Yoast SEO plugin. -->","yoast_head_json":{"title":"Prolongue su estancia - Le Clos de la Ribaudi\u00e8re","description":"Le Clos de la Ribaudiere invites you to extend your stay: from the Loire Valley to La Rochelle, through the Puy du Fou or the Marais Poitevin.","robots":{"index":"index","follow":"follow","max-snippet":"max-snippet:-1","max-image-preview":"max-image-preview:large","max-video-preview":"max-video-preview:-1"},"canonical":"https:\/\/www.ribaudiere.com\/es\/paquetes-de-vacaciones-en-el-poitou-charentes\/prolongue-su-estancia\/","og_locale":"es_ES","og_type":"article","og_title":"Prolongue su estancia - Le Clos de la Ribaudi\u00e8re","og_description":"Le Clos de la Ribaudiere invites you to extend your stay: from the Loire Valley to La Rochelle, through the Puy du Fou or the Marais Poitevin.","og_url":"https:\/\/www.ribaudiere.com\/es\/paquetes-de-vacaciones-en-el-poitou-charentes\/prolongue-su-estancia\/","og_site_name":"Le Clos de la Ribaudi\u00e8re","article_modified_time":"2020-03-01T22:42:16+00:00","og_image":[{"width":4256,"height":2832,"url":"https:\/\/www.ribaudiere.com\/wp-content\/uploads\/2015\/11\/FRD5081.jpg","type":"image\/jpeg"}],"twitter_card":"summary_large_image","twitter_misc":{"Tiempo de lectura":"4 minutos"},"schema":{"@context":"https:\/\/schema.org","@graph":[{"@type":"WebPage","@id":"https:\/\/www.ribaudiere.com\/es\/paquetes-de-vacaciones-en-el-poitou-charentes\/prolongue-su-estancia\/","url":"https:\/\/www.ribaudiere.com\/es\/paquetes-de-vacaciones-en-el-poitou-charentes\/prolongue-su-estancia\/","name":"Prolongue su estancia - Le Clos de la Ribaudi\u00e8re","isPartOf":{"@id":"https:\/\/www.ribaudiere.com\/#website"},"primaryImageOfPage":{"@id":"https:\/\/www.ribaudiere.com\/es\/paquetes-de-vacaciones-en-el-poitou-charentes\/prolongue-su-estancia\/#primaryimage"},"image":{"@id":"https:\/\/www.ribaudiere.com\/es\/paquetes-de-vacaciones-en-el-poitou-charentes\/prolongue-su-estancia\/#primaryimage"},"thumbnailUrl":"https:\/\/www.ribaudiere.com\/wp-content\/uploads\/2015\/11\/FRD5081.jpg","datePublished":"2018-04-09T13:04:44+00:00","dateModified":"2020-03-01T22:42:16+00:00","description":"Le Clos de la Ribaudiere invites you to extend your stay: from the Loire Valley to La Rochelle, through the Puy du Fou or the Marais Poitevin.","breadcrumb":{"@id":"https:\/\/www.ribaudiere.com\/es\/paquetes-de-vacaciones-en-el-poitou-charentes\/prolongue-su-estancia\/#breadcrumb"},"inLanguage":"es","potentialAction":[{"@type":"ReadAction","target":["https:\/\/www.ribaudiere.com\/es\/paquetes-de-vacaciones-en-el-poitou-charentes\/prolongue-su-estancia\/"]}]},{"@type":"ImageObject","inLanguage":"es","@id":"https:\/\/www.ribaudiere.com\/es\/paquetes-de-vacaciones-en-el-poitou-charentes\/prolongue-su-estancia\/#primaryimage","url":"https:\/\/www.ribaudiere.com\/wp-content\/uploads\/2015\/11\/FRD5081.jpg","contentUrl":"https:\/\/www.ribaudiere.com\/wp-content\/uploads\/2015\/11\/FRD5081.jpg","width":4256,"height":2832},{"@type":"BreadcrumbList","@id":"https:\/\/www.ribaudiere.com\/es\/paquetes-de-vacaciones-en-el-poitou-charentes\/prolongue-su-estancia\/#breadcrumb","itemListElement":[{"@type":"ListItem","position":1,"name":"Accueil","item":"https:\/\/www.ribaudiere.com\/es\/"},{"@type":"ListItem","position":2,"name":"Saber m\u00e1s","item":"https:\/\/www.ribaudiere.com\/es\/paquetes-de-vacaciones-en-el-poitou-charentes\/"},{"@type":"ListItem","position":3,"name":"Prolongue su estancia"}]},{"@type":"WebSite","@id":"https:\/\/www.ribaudiere.com\/#website","url":"https:\/\/www.ribaudiere.com\/","name":"Le Clos de la Ribaudi\u00e8re","description":"Un site utilisant WordPress","potentialAction":[{"@type":"SearchAction","target":{"@type":"EntryPoint","urlTemplate":"https:\/\/www.ribaudiere.com\/?s={search_term_string}"},"query-input":{"@type":"PropertyValueSpecification","valueRequired":true,"valueName":"search_term_string"}}],"inLanguage":"es"}]}},"_links":{"self":[{"href":"https:\/\/www.ribaudiere.com\/es\/wp-json\/wp\/v2\/pages\/7740","targetHints":{"allow":["GET"]}}],"collection":[{"href":"https:\/\/www.ribaudiere.com\/es\/wp-json\/wp\/v2\/pages"}],"about":[{"href":"https:\/\/www.ribaudiere.com\/es\/wp-json\/wp\/v2\/types\/page"}],"author":[{"embeddable":true,"href":"https:\/\/www.ribaudiere.com\/es\/wp-json\/wp\/v2\/users\/3"}],"replies":[{"embeddable":true,"href":"https:\/\/www.ribaudiere.com\/es\/wp-json\/wp\/v2\/comments?post=7740"}],"version-history":[{"count":6,"href":"https:\/\/www.ribaudiere.com\/es\/wp-json\/wp\/v2\/pages\/7740\/revisions"}],"predecessor-version":[{"id":22202,"href":"https:\/\/www.ribaudiere.com\/es\/wp-json\/wp\/v2\/pages\/7740\/revisions\/22202"}],"up":[{"embeddable":true,"href":"https:\/\/www.ribaudiere.com\/es\/wp-json\/wp\/v2\/pages\/1467"}],"wp:featuredmedia":[{"embeddable":true,"href":"https:\/\/www.ribaudiere.com\/es\/wp-json\/wp\/v2\/media\/1068"}],"wp:attachment":[{"href":"https:\/\/www.ribaudiere.com\/es\/wp-json\/wp\/v2\/media?parent=7740"}],"curies":[{"name":"wp","href":"https:\/\/api.w.org\/{rel}","templated":true}]}}