{"id":8056,"date":"2018-04-30T17:10:49","date_gmt":"2018-04-30T16:10:49","guid":{"rendered":"http:\/\/www.ribaudiere.com\/?page_id=8056\/"},"modified":"2018-05-01T19:03:08","modified_gmt":"2018-05-01T18:03:08","slug":"poitiers-y-sus-tesoros-romanicos","status":"publish","type":"page","link":"https:\/\/www.ribaudiere.com\/es\/paquetes-de-vacaciones-en-el-poitou-charentes\/poitiers-y-sus-tesoros-romanicos\/","title":{"rendered":"Poitiers y sus tesoros rom\u00e1nicos"},"content":{"rendered":"<div class=\"wpb-content-wrapper\"><p>[vc_row el_class=\u00bbfond-gris intro-inner\u00bb][vc_column width=\u00bb1\/6&#8243;][\/vc_column][vc_column width=\u00bb2\/3&#8243;][vc_custom_heading text=\u00bbPoitiers y sus tesoros rom\u00e1nicos\u00bb font_container=\u00bbtag:h1|text_align:center\u00bb use_theme_fonts=\u00bbyes\u00bb][vc_column_text]<\/p>\n<p style=\"text-align: center;\">Notre-Dame-la-Grande, el Palacio de Justicia, el Baptisterio de San Juan, la Catedral&#8230;<br \/>\nPoitiers ciudad de arte y historia, ofrece un patrimonio arquitect\u00f3nico de los m\u00e1s ricos.<\/p>\n<p>[\/vc_column_text][\/vc_column][vc_column width=\u00bb1\/6&#8243;][\/vc_column][\/vc_row][vc_row el_class=\u00bbborder-footer\u00bb][vc_column width=\u00bb1\/6&#8243;][\/vc_column][vc_column width=\u00bb2\/6&#8243;][vc_custom_heading text=\u00bbCapital Rom\u00e1nica\u00bb use_theme_fonts=\u00bbyes\u00bb][vc_column_text el_class=\u00bbcontentmargbottom\u00bb]<\/p>\n<p>Poitiers, n\u00facleo de la historia de Francia y una de las ciudades m\u00e1s representativas del arte rom\u00e1nico. Vaya al encuentro de un patrimonio excepcional en el que, a lo largo de las estrechas calles de los barrios medievales, se van desgranando obras maestras de la arquitectura. Una ciudad donde se mezclan monumentos antiguos y contempor\u00e1neos, dinamismo y serenidad.<\/p>\n<p>[\/vc_column_text][vc_separator color=\u00bbwhite\u00bb el_class=\u00bbdividerbottommar\u00bb][\/vc_column][vc_column width=\u00bb2\/6&#8243; el_class=\u00bbgallerydiv\u00bb][vc_column_text]<\/p>\n\n\t\t<style type='text\/css'>\n\t\t\t#gallery-1 {\n\t\t\t\tmargin: auto;\n\t\t\t}\n\t\t\t#gallery-1 .gallery-item {\n\t\t\t\tfloat: left;\n\t\t\t\tmargin-top: 10px;\n\t\t\t\ttext-align: center;\n\t\t\t\twidth: 16%;\n\t\t\t}\n\t\t\t#gallery-1 img {\n\t\t\t\tborder: 2px solid #cfcfcf;\n\t\t\t}\n\t\t\t#gallery-1 .gallery-caption {\n\t\t\t\tmargin-left: 0;\n\t\t\t}\n\t\t\t\/* see gallery_shortcode() in wp-includes\/media.php *\/\n\t\t<\/style>\n\t\t<div id='gallery-1' class='gallery galleryid-8056 gallery-columns-6 gallery-size-large'><div class=\"groupgalery\">\n\t\t\t<div class='gallery-icon landscape' style='background:url(https:\/\/www.ribaudiere.com\/wp-content\/uploads\/2015\/11\/Bloc-23-1024x766.jpg);'>\n\t\t\t\t<img loading=\"lazy\" decoding=\"async\" width=\"1024\" height=\"766\" src=\"https:\/\/www.ribaudiere.com\/wp-content\/uploads\/2015\/11\/Bloc-23-1024x766.jpg\" class=\"attachment-large size-large\" alt=\"\" srcset=\"https:\/\/www.ribaudiere.com\/wp-content\/uploads\/2015\/11\/Bloc-23-1024x766.jpg 1024w, https:\/\/www.ribaudiere.com\/wp-content\/uploads\/2015\/11\/Bloc-23-300x225.jpg 300w, https:\/\/www.ribaudiere.com\/wp-content\/uploads\/2015\/11\/Bloc-23-600x449.jpg 600w, https:\/\/www.ribaudiere.com\/wp-content\/uploads\/2015\/11\/Bloc-23.jpg 1280w\" sizes=\"auto, (max-width: 1024px) 100vw, 1024px\" \/>\n\t\t\t<\/div>\n\t\t\t<br style='clear: both' \/><\/div>\n\t\t<\/div>\n\n<p>[\/vc_column_text][\/vc_column][vc_column width=\u00bb1\/6&#8243;][\/vc_column][\/vc_row][vc_row el_class=\u00bbborder-footer\u00bb][vc_column width=\u00bb1\/6&#8243;][\/vc_column][vc_column width=\u00bb2\/6&#8243;][vc_custom_heading text=\u00bbSitios imperdibles\u00bb use_theme_fonts=\u00bbyes\u00bb][vc_column_text el_class=\u00bbcontentmargbottom\u00bb]<\/p>\n<p>Para no perderse ninguno de los imprescindibles ni de los tesoros ocultos de Poitiers, siga meticulosamente los recorridos preparados por la Oficina de Turismo.<\/p>\n<p>[\/vc_column_text][vc_separator color=\u00bbwhite\u00bb el_class=\u00bbdividerbottommar\u00bb][vc_raw_html]JTNDZGl2JTIwY2xhc3MlM0QlMjJidXR0b25jb250YWN0JTIyJTNFJTNDYSUyMGhyZWYlM0QlMjJ0ZWwlM0ElMkIzMyUyMDU0OTUyODY2NiUyMiUzRSUzQ3NwYW4lMjBjbGFzcyUzRCUyMmNoYW5nZSUyMiUzRUNvbnQlQzMlQTFjdGVub3MlMjAlM0NzcGFuJTIwY2xhc3MlM0QlMjJsb3clMjIlM0UlM0MlMkZzcGFuJTNFJTNDJTJGc3BhbiUzRSUyMCUzQ3NwYW4lMjBjbGFzcyUzRCUyMnRlbCUyMiUzRSUyQjMzJTIwJTI4MCUyOTUlMjA0OSUyMDUyJTIwODYlMjA2NiUzQyUyRnNwYW4lM0UlM0MlMkZhJTNFJTNDJTJGZGl2JTNF[\/vc_raw_html][vc_separator color=\u00bbwhite\u00bb el_class=\u00bbdividerbottommar\u00bb][\/vc_column][vc_column width=\u00bb2\/6&#8243; el_class=\u00bbgallerydiv\u00bb][vc_video link=\u00bbhttps:\/\/www.youtube.com\/watch?v=NFZgflcHLPk\u00bb][\/vc_column][vc_column width=\u00bb1\/6&#8243;][\/vc_column][\/vc_row][vc_row el_class=\u00bbborder-footer\u00bb][vc_column width=\u00bb1\/6&#8243;][\/vc_column][vc_column width=\u00bb2\/6&#8243;][vc_custom_heading text=\u00bbPara en el Clos\u00bb use_theme_fonts=\u00bbyes\u00bb][vc_column_text el_class=\u00bbcontentmargbottom\u00bb]<\/p>\n<p>Aunque descubriendo el patrimonio regional, disfrute de una escapada gastron\u00f3mica en el Castillo del Clos de la Ribaudiere.[\/vc_column_text][vc_separator color=\u00bbwhite\u00bb el_class=\u00bbdividerbottommar\u00bb][vc_btn title=\u00bbNuestros paquetes\u00bb style=\u00bbcustom\u00bb custom_background=\u00bb#ab3d3a\u00bb custom_text=\u00bb#ffffff\u00bb i_icon_fontawesome=\u00bbfa fa-suitcase\u00bb css_animation=\u00bbbounceInRight\u00bb add_icon=\u00bbtrue\u00bb link=\u00bburl:http%3A%2F%2Fwww.ribaudiere.com%2Fcoffrets-cadeaux%2F||target:%20_blank|\u00bb][\/vc_column][vc_column width=\u00bb2\/6&#8243; el_class=\u00bbgallerydiv\u00bb][vc_column_text]<\/p>\n\n\t\t<style type='text\/css'>\n\t\t\t#gallery-2 {\n\t\t\t\tmargin: auto;\n\t\t\t}\n\t\t\t#gallery-2 .gallery-item {\n\t\t\t\tfloat: left;\n\t\t\t\tmargin-top: 10px;\n\t\t\t\ttext-align: center;\n\t\t\t\twidth: 16%;\n\t\t\t}\n\t\t\t#gallery-2 img {\n\t\t\t\tborder: 2px solid #cfcfcf;\n\t\t\t}\n\t\t\t#gallery-2 .gallery-caption {\n\t\t\t\tmargin-left: 0;\n\t\t\t}\n\t\t\t\/* see gallery_shortcode() in wp-includes\/media.php *\/\n\t\t<\/style>\n\t\t<div id='gallery-2' class='gallery galleryid-8056 gallery-columns-6 gallery-size-large'><div class=\"groupgalery\">\n\t\t\t<div class='gallery-icon landscape' style='background:url(https:\/\/www.ribaudiere.com\/wp-content\/uploads\/2015\/11\/packages-escales-romanes.jpg);'>\n\t\t\t\t<img loading=\"lazy\" decoding=\"async\" width=\"689\" height=\"500\" src=\"https:\/\/www.ribaudiere.com\/wp-content\/uploads\/2015\/11\/packages-escales-romanes.jpg\" class=\"attachment-large size-large\" alt=\"\" srcset=\"https:\/\/www.ribaudiere.com\/wp-content\/uploads\/2015\/11\/packages-escales-romanes.jpg 689w, https:\/\/www.ribaudiere.com\/wp-content\/uploads\/2015\/11\/packages-escales-romanes-300x218.jpg 300w, https:\/\/www.ribaudiere.com\/wp-content\/uploads\/2015\/11\/packages-escales-romanes-600x435.jpg 600w\" sizes=\"auto, (max-width: 689px) 100vw, 689px\" \/>\n\t\t\t<\/div>\n\t\t\t<br style='clear: both' \/><\/div>\n\t\t<\/div>\n\n<p>[\/vc_column_text][\/vc_column][vc_column width=\u00bb1\/6&#8243;][\/vc_column][\/vc_row]<\/p>\n<\/div>","protected":false},"excerpt":{"rendered":"<p>[vc_row el_class=\u00bbfond-gris intro-inner\u00bb][vc_column width=\u00bb1\/6&#8243;][\/vc_column][vc_column width=\u00bb2\/3&#8243;][vc_custom_heading text=\u00bbPoitiers y sus tesoros rom\u00e1nicos\u00bb font_container=\u00bbtag:h1|text_align:center\u00bb use_theme_fonts=\u00bbyes\u00bb][vc_column_text] Notre-Dame-la-Grande, el Palacio de Justicia, el Baptisterio de San Juan, la Catedral&#8230; Poitiers ciudad de arte y historia, ofrece un patrimonio arquitect\u00f3nico de los m\u00e1s ricos. [\/vc_column_text][\/vc_column][vc_column width=\u00bb1\/6&#8243;][\/vc_column][\/vc_row][vc_row el_class=\u00bbborder-footer\u00bb][vc_column width=\u00bb1\/6&#8243;][\/vc_column][vc_column width=\u00bb2\/6&#8243;][vc_custom_heading text=\u00bbCapital Rom\u00e1nica\u00bb use_theme_fonts=\u00bbyes\u00bb][vc_column_text el_class=\u00bbcontentmargbottom\u00bb] Poitiers, n\u00facleo de la historia de Francia y [&hellip;]<\/p>\n","protected":false},"author":3,"featured_media":0,"parent":1467,"menu_order":0,"comment_status":"closed","ping_status":"closed","template":"template-page-detail.php","meta":{"_acf_changed":false,"footnotes":""},"class_list":["post-8056","page","type-page","status-publish","hentry"],"acf":[],"yoast_head":"<!-- This site is optimized with the Yoast SEO plugin v25.7 - https:\/\/yoast.com\/wordpress\/plugins\/seo\/ -->\n<title>Poitiers y sus tesoros rom\u00e1nicos - Le Clos de la Ribaudi\u00e8re<\/title>\n<meta name=\"robots\" content=\"index, follow, max-snippet:-1, max-image-preview:large, max-video-preview:-1\" \/>\n<link rel=\"canonical\" href=\"https:\/\/www.ribaudiere.com\/es\/paquetes-de-vacaciones-en-el-poitou-charentes\/poitiers-y-sus-tesoros-romanicos\/\" \/>\n<meta property=\"og:locale\" content=\"es_ES\" \/>\n<meta property=\"og:type\" content=\"article\" \/>\n<meta property=\"og:title\" content=\"Poitiers y sus tesoros rom\u00e1nicos - Le Clos de la Ribaudi\u00e8re\" \/>\n<meta property=\"og:description\" content=\"[vc_row el_class=\u00bbfond-gris intro-inner\u00bb][vc_column width=\u00bb1\/6&#8243;][\/vc_column][vc_column width=\u00bb2\/3&#8243;][vc_custom_heading text=\u00bbPoitiers y sus tesoros rom\u00e1nicos\u00bb font_container=\u00bbtag:h1|text_align:center\u00bb use_theme_fonts=\u00bbyes\u00bb][vc_column_text] Notre-Dame-la-Grande, el Palacio de Justicia, el Baptisterio de San Juan, la Catedral&#8230; Poitiers ciudad de arte y historia, ofrece un patrimonio arquitect\u00f3nico de los m\u00e1s ricos. [\/vc_column_text][\/vc_column][vc_column width=\u00bb1\/6&#8243;][\/vc_column][\/vc_row][vc_row el_class=\u00bbborder-footer\u00bb][vc_column width=\u00bb1\/6&#8243;][\/vc_column][vc_column width=\u00bb2\/6&#8243;][vc_custom_heading text=\u00bbCapital Rom\u00e1nica\u00bb use_theme_fonts=\u00bbyes\u00bb][vc_column_text el_class=\u00bbcontentmargbottom\u00bb] Poitiers, n\u00facleo de la historia de Francia y [&hellip;]\" \/>\n<meta property=\"og:url\" content=\"https:\/\/www.ribaudiere.com\/es\/paquetes-de-vacaciones-en-el-poitou-charentes\/poitiers-y-sus-tesoros-romanicos\/\" \/>\n<meta property=\"og:site_name\" content=\"Le Clos de la Ribaudi\u00e8re\" \/>\n<meta property=\"article:modified_time\" content=\"2018-05-01T18:03:08+00:00\" \/>\n<meta property=\"og:image\" content=\"https:\/\/www.ribaudiere.com\/wp-content\/uploads\/2015\/11\/Bloc-23-1024x766.jpg\" \/>\n<meta name=\"twitter:card\" content=\"summary_large_image\" \/>\n<meta name=\"twitter:label1\" content=\"Tiempo de lectura\" \/>\n\t<meta name=\"twitter:data1\" content=\"2 minutos\" \/>\n<script type=\"application\/ld+json\" class=\"yoast-schema-graph\">{\"@context\":\"https:\/\/schema.org\",\"@graph\":[{\"@type\":\"WebPage\",\"@id\":\"https:\/\/www.ribaudiere.com\/es\/paquetes-de-vacaciones-en-el-poitou-charentes\/poitiers-y-sus-tesoros-romanicos\/\",\"url\":\"https:\/\/www.ribaudiere.com\/es\/paquetes-de-vacaciones-en-el-poitou-charentes\/poitiers-y-sus-tesoros-romanicos\/\",\"name\":\"Poitiers y sus tesoros rom\u00e1nicos - Le Clos de la Ribaudi\u00e8re\",\"isPartOf\":{\"@id\":\"https:\/\/www.ribaudiere.com\/#website\"},\"datePublished\":\"2018-04-30T16:10:49+00:00\",\"dateModified\":\"2018-05-01T18:03:08+00:00\",\"breadcrumb\":{\"@id\":\"https:\/\/www.ribaudiere.com\/es\/paquetes-de-vacaciones-en-el-poitou-charentes\/poitiers-y-sus-tesoros-romanicos\/#breadcrumb\"},\"inLanguage\":\"es\",\"potentialAction\":[{\"@type\":\"ReadAction\",\"target\":[\"https:\/\/www.ribaudiere.com\/es\/paquetes-de-vacaciones-en-el-poitou-charentes\/poitiers-y-sus-tesoros-romanicos\/\"]}]},{\"@type\":\"BreadcrumbList\",\"@id\":\"https:\/\/www.ribaudiere.com\/es\/paquetes-de-vacaciones-en-el-poitou-charentes\/poitiers-y-sus-tesoros-romanicos\/#breadcrumb\",\"itemListElement\":[{\"@type\":\"ListItem\",\"position\":1,\"name\":\"Accueil\",\"item\":\"https:\/\/www.ribaudiere.com\/es\/\"},{\"@type\":\"ListItem\",\"position\":2,\"name\":\"Saber m\u00e1s\",\"item\":\"https:\/\/www.ribaudiere.com\/es\/paquetes-de-vacaciones-en-el-poitou-charentes\/\"},{\"@type\":\"ListItem\",\"position\":3,\"name\":\"Poitiers y sus tesoros rom\u00e1nicos\"}]},{\"@type\":\"WebSite\",\"@id\":\"https:\/\/www.ribaudiere.com\/#website\",\"url\":\"https:\/\/www.ribaudiere.com\/\",\"name\":\"Le Clos de la Ribaudi\u00e8re\",\"description\":\"Un site utilisant WordPress\",\"potentialAction\":[{\"@type\":\"SearchAction\",\"target\":{\"@type\":\"EntryPoint\",\"urlTemplate\":\"https:\/\/www.ribaudiere.com\/?s={search_term_string}\"},\"query-input\":{\"@type\":\"PropertyValueSpecification\",\"valueRequired\":true,\"valueName\":\"search_term_string\"}}],\"inLanguage\":\"es\"}]}<\/script>\n<!-- \/ Yoast SEO plugin. -->","yoast_head_json":{"title":"Poitiers y sus tesoros rom\u00e1nicos - Le Clos de la Ribaudi\u00e8re","robots":{"index":"index","follow":"follow","max-snippet":"max-snippet:-1","max-image-preview":"max-image-preview:large","max-video-preview":"max-video-preview:-1"},"canonical":"https:\/\/www.ribaudiere.com\/es\/paquetes-de-vacaciones-en-el-poitou-charentes\/poitiers-y-sus-tesoros-romanicos\/","og_locale":"es_ES","og_type":"article","og_title":"Poitiers y sus tesoros rom\u00e1nicos - Le Clos de la Ribaudi\u00e8re","og_description":"[vc_row el_class=\u00bbfond-gris intro-inner\u00bb][vc_column width=\u00bb1\/6&#8243;][\/vc_column][vc_column width=\u00bb2\/3&#8243;][vc_custom_heading text=\u00bbPoitiers y sus tesoros rom\u00e1nicos\u00bb font_container=\u00bbtag:h1|text_align:center\u00bb use_theme_fonts=\u00bbyes\u00bb][vc_column_text] Notre-Dame-la-Grande, el Palacio de Justicia, el Baptisterio de San Juan, la Catedral&#8230; Poitiers ciudad de arte y historia, ofrece un patrimonio arquitect\u00f3nico de los m\u00e1s ricos. [\/vc_column_text][\/vc_column][vc_column width=\u00bb1\/6&#8243;][\/vc_column][\/vc_row][vc_row el_class=\u00bbborder-footer\u00bb][vc_column width=\u00bb1\/6&#8243;][\/vc_column][vc_column width=\u00bb2\/6&#8243;][vc_custom_heading text=\u00bbCapital Rom\u00e1nica\u00bb use_theme_fonts=\u00bbyes\u00bb][vc_column_text el_class=\u00bbcontentmargbottom\u00bb] Poitiers, n\u00facleo de la historia de Francia y [&hellip;]","og_url":"https:\/\/www.ribaudiere.com\/es\/paquetes-de-vacaciones-en-el-poitou-charentes\/poitiers-y-sus-tesoros-romanicos\/","og_site_name":"Le Clos de la Ribaudi\u00e8re","article_modified_time":"2018-05-01T18:03:08+00:00","og_image":[{"url":"https:\/\/www.ribaudiere.com\/wp-content\/uploads\/2015\/11\/Bloc-23-1024x766.jpg","type":"","width":"","height":""}],"twitter_card":"summary_large_image","twitter_misc":{"Tiempo de lectura":"2 minutos"},"schema":{"@context":"https:\/\/schema.org","@graph":[{"@type":"WebPage","@id":"https:\/\/www.ribaudiere.com\/es\/paquetes-de-vacaciones-en-el-poitou-charentes\/poitiers-y-sus-tesoros-romanicos\/","url":"https:\/\/www.ribaudiere.com\/es\/paquetes-de-vacaciones-en-el-poitou-charentes\/poitiers-y-sus-tesoros-romanicos\/","name":"Poitiers y sus tesoros rom\u00e1nicos - Le Clos de la Ribaudi\u00e8re","isPartOf":{"@id":"https:\/\/www.ribaudiere.com\/#website"},"datePublished":"2018-04-30T16:10:49+00:00","dateModified":"2018-05-01T18:03:08+00:00","breadcrumb":{"@id":"https:\/\/www.ribaudiere.com\/es\/paquetes-de-vacaciones-en-el-poitou-charentes\/poitiers-y-sus-tesoros-romanicos\/#breadcrumb"},"inLanguage":"es","potentialAction":[{"@type":"ReadAction","target":["https:\/\/www.ribaudiere.com\/es\/paquetes-de-vacaciones-en-el-poitou-charentes\/poitiers-y-sus-tesoros-romanicos\/"]}]},{"@type":"BreadcrumbList","@id":"https:\/\/www.ribaudiere.com\/es\/paquetes-de-vacaciones-en-el-poitou-charentes\/poitiers-y-sus-tesoros-romanicos\/#breadcrumb","itemListElement":[{"@type":"ListItem","position":1,"name":"Accueil","item":"https:\/\/www.ribaudiere.com\/es\/"},{"@type":"ListItem","position":2,"name":"Saber m\u00e1s","item":"https:\/\/www.ribaudiere.com\/es\/paquetes-de-vacaciones-en-el-poitou-charentes\/"},{"@type":"ListItem","position":3,"name":"Poitiers y sus tesoros rom\u00e1nicos"}]},{"@type":"WebSite","@id":"https:\/\/www.ribaudiere.com\/#website","url":"https:\/\/www.ribaudiere.com\/","name":"Le Clos de la Ribaudi\u00e8re","description":"Un site utilisant WordPress","potentialAction":[{"@type":"SearchAction","target":{"@type":"EntryPoint","urlTemplate":"https:\/\/www.ribaudiere.com\/?s={search_term_string}"},"query-input":{"@type":"PropertyValueSpecification","valueRequired":true,"valueName":"search_term_string"}}],"inLanguage":"es"}]}},"_links":{"self":[{"href":"https:\/\/www.ribaudiere.com\/es\/wp-json\/wp\/v2\/pages\/8056","targetHints":{"allow":["GET"]}}],"collection":[{"href":"https:\/\/www.ribaudiere.com\/es\/wp-json\/wp\/v2\/pages"}],"about":[{"href":"https:\/\/www.ribaudiere.com\/es\/wp-json\/wp\/v2\/types\/page"}],"author":[{"embeddable":true,"href":"https:\/\/www.ribaudiere.com\/es\/wp-json\/wp\/v2\/users\/3"}],"replies":[{"embeddable":true,"href":"https:\/\/www.ribaudiere.com\/es\/wp-json\/wp\/v2\/comments?post=8056"}],"version-history":[{"count":5,"href":"https:\/\/www.ribaudiere.com\/es\/wp-json\/wp\/v2\/pages\/8056\/revisions"}],"predecessor-version":[{"id":8102,"href":"https:\/\/www.ribaudiere.com\/es\/wp-json\/wp\/v2\/pages\/8056\/revisions\/8102"}],"up":[{"embeddable":true,"href":"https:\/\/www.ribaudiere.com\/es\/wp-json\/wp\/v2\/pages\/1467"}],"wp:attachment":[{"href":"https:\/\/www.ribaudiere.com\/es\/wp-json\/wp\/v2\/media?parent=8056"}],"curies":[{"name":"wp","href":"https:\/\/api.w.org\/{rel}","templated":true}]}}