{"id":8066,"date":"2018-04-30T17:49:10","date_gmt":"2018-04-30T16:49:10","guid":{"rendered":"http:\/\/www.ribaudiere.com\/?page_id=8066\/"},"modified":"2018-05-01T18:45:37","modified_gmt":"2018-05-01T17:45:37","slug":"parques-con-animales","status":"publish","type":"page","link":"https:\/\/www.ribaudiere.com\/es\/paquetes-de-vacaciones-en-el-poitou-charentes\/parques-con-animales\/","title":{"rendered":"Parques con animales"},"content":{"rendered":"<div class=\"wpb-content-wrapper\"><p>[vc_row el_class=\u00bbfond-gris intro-inner\u00bb][vc_column width=\u00bb1\/6&#8243;][\/vc_column][vc_column width=\u00bb2\/3&#8243;][vc_custom_heading text=\u00bbParques con animales\u00bb font_container=\u00bbtag:h1|text_align:center\u00bb use_theme_fonts=\u00bbyes\u00bb][vc_column_text 0=\u00bb\u00bb]<\/p>\n<p style=\"text-align: center;\"><span id=\"result_box\" class=\"\" lang=\"es\"><span class=\"\">En la Vienne, el Clos de La Ribaudi\u00e8re est\u00e1 bien rodeado: los animales tienen una buena vida en los numerosos parques de animales del departamento.<\/span><\/span><\/p>\n<p>[\/vc_column_text][\/vc_column][vc_column width=\u00bb1\/6&#8243;][\/vc_column][\/vc_row][vc_row el_class=\u00bbborder-footer\u00bb][vc_column width=\u00bb1\/6&#8243;][\/vc_column][vc_column width=\u00bb2\/6&#8243;][vc_custom_heading text=\u00bbLos gigantes del cielo &#8211; Chauvigny\u00bb use_theme_fonts=\u00bbyes\u00bb][vc_column_text el_class=\u00bbcontentmargbottom\u00bb]<span id=\"result_box\" class=\"\" lang=\"es\"><span class=\"\">Con vistas a la ciudad de Chauvigny, el castillo de los obispos y sus paredes llenas de historia ofrecen un entorno excepcional para la pr\u00e1ctica de la cetrer\u00eda, el arte ancestral.<\/span> <span class=\"\">Una verdadera ciudad de aves, \u00e1guilas, halcones, b\u00fahos y muchas otras aves rapaces te sorprender\u00e1 con su destreza a\u00e9rea.<\/span> <span class=\"\">El gracioso ballet de las cig\u00fce\u00f1as, los suntuosos colores de los loros, pero tambi\u00e9n otras aves at\u00edpicas completan este espect\u00e1culo a gran escala : <\/span><\/span>sensaciones y emociones fuertes garantizadas.[\/vc_column_text][vc_separator color=\u00bbwhite\u00bb el_class=\u00bbdividerbottommar\u00bb][\/vc_column][vc_column width=\u00bb2\/6&#8243; el_class=\u00bbgallerydiv\u00bb][vc_column_text 0=\u00bb\u00bb]<\/p>\n\n\t\t<style type='text\/css'>\n\t\t\t#gallery-1 {\n\t\t\t\tmargin: auto;\n\t\t\t}\n\t\t\t#gallery-1 .gallery-item {\n\t\t\t\tfloat: left;\n\t\t\t\tmargin-top: 10px;\n\t\t\t\ttext-align: center;\n\t\t\t\twidth: 16%;\n\t\t\t}\n\t\t\t#gallery-1 img {\n\t\t\t\tborder: 2px solid #cfcfcf;\n\t\t\t}\n\t\t\t#gallery-1 .gallery-caption {\n\t\t\t\tmargin-left: 0;\n\t\t\t}\n\t\t\t\/* see gallery_shortcode() in wp-includes\/media.php *\/\n\t\t<\/style>\n\t\t<div id='gallery-1' class='gallery galleryid-8066 gallery-columns-6 gallery-size-large'><div class=\"groupgalery\">\n\t\t\t<div class='gallery-icon landscape' style='background:url(https:\/\/www.ribaudiere.com\/wp-content\/uploads\/2017\/12\/les-aigles-4.jpg);'>\n\t\t\t\t<img loading=\"lazy\" decoding=\"async\" width=\"900\" height=\"600\" src=\"https:\/\/www.ribaudiere.com\/wp-content\/uploads\/2017\/12\/les-aigles-4.jpg\" class=\"attachment-large size-large\" alt=\"\" srcset=\"https:\/\/www.ribaudiere.com\/wp-content\/uploads\/2017\/12\/les-aigles-4.jpg 900w, https:\/\/www.ribaudiere.com\/wp-content\/uploads\/2017\/12\/les-aigles-4-300x200.jpg 300w, https:\/\/www.ribaudiere.com\/wp-content\/uploads\/2017\/12\/les-aigles-4-600x400.jpg 600w\" sizes=\"auto, (max-width: 900px) 100vw, 900px\" \/>\n\t\t\t<\/div>\n\t\t\t<br style='clear: both' \/><\/div>\n\t\t<\/div>\n\n<p>[\/vc_column_text][\/vc_column][vc_column width=\u00bb1\/6&#8243;][\/vc_column][\/vc_row][vc_row el_class=\u00bbborder-footer\u00bb][vc_column width=\u00bb1\/6&#8243;][\/vc_column][vc_column width=\u00bb2\/6&#8243;][vc_custom_heading text=\u00bbEl Valle de los Simios\u00bb use_theme_fonts=\u00bbyes\u00bb][vc_column_text el_class=\u00bbcontentmargbottom\u00bb]<\/p>\n<article id=\"texte-fiche\" class=\"double_col\">Entren en contacto directo con 34 especies de primates: m\u00e1s de 450\u00a0animales que se pasean en total libertad en un entorno natural y arbolado en un territorio de 18 ha.<\/p>\n<p>Descubran el mayor territorio de Europa donde viven chimpanc\u00e9s y el mayor grupo de gorilas de Francia. Asistir\u00e1n a momentos sorprendentes, como el de la alimentaci\u00f3n de los animales, a lo largo del d\u00eda. Desde su apertura, El Valle de los Monos ha conocido un n\u00famero impresionante de nacimientos: 700.<\/p>\n<p>Diferentes exposiciones les presentar\u00e1n los entresijos del Valle de los Monos: la llegada de un nuevo animal, los cuidados, los nacimientos, las investigaciones. Podr\u00e1n seguir el nacimiento de Kwanza, \u00a1uno de los beb\u00e9s gorilas nacidos aqu\u00ed! Acudan a la mini-granja donde los ni\u00f1os podr\u00e1n acariciar cabras y ovejas, a las zonas de juego o a las zonas de restauraci\u00f3n.<\/p>\n<\/article>\n<p>[\/vc_column_text][vc_separator color=\u00bbwhite\u00bb el_class=\u00bbdividerbottommar\u00bb][\/vc_column][vc_column width=\u00bb2\/6&#8243; el_class=\u00bbgallerydiv\u00bb][vc_column_text 0=\u00bb\u00bb]<\/p>\n\n\t\t<style type='text\/css'>\n\t\t\t#gallery-2 {\n\t\t\t\tmargin: auto;\n\t\t\t}\n\t\t\t#gallery-2 .gallery-item {\n\t\t\t\tfloat: left;\n\t\t\t\tmargin-top: 10px;\n\t\t\t\ttext-align: center;\n\t\t\t\twidth: 16%;\n\t\t\t}\n\t\t\t#gallery-2 img {\n\t\t\t\tborder: 2px solid #cfcfcf;\n\t\t\t}\n\t\t\t#gallery-2 .gallery-caption {\n\t\t\t\tmargin-left: 0;\n\t\t\t}\n\t\t\t\/* see gallery_shortcode() in wp-includes\/media.php *\/\n\t\t<\/style>\n\t\t<div id='gallery-2' class='gallery galleryid-8066 gallery-columns-6 gallery-size-large'><div class=\"groupgalery\">\n\t\t\t<div class='gallery-icon landscape' style='background:url(https:\/\/www.ribaudiere.com\/wp-content\/uploads\/2017\/12\/romagne-vallee-singes6.jpg);'>\n\t\t\t\t<img loading=\"lazy\" decoding=\"async\" width=\"1000\" height=\"690\" src=\"https:\/\/www.ribaudiere.com\/wp-content\/uploads\/2017\/12\/romagne-vallee-singes6.jpg\" class=\"attachment-large size-large\" alt=\"\" srcset=\"https:\/\/www.ribaudiere.com\/wp-content\/uploads\/2017\/12\/romagne-vallee-singes6.jpg 1000w, https:\/\/www.ribaudiere.com\/wp-content\/uploads\/2017\/12\/romagne-vallee-singes6-300x207.jpg 300w, https:\/\/www.ribaudiere.com\/wp-content\/uploads\/2017\/12\/romagne-vallee-singes6-600x414.jpg 600w\" sizes=\"auto, (max-width: 1000px) 100vw, 1000px\" \/>\n\t\t\t<\/div>\n\t\t\t<br style='clear: both' \/><\/div>\n\t\t<\/div>\n\n<p>[\/vc_column_text][\/vc_column][vc_column width=\u00bb1\/6&#8243;][\/vc_column][\/vc_row][vc_row el_class=\u00bbborder-footer\u00bb][vc_column width=\u00bb1\/6&#8243;][\/vc_column][vc_column width=\u00bb2\/6&#8243;][vc_custom_heading text=\u00bbPlaneta Cocodrilos\u00bb use_theme_fonts=\u00bbyes\u00bb][vc_column_text el_class=\u00bbcontentmargbottom\u00bb]Instalados bajo una c\u00fapula de cristal de 20m de alto y 5000m2, seis piscinas alojan casi 200 animales llegados desde los distintos continentes: cocodrilos, caimanes y otros reptiles acu\u00e1ticos. Sus biotopos se han reconstruido fielmente. Los visitantes pueden pasearse sin peligro en un ambiente entre las piscinas, los p\u00e1jaros, las cascadas y la vegetaci\u00f3n frondosa. Visita guiada.[\/vc_column_text][vc_separator color=\u00bbwhite\u00bb el_class=\u00bbdividerbottommar\u00bb][\/vc_column][vc_column width=\u00bb2\/6&#8243; el_class=\u00bbgallerydiv\u00bb][vc_column_text 0=\u00bb\u00bb]<\/p>\n\n\t\t<style type='text\/css'>\n\t\t\t#gallery-3 {\n\t\t\t\tmargin: auto;\n\t\t\t}\n\t\t\t#gallery-3 .gallery-item {\n\t\t\t\tfloat: left;\n\t\t\t\tmargin-top: 10px;\n\t\t\t\ttext-align: center;\n\t\t\t\twidth: 16%;\n\t\t\t}\n\t\t\t#gallery-3 img {\n\t\t\t\tborder: 2px solid #cfcfcf;\n\t\t\t}\n\t\t\t#gallery-3 .gallery-caption {\n\t\t\t\tmargin-left: 0;\n\t\t\t}\n\t\t\t\/* see gallery_shortcode() in wp-includes\/media.php *\/\n\t\t<\/style>\n\t\t<div id='gallery-3' class='gallery galleryid-8066 gallery-columns-6 gallery-size-large'><div class=\"groupgalery\">\n\t\t\t<div class='gallery-icon landscape' style='background:url(https:\/\/www.ribaudiere.com\/wp-content\/uploads\/2017\/12\/191923-1600x1067-1024x683.jpg);'>\n\t\t\t\t<img loading=\"lazy\" decoding=\"async\" width=\"1024\" height=\"683\" src=\"https:\/\/www.ribaudiere.com\/wp-content\/uploads\/2017\/12\/191923-1600x1067-1024x683.jpg\" class=\"attachment-large size-large\" alt=\"\" srcset=\"https:\/\/www.ribaudiere.com\/wp-content\/uploads\/2017\/12\/191923-1600x1067-1024x683.jpg 1024w, https:\/\/www.ribaudiere.com\/wp-content\/uploads\/2017\/12\/191923-1600x1067-300x200.jpg 300w, https:\/\/www.ribaudiere.com\/wp-content\/uploads\/2017\/12\/191923-1600x1067-600x400.jpg 600w, https:\/\/www.ribaudiere.com\/wp-content\/uploads\/2017\/12\/191923-1600x1067.jpg 1600w\" sizes=\"auto, (max-width: 1024px) 100vw, 1024px\" \/>\n\t\t\t<\/div>\n\t\t\t<br style='clear: both' \/><\/div>\n\t\t<\/div>\n\n<p>[\/vc_column_text][\/vc_column][vc_column width=\u00bb1\/6&#8243;][\/vc_column][\/vc_row]<\/p>\n<\/div>","protected":false},"excerpt":{"rendered":"<p>[vc_row el_class=\u00bbfond-gris intro-inner\u00bb][vc_column width=\u00bb1\/6&#8243;][\/vc_column][vc_column width=\u00bb2\/3&#8243;][vc_custom_heading text=\u00bbParques con animales\u00bb font_container=\u00bbtag:h1|text_align:center\u00bb use_theme_fonts=\u00bbyes\u00bb][vc_column_text 0=\u00bb\u00bb] En la Vienne, el Clos de La Ribaudi\u00e8re est\u00e1 bien rodeado: los animales tienen una buena vida en los numerosos parques de animales del departamento. [\/vc_column_text][\/vc_column][vc_column width=\u00bb1\/6&#8243;][\/vc_column][\/vc_row][vc_row el_class=\u00bbborder-footer\u00bb][vc_column width=\u00bb1\/6&#8243;][\/vc_column][vc_column width=\u00bb2\/6&#8243;][vc_custom_heading text=\u00bbLos gigantes del cielo &#8211; Chauvigny\u00bb use_theme_fonts=\u00bbyes\u00bb][vc_column_text el_class=\u00bbcontentmargbottom\u00bb]Con vistas a la ciudad de Chauvigny, [&hellip;]<\/p>\n","protected":false},"author":3,"featured_media":0,"parent":1467,"menu_order":0,"comment_status":"closed","ping_status":"closed","template":"template-page-detail.php","meta":{"_acf_changed":false,"footnotes":""},"class_list":["post-8066","page","type-page","status-publish","hentry"],"acf":[],"yoast_head":"<!-- This site is optimized with the Yoast SEO plugin v25.7 - https:\/\/yoast.com\/wordpress\/plugins\/seo\/ -->\n<title>Parques con animales - Le Clos de la Ribaudi\u00e8re<\/title>\n<meta name=\"robots\" content=\"index, follow, max-snippet:-1, max-image-preview:large, max-video-preview:-1\" \/>\n<link rel=\"canonical\" href=\"https:\/\/www.ribaudiere.com\/es\/paquetes-de-vacaciones-en-el-poitou-charentes\/parques-con-animales\/\" \/>\n<meta property=\"og:locale\" content=\"es_ES\" \/>\n<meta property=\"og:type\" content=\"article\" \/>\n<meta property=\"og:title\" content=\"Parques con animales - Le Clos de la Ribaudi\u00e8re\" \/>\n<meta property=\"og:description\" content=\"[vc_row el_class=\u00bbfond-gris intro-inner\u00bb][vc_column width=\u00bb1\/6&#8243;][\/vc_column][vc_column width=\u00bb2\/3&#8243;][vc_custom_heading text=\u00bbParques con animales\u00bb font_container=\u00bbtag:h1|text_align:center\u00bb use_theme_fonts=\u00bbyes\u00bb][vc_column_text 0=\u00bb\u00bb] En la Vienne, el Clos de La Ribaudi\u00e8re est\u00e1 bien rodeado: los animales tienen una buena vida en los numerosos parques de animales del departamento. [\/vc_column_text][\/vc_column][vc_column width=\u00bb1\/6&#8243;][\/vc_column][\/vc_row][vc_row el_class=\u00bbborder-footer\u00bb][vc_column width=\u00bb1\/6&#8243;][\/vc_column][vc_column width=\u00bb2\/6&#8243;][vc_custom_heading text=\u00bbLos gigantes del cielo &#8211; Chauvigny\u00bb use_theme_fonts=\u00bbyes\u00bb][vc_column_text el_class=\u00bbcontentmargbottom\u00bb]Con vistas a la ciudad de Chauvigny, [&hellip;]\" \/>\n<meta property=\"og:url\" content=\"https:\/\/www.ribaudiere.com\/es\/paquetes-de-vacaciones-en-el-poitou-charentes\/parques-con-animales\/\" \/>\n<meta property=\"og:site_name\" content=\"Le Clos de la Ribaudi\u00e8re\" \/>\n<meta property=\"article:modified_time\" content=\"2018-05-01T17:45:37+00:00\" \/>\n<meta property=\"og:image\" content=\"https:\/\/www.ribaudiere.com\/wp-content\/uploads\/2017\/12\/les-aigles-4.jpg\" \/>\n<meta name=\"twitter:card\" content=\"summary_large_image\" \/>\n<meta name=\"twitter:label1\" content=\"Tiempo de lectura\" \/>\n\t<meta name=\"twitter:data1\" content=\"3 minutos\" \/>\n<script type=\"application\/ld+json\" class=\"yoast-schema-graph\">{\"@context\":\"https:\/\/schema.org\",\"@graph\":[{\"@type\":\"WebPage\",\"@id\":\"https:\/\/www.ribaudiere.com\/es\/paquetes-de-vacaciones-en-el-poitou-charentes\/parques-con-animales\/\",\"url\":\"https:\/\/www.ribaudiere.com\/es\/paquetes-de-vacaciones-en-el-poitou-charentes\/parques-con-animales\/\",\"name\":\"Parques con animales - Le Clos de la Ribaudi\u00e8re\",\"isPartOf\":{\"@id\":\"https:\/\/www.ribaudiere.com\/#website\"},\"datePublished\":\"2018-04-30T16:49:10+00:00\",\"dateModified\":\"2018-05-01T17:45:37+00:00\",\"breadcrumb\":{\"@id\":\"https:\/\/www.ribaudiere.com\/es\/paquetes-de-vacaciones-en-el-poitou-charentes\/parques-con-animales\/#breadcrumb\"},\"inLanguage\":\"es\",\"potentialAction\":[{\"@type\":\"ReadAction\",\"target\":[\"https:\/\/www.ribaudiere.com\/es\/paquetes-de-vacaciones-en-el-poitou-charentes\/parques-con-animales\/\"]}]},{\"@type\":\"BreadcrumbList\",\"@id\":\"https:\/\/www.ribaudiere.com\/es\/paquetes-de-vacaciones-en-el-poitou-charentes\/parques-con-animales\/#breadcrumb\",\"itemListElement\":[{\"@type\":\"ListItem\",\"position\":1,\"name\":\"Accueil\",\"item\":\"https:\/\/www.ribaudiere.com\/es\/\"},{\"@type\":\"ListItem\",\"position\":2,\"name\":\"Saber m\u00e1s\",\"item\":\"https:\/\/www.ribaudiere.com\/es\/paquetes-de-vacaciones-en-el-poitou-charentes\/\"},{\"@type\":\"ListItem\",\"position\":3,\"name\":\"Parques con animales\"}]},{\"@type\":\"WebSite\",\"@id\":\"https:\/\/www.ribaudiere.com\/#website\",\"url\":\"https:\/\/www.ribaudiere.com\/\",\"name\":\"Le Clos de la Ribaudi\u00e8re\",\"description\":\"Un site utilisant WordPress\",\"potentialAction\":[{\"@type\":\"SearchAction\",\"target\":{\"@type\":\"EntryPoint\",\"urlTemplate\":\"https:\/\/www.ribaudiere.com\/?s={search_term_string}\"},\"query-input\":{\"@type\":\"PropertyValueSpecification\",\"valueRequired\":true,\"valueName\":\"search_term_string\"}}],\"inLanguage\":\"es\"}]}<\/script>\n<!-- \/ Yoast SEO plugin. -->","yoast_head_json":{"title":"Parques con animales - Le Clos de la Ribaudi\u00e8re","robots":{"index":"index","follow":"follow","max-snippet":"max-snippet:-1","max-image-preview":"max-image-preview:large","max-video-preview":"max-video-preview:-1"},"canonical":"https:\/\/www.ribaudiere.com\/es\/paquetes-de-vacaciones-en-el-poitou-charentes\/parques-con-animales\/","og_locale":"es_ES","og_type":"article","og_title":"Parques con animales - Le Clos de la Ribaudi\u00e8re","og_description":"[vc_row el_class=\u00bbfond-gris intro-inner\u00bb][vc_column width=\u00bb1\/6&#8243;][\/vc_column][vc_column width=\u00bb2\/3&#8243;][vc_custom_heading text=\u00bbParques con animales\u00bb font_container=\u00bbtag:h1|text_align:center\u00bb use_theme_fonts=\u00bbyes\u00bb][vc_column_text 0=\u00bb\u00bb] En la Vienne, el Clos de La Ribaudi\u00e8re est\u00e1 bien rodeado: los animales tienen una buena vida en los numerosos parques de animales del departamento. [\/vc_column_text][\/vc_column][vc_column width=\u00bb1\/6&#8243;][\/vc_column][\/vc_row][vc_row el_class=\u00bbborder-footer\u00bb][vc_column width=\u00bb1\/6&#8243;][\/vc_column][vc_column width=\u00bb2\/6&#8243;][vc_custom_heading text=\u00bbLos gigantes del cielo &#8211; Chauvigny\u00bb use_theme_fonts=\u00bbyes\u00bb][vc_column_text el_class=\u00bbcontentmargbottom\u00bb]Con vistas a la ciudad de Chauvigny, [&hellip;]","og_url":"https:\/\/www.ribaudiere.com\/es\/paquetes-de-vacaciones-en-el-poitou-charentes\/parques-con-animales\/","og_site_name":"Le Clos de la Ribaudi\u00e8re","article_modified_time":"2018-05-01T17:45:37+00:00","og_image":[{"url":"https:\/\/www.ribaudiere.com\/wp-content\/uploads\/2017\/12\/les-aigles-4.jpg","type":"","width":"","height":""}],"twitter_card":"summary_large_image","twitter_misc":{"Tiempo de lectura":"3 minutos"},"schema":{"@context":"https:\/\/schema.org","@graph":[{"@type":"WebPage","@id":"https:\/\/www.ribaudiere.com\/es\/paquetes-de-vacaciones-en-el-poitou-charentes\/parques-con-animales\/","url":"https:\/\/www.ribaudiere.com\/es\/paquetes-de-vacaciones-en-el-poitou-charentes\/parques-con-animales\/","name":"Parques con animales - Le Clos de la Ribaudi\u00e8re","isPartOf":{"@id":"https:\/\/www.ribaudiere.com\/#website"},"datePublished":"2018-04-30T16:49:10+00:00","dateModified":"2018-05-01T17:45:37+00:00","breadcrumb":{"@id":"https:\/\/www.ribaudiere.com\/es\/paquetes-de-vacaciones-en-el-poitou-charentes\/parques-con-animales\/#breadcrumb"},"inLanguage":"es","potentialAction":[{"@type":"ReadAction","target":["https:\/\/www.ribaudiere.com\/es\/paquetes-de-vacaciones-en-el-poitou-charentes\/parques-con-animales\/"]}]},{"@type":"BreadcrumbList","@id":"https:\/\/www.ribaudiere.com\/es\/paquetes-de-vacaciones-en-el-poitou-charentes\/parques-con-animales\/#breadcrumb","itemListElement":[{"@type":"ListItem","position":1,"name":"Accueil","item":"https:\/\/www.ribaudiere.com\/es\/"},{"@type":"ListItem","position":2,"name":"Saber m\u00e1s","item":"https:\/\/www.ribaudiere.com\/es\/paquetes-de-vacaciones-en-el-poitou-charentes\/"},{"@type":"ListItem","position":3,"name":"Parques con animales"}]},{"@type":"WebSite","@id":"https:\/\/www.ribaudiere.com\/#website","url":"https:\/\/www.ribaudiere.com\/","name":"Le Clos de la Ribaudi\u00e8re","description":"Un site utilisant WordPress","potentialAction":[{"@type":"SearchAction","target":{"@type":"EntryPoint","urlTemplate":"https:\/\/www.ribaudiere.com\/?s={search_term_string}"},"query-input":{"@type":"PropertyValueSpecification","valueRequired":true,"valueName":"search_term_string"}}],"inLanguage":"es"}]}},"_links":{"self":[{"href":"https:\/\/www.ribaudiere.com\/es\/wp-json\/wp\/v2\/pages\/8066","targetHints":{"allow":["GET"]}}],"collection":[{"href":"https:\/\/www.ribaudiere.com\/es\/wp-json\/wp\/v2\/pages"}],"about":[{"href":"https:\/\/www.ribaudiere.com\/es\/wp-json\/wp\/v2\/types\/page"}],"author":[{"embeddable":true,"href":"https:\/\/www.ribaudiere.com\/es\/wp-json\/wp\/v2\/users\/3"}],"replies":[{"embeddable":true,"href":"https:\/\/www.ribaudiere.com\/es\/wp-json\/wp\/v2\/comments?post=8066"}],"version-history":[{"count":3,"href":"https:\/\/www.ribaudiere.com\/es\/wp-json\/wp\/v2\/pages\/8066\/revisions"}],"predecessor-version":[{"id":8097,"href":"https:\/\/www.ribaudiere.com\/es\/wp-json\/wp\/v2\/pages\/8066\/revisions\/8097"}],"up":[{"embeddable":true,"href":"https:\/\/www.ribaudiere.com\/es\/wp-json\/wp\/v2\/pages\/1467"}],"wp:attachment":[{"href":"https:\/\/www.ribaudiere.com\/es\/wp-json\/wp\/v2\/media?parent=8066"}],"curies":[{"name":"wp","href":"https:\/\/api.w.org\/{rel}","templated":true}]}}